{"id":580,"date":"2019-06-21T15:06:35","date_gmt":"2019-06-21T22:06:35","guid":{"rendered":"http:\/\/www.rula.disabilityrightsca.org\/serr\/sp\/?page_id=580"},"modified":"2020-02-12T15:58:56","modified_gmt":"2020-02-12T23:58:56","slug":"2-36-que-puedo-hacer-si-creo-que-la-reevaluacion-se-realizo-de-manera-superficial-solo-para-cumplir-con-el-mandato-legal","status":"publish","type":"page","link":"https:\/\/serr.disabilityrightsca.org\/sp\/serr-manual\/capitulo-2-informacion-sobre-las-evaluaciones\/2-36-que-puedo-hacer-si-creo-que-la-reevaluacion-se-realizo-de-manera-superficial-solo-para-cumplir-con-el-mandato-legal\/","title":{"rendered":"(2.36) \u00bfQu\u00e9 puedo hacer si creo que la reevaluaci\u00f3n se realiz\u00f3 de manera superficial solo para cumplir con el mandato legal?"},"content":{"rendered":"\n<p>Todas la evaluaciones, incluida la reevaluaci\u00f3n cada tres a\u00f1os, deben realizarse seg\u00fan la ley estatal y federal. [Cal. Ed. Code Sec. 56381]. El plan de evaluaci\u00f3n del distrito escolar debe brindarle informaci\u00f3n suficiente para determinar la idoneidad de la evaluaci\u00f3n. Si el plan no es lo suficientemente integral, usted puede sugerir la realizaci\u00f3n de pruebas adicionales o solicitar que se posponga la reuni\u00f3n del IEP hasta que se pueda realizar una reevaluaci\u00f3n integral. La minuciosidad de la reevaluaci\u00f3n tambi\u00e9n se puede abordar en una audiencia de debido proceso, un reclamo por cumplimiento del estado o una solicitud de una IEE. [34 C.F.R. Sec.300.507(a)(1)]. <\/p>\n","protected":false},"excerpt":{"rendered":"<p>Todas la evaluaciones, incluida la reevaluaci\u00f3n cada tres a\u00f1os, deben realizarse seg\u00fan la ley estatal y federal. [Cal. Ed. Code Sec. 56381]. El plan de&hellip;<\/p>\n","protected":false},"author":1,"featured_media":0,"parent":324,"menu_order":36,"comment_status":"closed","ping_status":"closed","template":"","meta":{"footnotes":""},"class_list":["post-580","page","type-page","status-publish","hentry"],"_links":{"self":[{"href":"https:\/\/serr.disabilityrightsca.org\/sp\/wp-json\/wp\/v2\/pages\/580","targetHints":{"allow":["GET"]}}],"collection":[{"href":"https:\/\/serr.disabilityrightsca.org\/sp\/wp-json\/wp\/v2\/pages"}],"about":[{"href":"https:\/\/serr.disabilityrightsca.org\/sp\/wp-json\/wp\/v2\/types\/page"}],"author":[{"embeddable":true,"href":"https:\/\/serr.disabilityrightsca.org\/sp\/wp-json\/wp\/v2\/users\/1"}],"replies":[{"embeddable":true,"href":"https:\/\/serr.disabilityrightsca.org\/sp\/wp-json\/wp\/v2\/comments?post=580"}],"version-history":[{"count":5,"href":"https:\/\/serr.disabilityrightsca.org\/sp\/wp-json\/wp\/v2\/pages\/580\/revisions"}],"predecessor-version":[{"id":3380,"href":"https:\/\/serr.disabilityrightsca.org\/sp\/wp-json\/wp\/v2\/pages\/580\/revisions\/3380"}],"up":[{"embeddable":true,"href":"https:\/\/serr.disabilityrightsca.org\/sp\/wp-json\/wp\/v2\/pages\/324"}],"wp:attachment":[{"href":"https:\/\/serr.disabilityrightsca.org\/sp\/wp-json\/wp\/v2\/media?parent=580"}],"curies":[{"name":"wp","href":"https:\/\/api.w.org\/{rel}","templated":true}]}}