{"id":582,"date":"2019-06-21T15:08:28","date_gmt":"2019-06-21T22:08:28","guid":{"rendered":"http:\/\/www.rula.disabilityrightsca.org\/serr\/sp\/?page_id=582"},"modified":"2020-02-12T16:00:49","modified_gmt":"2020-02-13T00:00:49","slug":"2-37-mi-hijo-ha-sido-asignado-temporalmente-a-un-hospital-psiquiatrico-que-se-encuentra-en-otro-condado-quien-es-responsable-de-llevar-a-cabo-una-evaluacion-o-reevaluacion-de-educacion-especi","status":"publish","type":"page","link":"https:\/\/serr.disabilityrightsca.org\/sp\/serr-manual\/capitulo-2-informacion-sobre-las-evaluaciones\/2-37-mi-hijo-ha-sido-asignado-temporalmente-a-un-hospital-psiquiatrico-que-se-encuentra-en-otro-condado-quien-es-responsable-de-llevar-a-cabo-una-evaluacion-o-reevaluacion-de-educacion-especi\/","title":{"rendered":"(2.37) Mi hijo ha sido asignado temporalmente a un hospital psiqui\u00e1trico que se encuentra en otro condado. \u00bfQui\u00e9n es responsable de llevar a cabo una evaluaci\u00f3n o reevaluaci\u00f3n de educaci\u00f3n especial?"},"content":{"rendered":"\n<p> Los alumnos de educaci\u00f3n especial que han sido asignados a un hospital p\u00fablico, un hospital de ni\u00f1os estatal y autorizado, un hospital psiqui\u00e1trico, un hospital privado o un centro de salud para fines m\u00e9dicos son responsabilidad del distrito en t\u00e9rminos educativos, del \u00e1rea del plan local de educaci\u00f3n especial o de la Oficina de Educaci\u00f3n del Condado donde est\u00e9 ubicado el hospital o el establecimiento. [Cal. Ed. Code Secs. 56167 &amp; 56168(b)]. Por lo tanto, la reevaluaci\u00f3n est\u00e1 a cargo de la entidad  <\/p>\n","protected":false},"excerpt":{"rendered":"<p>Los alumnos de educaci\u00f3n especial que han sido asignados a un hospital p\u00fablico, un hospital de ni\u00f1os estatal y autorizado, un hospital psiqui\u00e1trico, un hospital&hellip;<\/p>\n","protected":false},"author":1,"featured_media":0,"parent":324,"menu_order":37,"comment_status":"closed","ping_status":"closed","template":"","meta":{"footnotes":""},"class_list":["post-582","page","type-page","status-publish","hentry"],"_links":{"self":[{"href":"https:\/\/serr.disabilityrightsca.org\/sp\/wp-json\/wp\/v2\/pages\/582","targetHints":{"allow":["GET"]}}],"collection":[{"href":"https:\/\/serr.disabilityrightsca.org\/sp\/wp-json\/wp\/v2\/pages"}],"about":[{"href":"https:\/\/serr.disabilityrightsca.org\/sp\/wp-json\/wp\/v2\/types\/page"}],"author":[{"embeddable":true,"href":"https:\/\/serr.disabilityrightsca.org\/sp\/wp-json\/wp\/v2\/users\/1"}],"replies":[{"embeddable":true,"href":"https:\/\/serr.disabilityrightsca.org\/sp\/wp-json\/wp\/v2\/comments?post=582"}],"version-history":[{"count":5,"href":"https:\/\/serr.disabilityrightsca.org\/sp\/wp-json\/wp\/v2\/pages\/582\/revisions"}],"predecessor-version":[{"id":3381,"href":"https:\/\/serr.disabilityrightsca.org\/sp\/wp-json\/wp\/v2\/pages\/582\/revisions\/3381"}],"up":[{"embeddable":true,"href":"https:\/\/serr.disabilityrightsca.org\/sp\/wp-json\/wp\/v2\/pages\/324"}],"wp:attachment":[{"href":"https:\/\/serr.disabilityrightsca.org\/sp\/wp-json\/wp\/v2\/media?parent=582"}],"curies":[{"name":"wp","href":"https:\/\/api.w.org\/{rel}","templated":true}]}}