{"id":586,"date":"2019-06-21T15:36:31","date_gmt":"2019-06-21T22:36:31","guid":{"rendered":"http:\/\/www.rula.disabilityrightsca.org\/serr\/sp\/?page_id=586"},"modified":"2020-08-07T15:13:27","modified_gmt":"2020-08-07T22:13:27","slug":"2-40-mi-hijo-debe-estar-incluido-en-las-evaluaciones-de-desempeno-regulares-de-la-escuela","status":"publish","type":"page","link":"https:\/\/serr.disabilityrightsca.org\/sp\/serr-manual\/capitulo-2-informacion-sobre-las-evaluaciones\/2-40-mi-hijo-debe-estar-incluido-en-las-evaluaciones-de-desempeno-regulares-de-la-escuela\/","title":{"rendered":"(2.40) \u00bfMi hijo debe estar incluido en las evaluaciones de desempe\u00f1o regulares de la escuela?"},"content":{"rendered":"\n<p>S\u00ed. La ley federal exige la participaci\u00f3n de alumnos con discapacidades en las evaluaciones de logros del estado y del distrito con adaptaciones individuales apropiadas, cuando fuera necesario. Se debe documentar en el IEP del alumno la participaci\u00f3n en estas evaluaciones y las adaptaciones individuales apropiadas que fueron necesarias. [34 C.F.R. Sec. 300.320(a)(6); Cal. Ed. Code Secs. 56345(a)(5) &amp; (6)]. Para obtener un an\u00e1lisis completo de los derechos de su hijo en relaci\u00f3n con estas evaluaciones, consulte el <a href=\"https:\/\/serr.disabilityrightsca.org\/sp\/serr-manual\/capitulo-11-informacion-sobre-las-evaluaciones-estatales-y-los-requisitos-para-la-graduacion\/\">cap\u00edtulo 11, <em>Informaci\u00f3n sobre las evaluaciones del distrito y los requisitos para la graduaci\u00f3n.<\/em><\/a><\/p>\n\n\n\n<p>Adem\u00e1s, el equipo del IEP puede eximir\na los alumnos de realizarlas. Si el equipo del IEP determina que su hijo no\nparticipar\u00e1 en las evaluaciones del estado o del distrito (o en parte de una\nevaluaci\u00f3n), se deber\u00e1 incluir en el IEP los motivos por los cuales <\/p>\n\n\n\n<p>estas no son apropiadas para su hijo y\nc\u00f3mo se lo evaluar\u00e1. [20 U.S.C.\nSecs. 1412(a)(16) &amp; 1414(d)(1)(A)(i)(VI)(bb); 34 C.F.R. Sec.\n300.320(a)(6)(ii); Cal. Ed. Code Sec. 56345(a)(6)(B)].<\/p>\n","protected":false},"excerpt":{"rendered":"<p>S\u00ed. La ley federal exige la participaci\u00f3n de alumnos con discapacidades en las evaluaciones de logros del estado y del distrito con adaptaciones individuales apropiadas,&hellip;<\/p>\n","protected":false},"author":1,"featured_media":0,"parent":324,"menu_order":40,"comment_status":"closed","ping_status":"closed","template":"","meta":{"footnotes":""},"class_list":["post-586","page","type-page","status-publish","hentry"],"_links":{"self":[{"href":"https:\/\/serr.disabilityrightsca.org\/sp\/wp-json\/wp\/v2\/pages\/586","targetHints":{"allow":["GET"]}}],"collection":[{"href":"https:\/\/serr.disabilityrightsca.org\/sp\/wp-json\/wp\/v2\/pages"}],"about":[{"href":"https:\/\/serr.disabilityrightsca.org\/sp\/wp-json\/wp\/v2\/types\/page"}],"author":[{"embeddable":true,"href":"https:\/\/serr.disabilityrightsca.org\/sp\/wp-json\/wp\/v2\/users\/1"}],"replies":[{"embeddable":true,"href":"https:\/\/serr.disabilityrightsca.org\/sp\/wp-json\/wp\/v2\/comments?post=586"}],"version-history":[{"count":7,"href":"https:\/\/serr.disabilityrightsca.org\/sp\/wp-json\/wp\/v2\/pages\/586\/revisions"}],"predecessor-version":[{"id":4213,"href":"https:\/\/serr.disabilityrightsca.org\/sp\/wp-json\/wp\/v2\/pages\/586\/revisions\/4213"}],"up":[{"embeddable":true,"href":"https:\/\/serr.disabilityrightsca.org\/sp\/wp-json\/wp\/v2\/pages\/324"}],"wp:attachment":[{"href":"https:\/\/serr.disabilityrightsca.org\/sp\/wp-json\/wp\/v2\/media?parent=586"}],"curies":[{"name":"wp","href":"https:\/\/api.w.org\/{rel}","templated":true}]}}