{"id":592,"date":"2019-06-21T15:53:27","date_gmt":"2019-06-21T22:53:27","guid":{"rendered":"http:\/\/www.rula.disabilityrightsca.org\/serr\/sp\/?page_id=592"},"modified":"2020-02-12T16:27:30","modified_gmt":"2020-02-13T00:27:30","slug":"2-43-el-distrito-debe-evaluar-a-mi-hijo-antes-de-que-deje-de-reunir-los-requisitos-para-recibir-educacion-especial-por-la-edad-o-por-graduarse-con-un-titulo-regular","status":"publish","type":"page","link":"https:\/\/serr.disabilityrightsca.org\/sp\/serr-manual\/capitulo-2-informacion-sobre-las-evaluaciones\/2-43-el-distrito-debe-evaluar-a-mi-hijo-antes-de-que-deje-de-reunir-los-requisitos-para-recibir-educacion-especial-por-la-edad-o-por-graduarse-con-un-titulo-regular\/","title":{"rendered":"(2.43) \u00bfEl distrito debe evaluar a mi hijo antes de que deje de reunir los requisitos para recibir educaci\u00f3n especial por la edad o por graduarse con un t\u00edtulo regular?"},"content":{"rendered":"\n<p>El distrito no tiene que evaluar a un alumno que perder\u00e1 la elegibilidad para recibir educaci\u00f3n especial por superar el l\u00edmite de edad o porque se grad\u00faa con un t\u00edtulo regular de la escuela secundaria. En el caso de los alumnos que no han alcanzado el l\u00edmite de edad o no se han graduado, el distrito debe evaluarlos antes de determinar que ya no presentan una discapacidad que califique. [34 C.F.R. Sec. 300.305(e)(2); Cal. Ed. Code Sec. 56381(i)]. <\/p>\n","protected":false},"excerpt":{"rendered":"<p>El distrito no tiene que evaluar a un alumno que perder\u00e1 la elegibilidad para recibir educaci\u00f3n especial por superar el l\u00edmite de edad o porque&hellip;<\/p>\n","protected":false},"author":1,"featured_media":0,"parent":324,"menu_order":43,"comment_status":"closed","ping_status":"closed","template":"","meta":{"footnotes":""},"class_list":["post-592","page","type-page","status-publish","hentry"],"_links":{"self":[{"href":"https:\/\/serr.disabilityrightsca.org\/sp\/wp-json\/wp\/v2\/pages\/592","targetHints":{"allow":["GET"]}}],"collection":[{"href":"https:\/\/serr.disabilityrightsca.org\/sp\/wp-json\/wp\/v2\/pages"}],"about":[{"href":"https:\/\/serr.disabilityrightsca.org\/sp\/wp-json\/wp\/v2\/types\/page"}],"author":[{"embeddable":true,"href":"https:\/\/serr.disabilityrightsca.org\/sp\/wp-json\/wp\/v2\/users\/1"}],"replies":[{"embeddable":true,"href":"https:\/\/serr.disabilityrightsca.org\/sp\/wp-json\/wp\/v2\/comments?post=592"}],"version-history":[{"count":5,"href":"https:\/\/serr.disabilityrightsca.org\/sp\/wp-json\/wp\/v2\/pages\/592\/revisions"}],"predecessor-version":[{"id":3388,"href":"https:\/\/serr.disabilityrightsca.org\/sp\/wp-json\/wp\/v2\/pages\/592\/revisions\/3388"}],"up":[{"embeddable":true,"href":"https:\/\/serr.disabilityrightsca.org\/sp\/wp-json\/wp\/v2\/pages\/324"}],"wp:attachment":[{"href":"https:\/\/serr.disabilityrightsca.org\/sp\/wp-json\/wp\/v2\/media?parent=592"}],"curies":[{"name":"wp","href":"https:\/\/api.w.org\/{rel}","templated":true}]}}