{"id":598,"date":"2019-07-15T10:52:47","date_gmt":"2019-07-15T17:52:47","guid":{"rendered":"http:\/\/www.rula.disabilityrightsca.org\/serr\/sp\/?page_id=598"},"modified":"2020-02-12T16:34:43","modified_gmt":"2020-02-13T00:34:43","slug":"2-46-el-cde-tomo-alguna-medida-especifica-para-implementar-el-fallo-del-caso-larry-p","status":"publish","type":"page","link":"https:\/\/serr.disabilityrightsca.org\/sp\/serr-manual\/capitulo-2-informacion-sobre-las-evaluaciones\/2-46-el-cde-tomo-alguna-medida-especifica-para-implementar-el-fallo-del-caso-larry-p\/","title":{"rendered":"(2.46) \u00bfEl CDE tom\u00f3 alguna medida espec\u00edfica para implementar el fallo del caso Larry P.?"},"content":{"rendered":"\n<p>El Departamento de Educaci\u00f3n de\nCalifornia emiti\u00f3 una directiva a nivel estatal para todos los maestros de\neducaci\u00f3n especial con el objetivo de aclarar el uso de las pruebas de cociente\nintelectual en las evaluaciones de los alumnos afroamericanos para determinar\nsi re\u00fanen los requisitos para recibir servicios de educaci\u00f3n especial. Los\ncomponentes claves de la directiva son los siguientes:<\/p>\n\n\n\n<ol class=\"wp-block-list\"><li>(Los distritos escolares no deben utilizar pruebas de inteligencia para evaluar alumnos afroamericanos que han sido derivados para determinar si re\u00fanen los requisitos para recibir servicios de educaci\u00f3n especial; <\/li><li>En lugar de pruebas de cociente intelectual, los distritos deben utilizar medios alternativos de evaluaci\u00f3n para determinar la identificaci\u00f3n y asignaci\u00f3n (por ejemplo, evaluaci\u00f3n del desarrollo y antecedentes personales del alumno, conducta adaptativa, desempe\u00f1o en el aula, logros acad\u00e9micos, e instrumentos de evaluaci\u00f3n dise\u00f1ados para se\u00f1alar informaci\u00f3n espec\u00edfica relativa a las capacidades e incapacidades del alumno en \u00e1reas de habilidades espec\u00edficas);<\/li><li>No se deben administrar pruebas de cociente intelectual a alumnos afroamericanos, aunque tengan el consentimiento de sus padres; <\/li><li> Cuando un distrito escolar reciba documentos con protocolos de las pruebas de otros organismos o asesores independientes, se deben enviar a los padres. No se deber\u00e1n incluir los puntajes de cociente intelectual de estos documentos en los registros escolares actuales del alumno.<\/li><li> No existen fines relacionados con la educaci\u00f3n especial para los cuales se deban administrar las pruebas de cociente intelectual a alumnos afroamericanos; <\/li><li>Las pruebas de cociente intelectual no deber\u00e1n utilizarse para determinar si un alumno afroamericano tiene una discapacidad de aprendizaje, porque es posible que el puntaje obtenido derive posteriormente en que lo identifiquen con una discapacidad intelectual; <\/li><li>La prohibici\u00f3n de las pruebas de cociente intelectual contin\u00faa vigente aunque ya no se asigna a los alumnos a clases especiales de d\u00eda, denominadas EMR; <\/li><li>Esta directiva prevalece sobre todas las notificaciones anteriores en cuanto al significado y el efecto de la decisi\u00f3n del tribunal en el caso <em>Larry P. v. Riles<\/em>. [CDE, <em>Larry P<\/em>. Directive, 1986]. <\/li><\/ol>\n","protected":false},"excerpt":{"rendered":"<p>El Departamento de Educaci\u00f3n de California emiti\u00f3 una directiva a nivel estatal para todos los maestros de educaci\u00f3n especial con el objetivo de aclarar el&hellip;<\/p>\n","protected":false},"author":1,"featured_media":0,"parent":324,"menu_order":46,"comment_status":"closed","ping_status":"closed","template":"","meta":{"footnotes":""},"class_list":["post-598","page","type-page","status-publish","hentry"],"_links":{"self":[{"href":"https:\/\/serr.disabilityrightsca.org\/sp\/wp-json\/wp\/v2\/pages\/598","targetHints":{"allow":["GET"]}}],"collection":[{"href":"https:\/\/serr.disabilityrightsca.org\/sp\/wp-json\/wp\/v2\/pages"}],"about":[{"href":"https:\/\/serr.disabilityrightsca.org\/sp\/wp-json\/wp\/v2\/types\/page"}],"author":[{"embeddable":true,"href":"https:\/\/serr.disabilityrightsca.org\/sp\/wp-json\/wp\/v2\/users\/1"}],"replies":[{"embeddable":true,"href":"https:\/\/serr.disabilityrightsca.org\/sp\/wp-json\/wp\/v2\/comments?post=598"}],"version-history":[{"count":5,"href":"https:\/\/serr.disabilityrightsca.org\/sp\/wp-json\/wp\/v2\/pages\/598\/revisions"}],"predecessor-version":[{"id":3392,"href":"https:\/\/serr.disabilityrightsca.org\/sp\/wp-json\/wp\/v2\/pages\/598\/revisions\/3392"}],"up":[{"embeddable":true,"href":"https:\/\/serr.disabilityrightsca.org\/sp\/wp-json\/wp\/v2\/pages\/324"}],"wp:attachment":[{"href":"https:\/\/serr.disabilityrightsca.org\/sp\/wp-json\/wp\/v2\/media?parent=598"}],"curies":[{"name":"wp","href":"https:\/\/api.w.org\/{rel}","templated":true}]}}