{"id":619,"date":"2019-07-15T11:00:57","date_gmt":"2019-07-15T18:00:57","guid":{"rendered":"http:\/\/www.rula.disabilityrightsca.org\/serr\/sp\/?page_id=619"},"modified":"2020-02-12T16:35:56","modified_gmt":"2020-02-13T00:35:56","slug":"2-47-el-caso-larry-p-afecta-a-todos-los-ninos-que-pueden-necesitar-evaluaciones-de-educacion-especial","status":"publish","type":"page","link":"https:\/\/serr.disabilityrightsca.org\/sp\/serr-manual\/capitulo-2-informacion-sobre-las-evaluaciones\/2-47-el-caso-larry-p-afecta-a-todos-los-ninos-que-pueden-necesitar-evaluaciones-de-educacion-especial\/","title":{"rendered":"(2.47) \u00bfEl caso Larry P. afecta a todos los ni\u00f1os que pueden necesitar evaluaciones de educaci\u00f3n especial?"},"content":{"rendered":"\n<p>No. El fallo se aplica \u00fanicamente a los alumnos afroamericanos que pueden necesitar servicios de educaci\u00f3n especial. Sin embargo, algunos distritos locales lo han ampliado por su cuenta para incluir a todos los ni\u00f1os.<\/p>\n","protected":false},"excerpt":{"rendered":"<p>No. El fallo se aplica \u00fanicamente a los alumnos afroamericanos que pueden necesitar servicios de educaci\u00f3n especial. Sin embargo, algunos distritos locales lo han ampliado&hellip;<\/p>\n","protected":false},"author":1,"featured_media":0,"parent":324,"menu_order":47,"comment_status":"closed","ping_status":"closed","template":"","meta":{"footnotes":""},"class_list":["post-619","page","type-page","status-publish","hentry"],"_links":{"self":[{"href":"https:\/\/serr.disabilityrightsca.org\/sp\/wp-json\/wp\/v2\/pages\/619","targetHints":{"allow":["GET"]}}],"collection":[{"href":"https:\/\/serr.disabilityrightsca.org\/sp\/wp-json\/wp\/v2\/pages"}],"about":[{"href":"https:\/\/serr.disabilityrightsca.org\/sp\/wp-json\/wp\/v2\/types\/page"}],"author":[{"embeddable":true,"href":"https:\/\/serr.disabilityrightsca.org\/sp\/wp-json\/wp\/v2\/users\/1"}],"replies":[{"embeddable":true,"href":"https:\/\/serr.disabilityrightsca.org\/sp\/wp-json\/wp\/v2\/comments?post=619"}],"version-history":[{"count":5,"href":"https:\/\/serr.disabilityrightsca.org\/sp\/wp-json\/wp\/v2\/pages\/619\/revisions"}],"predecessor-version":[{"id":3393,"href":"https:\/\/serr.disabilityrightsca.org\/sp\/wp-json\/wp\/v2\/pages\/619\/revisions\/3393"}],"up":[{"embeddable":true,"href":"https:\/\/serr.disabilityrightsca.org\/sp\/wp-json\/wp\/v2\/pages\/324"}],"wp:attachment":[{"href":"https:\/\/serr.disabilityrightsca.org\/sp\/wp-json\/wp\/v2\/media?parent=619"}],"curies":[{"name":"wp","href":"https:\/\/api.w.org\/{rel}","templated":true}]}}