{"id":631,"date":"2019-07-15T11:22:33","date_gmt":"2019-07-15T18:22:33","guid":{"rendered":"http:\/\/www.rula.disabilityrightsca.org\/serr\/sp\/?page_id=631"},"modified":"2020-02-20T10:00:59","modified_gmt":"2020-02-20T18:00:59","slug":"2-50-cual-es-el-efecto-de-los-casos-diana-and-larry-p-en-las-evaluaciones-de-educacion-especial-para-alumnos-de-otras-minorias-etnicas-y-linguisticas","status":"publish","type":"page","link":"https:\/\/serr.disabilityrightsca.org\/sp\/serr-manual\/capitulo-2-informacion-sobre-las-evaluaciones\/2-50-cual-es-el-efecto-de-los-casos-diana-and-larry-p-en-las-evaluaciones-de-educacion-especial-para-alumnos-de-otras-minorias-etnicas-y-linguisticas\/","title":{"rendered":"(2.50) \u00bfCu\u00e1l es el efecto de los casos Diana and Larry P. en las evaluaciones de educaci\u00f3n especial para alumnos de otras minor\u00edas \u00e9tnicas y ling\u00fc\u00edsticas?"},"content":{"rendered":"\n<p>Ning\u00fan alumno que se\neval\u00faa para determinar si es elegible para recibir educaci\u00f3n especial y\nservicios debe ser discriminado ni asignado a clases de educaci\u00f3n especial por\nno hablar en ingl\u00e9s. Como en el caso <em>Larry\nP<\/em>., las pruebas administradas deben ser imparciales y v\u00e1lidas en t\u00e9rminos\nculturales. Por lo tanto, los fallos de los casos <em>Diana and Larry P<\/em>., junto con las garant\u00edas de las evaluaciones\nfederales y estatales, refuerzan la obligaci\u00f3n de los distritos escolares de\nsatisfacer las necesidades ling\u00fc\u00edsticas y culturales de los alumnos\npertenecientes a minor\u00edas \u00e9tnicas y ling\u00fc\u00edsticas en el proceso de evaluaci\u00f3n,\nas\u00ed como tambi\u00e9n en la prestaci\u00f3n de servicios de educaci\u00f3n especial.<\/p>\n\n\n\n<p>Actualmente, existen muy pocas\nevaluaciones de educaci\u00f3n especial especialmente dise\u00f1adas para los alumnos de\notras minor\u00edas \u00e9tnicas y ling\u00fc\u00edsticas. Por lo general, la evaluaci\u00f3n de\neducaci\u00f3n especial se lleva a cabo con las pruebas habituales que se\nadministran a la mayor\u00eda de los alumnos. Por lo tanto, en el caso de los\nalumnos con una competencia limitada en ingl\u00e9s (English-limited, EL), es\nfundamental que el evaluador domine su lengua materna.<\/p>\n","protected":false},"excerpt":{"rendered":"<p>Ning\u00fan alumno que se eval\u00faa para determinar si es elegible para recibir educaci\u00f3n especial y servicios debe ser discriminado ni asignado a clases de educaci\u00f3n&hellip;<\/p>\n","protected":false},"author":1,"featured_media":0,"parent":324,"menu_order":50,"comment_status":"closed","ping_status":"closed","template":"","meta":{"footnotes":""},"class_list":["post-631","page","type-page","status-publish","hentry"],"_links":{"self":[{"href":"https:\/\/serr.disabilityrightsca.org\/sp\/wp-json\/wp\/v2\/pages\/631","targetHints":{"allow":["GET"]}}],"collection":[{"href":"https:\/\/serr.disabilityrightsca.org\/sp\/wp-json\/wp\/v2\/pages"}],"about":[{"href":"https:\/\/serr.disabilityrightsca.org\/sp\/wp-json\/wp\/v2\/types\/page"}],"author":[{"embeddable":true,"href":"https:\/\/serr.disabilityrightsca.org\/sp\/wp-json\/wp\/v2\/users\/1"}],"replies":[{"embeddable":true,"href":"https:\/\/serr.disabilityrightsca.org\/sp\/wp-json\/wp\/v2\/comments?post=631"}],"version-history":[{"count":5,"href":"https:\/\/serr.disabilityrightsca.org\/sp\/wp-json\/wp\/v2\/pages\/631\/revisions"}],"predecessor-version":[{"id":3397,"href":"https:\/\/serr.disabilityrightsca.org\/sp\/wp-json\/wp\/v2\/pages\/631\/revisions\/3397"}],"up":[{"embeddable":true,"href":"https:\/\/serr.disabilityrightsca.org\/sp\/wp-json\/wp\/v2\/pages\/324"}],"wp:attachment":[{"href":"https:\/\/serr.disabilityrightsca.org\/sp\/wp-json\/wp\/v2\/media?parent=631"}],"curies":[{"name":"wp","href":"https:\/\/api.w.org\/{rel}","templated":true}]}}