{"id":649,"date":"2019-07-15T13:43:33","date_gmt":"2019-07-15T20:43:33","guid":{"rendered":"http:\/\/www.rula.disabilityrightsca.org\/serr\/sp\/?page_id=649"},"modified":"2020-07-06T10:24:58","modified_gmt":"2020-07-06T17:24:58","slug":"5-4-los-distritos-escolares-son-responsables-de-la-provision-cuidado-o-reemplazo-del-dispositivo-implantado-quirurgicamente-de-un-nino-tales-como-un-implante-coclear","status":"publish","type":"page","link":"https:\/\/serr.disabilityrightsca.org\/sp\/serr-manual\/capitulo-5-informacion-sobre-los-servicios-relacionados\/5-4-los-distritos-escolares-son-responsables-de-la-provision-cuidado-o-reemplazo-del-dispositivo-implantado-quirurgicamente-de-un-nino-tales-como-un-implante-coclear\/","title":{"rendered":"(5.4) \u00bfLos distritos escolares son responsables de la provisi\u00f3n, cuidado o reemplazo del dispositivo implantado quir\u00fargicamente de un ni\u00f1o, tales como un implante coclear?"},"content":{"rendered":"\n<p>De conformidad con la ley federal y de California, los servicios relacionados no incluyen a los dispositivos m\u00e9dicos que se implantan quir\u00fargicamente, tales como los implantes cocleares o el reemplazo de tales dispositivos. [20 U.S.C. Sec. 1401(26)(B); 34 C.F.R. Sec. 300.34(b); Cal. Ed. Code Sec. 56363(c)]. Sin embargo, la ley no proh\u00edbe la verificaci\u00f3n de rutina de los componentes externos de un dispositivo para verificar que el mismo est\u00e9 funcionando correctamente. [34 C.F.R. Sec. 300.34(b)(2)(iii)]. Adem\u00e1s, el distrito escolar es responsable de \u201ccontrolar y conservar adecuadamente los dispositivos m\u00e9dicos necesarios para mantener la salud y seguridad del ni\u00f1o, incluida la respiraci\u00f3n, nutrici\u00f3n o funcionamiento de otras funciones corporales, mientras el ni\u00f1o se traslada desde o hacia la escuela o mientras se encuentra en la escuela\u201d. [34 C.F.R. Sec. 300.34(b)(2)(ii)].<\/p>\n","protected":false},"excerpt":{"rendered":"<p>De conformidad con la ley federal y de California, los servicios relacionados no incluyen a los dispositivos m\u00e9dicos que se implantan quir\u00fargicamente, tales como los&hellip;<\/p>\n","protected":false},"author":1,"featured_media":0,"parent":335,"menu_order":4,"comment_status":"closed","ping_status":"closed","template":"","meta":{"footnotes":""},"class_list":["post-649","page","type-page","status-publish","hentry"],"_links":{"self":[{"href":"https:\/\/serr.disabilityrightsca.org\/sp\/wp-json\/wp\/v2\/pages\/649","targetHints":{"allow":["GET"]}}],"collection":[{"href":"https:\/\/serr.disabilityrightsca.org\/sp\/wp-json\/wp\/v2\/pages"}],"about":[{"href":"https:\/\/serr.disabilityrightsca.org\/sp\/wp-json\/wp\/v2\/types\/page"}],"author":[{"embeddable":true,"href":"https:\/\/serr.disabilityrightsca.org\/sp\/wp-json\/wp\/v2\/users\/1"}],"replies":[{"embeddable":true,"href":"https:\/\/serr.disabilityrightsca.org\/sp\/wp-json\/wp\/v2\/comments?post=649"}],"version-history":[{"count":5,"href":"https:\/\/serr.disabilityrightsca.org\/sp\/wp-json\/wp\/v2\/pages\/649\/revisions"}],"predecessor-version":[{"id":3651,"href":"https:\/\/serr.disabilityrightsca.org\/sp\/wp-json\/wp\/v2\/pages\/649\/revisions\/3651"}],"up":[{"embeddable":true,"href":"https:\/\/serr.disabilityrightsca.org\/sp\/wp-json\/wp\/v2\/pages\/335"}],"wp:attachment":[{"href":"https:\/\/serr.disabilityrightsca.org\/sp\/wp-json\/wp\/v2\/media?parent=649"}],"curies":[{"name":"wp","href":"https:\/\/api.w.org\/{rel}","templated":true}]}}