{"id":652,"date":"2019-07-15T13:45:03","date_gmt":"2019-07-15T20:45:03","guid":{"rendered":"http:\/\/www.rula.disabilityrightsca.org\/serr\/sp\/?page_id=652"},"modified":"2020-07-06T10:55:39","modified_gmt":"2020-07-06T17:55:39","slug":"5-5-los-padres-deben-abonar-los-servicios-relacionados","status":"publish","type":"page","link":"https:\/\/serr.disabilityrightsca.org\/sp\/serr-manual\/capitulo-5-informacion-sobre-los-servicios-relacionados\/5-5-los-padres-deben-abonar-los-servicios-relacionados\/","title":{"rendered":"(5.5) \u00bfLos padres deben abonar los servicios relacionados?"},"content":{"rendered":"\n<p> Todos los servicios relacionados deben ser brindados sin cargo para los padres. En la mayor\u00eda de los casos, su distrito escolar es responsable de brindar los servicios relacionados de forma directa o de contratar a terceros id\u00f3neos. De conformidad con la ley de California, en la actualidad, la terapia ocupacional y f\u00edsica necesarias para un ni\u00f1o, tanto por razones m\u00e9dicas como educativas, se proporcionan a trav\u00e9s de los Servicios para los Ni\u00f1os de California (California Children\u2019s Services, CCS). [Cal. Gov. Code Secs. 7572 and 7575]. Si los Servicios para los Ni\u00f1os de California dejaran de proporcionar servicios de terapia, por la raz\u00f3n que fuere, y puede acreditar que su hijo necesita tales servicios, como parte de su educaci\u00f3n especial, el distrito escolar es responsable de proporcionar los servicios de terapia, incluso si eso implica contratarlos. [34 C.F.R. Sec. 300.154(b)]. Los reclamos vinculados a los servicios relacionados se resuelven de la misma manera que los reclamos por cualquier aspecto del programa de educaci\u00f3n especial de su hijo. [Consulte el cap\u00edtulo 6, <em>Informaci\u00f3n sobre el debido proceso y los procedimientos de cumplimiento<\/em>, y el cap\u00edtulo 9, <em>Informaci\u00f3n sobre servicios entre entidades (AB 3632)<\/em>.]  <\/p>\n","protected":false},"excerpt":{"rendered":"<p>Todos los servicios relacionados deben ser brindados sin cargo para los padres. En la mayor\u00eda de los casos, su distrito escolar es responsable de brindar&hellip;<\/p>\n","protected":false},"author":1,"featured_media":0,"parent":335,"menu_order":5,"comment_status":"closed","ping_status":"closed","template":"","meta":{"footnotes":""},"class_list":["post-652","page","type-page","status-publish","hentry"],"_links":{"self":[{"href":"https:\/\/serr.disabilityrightsca.org\/sp\/wp-json\/wp\/v2\/pages\/652","targetHints":{"allow":["GET"]}}],"collection":[{"href":"https:\/\/serr.disabilityrightsca.org\/sp\/wp-json\/wp\/v2\/pages"}],"about":[{"href":"https:\/\/serr.disabilityrightsca.org\/sp\/wp-json\/wp\/v2\/types\/page"}],"author":[{"embeddable":true,"href":"https:\/\/serr.disabilityrightsca.org\/sp\/wp-json\/wp\/v2\/users\/1"}],"replies":[{"embeddable":true,"href":"https:\/\/serr.disabilityrightsca.org\/sp\/wp-json\/wp\/v2\/comments?post=652"}],"version-history":[{"count":5,"href":"https:\/\/serr.disabilityrightsca.org\/sp\/wp-json\/wp\/v2\/pages\/652\/revisions"}],"predecessor-version":[{"id":3652,"href":"https:\/\/serr.disabilityrightsca.org\/sp\/wp-json\/wp\/v2\/pages\/652\/revisions\/3652"}],"up":[{"embeddable":true,"href":"https:\/\/serr.disabilityrightsca.org\/sp\/wp-json\/wp\/v2\/pages\/335"}],"wp:attachment":[{"href":"https:\/\/serr.disabilityrightsca.org\/sp\/wp-json\/wp\/v2\/media?parent=652"}],"curies":[{"name":"wp","href":"https:\/\/api.w.org\/{rel}","templated":true}]}}