{"id":654,"date":"2019-07-15T13:46:43","date_gmt":"2019-07-15T20:46:43","guid":{"rendered":"http:\/\/www.rula.disabilityrightsca.org\/serr\/sp\/?page_id=654"},"modified":"2020-07-06T12:09:04","modified_gmt":"2020-07-06T19:09:04","slug":"5-6-cual-es-la-diferencia-entre-los-servicios-relacionados-y-los-servicios-e-instruccion-designados-dis","status":"publish","type":"page","link":"https:\/\/serr.disabilityrightsca.org\/sp\/serr-manual\/capitulo-5-informacion-sobre-los-servicios-relacionados\/5-6-cual-es-la-diferencia-entre-los-servicios-relacionados-y-los-servicios-e-instruccion-designados-dis\/","title":{"rendered":"(5.6) \u00bfCu\u00e1l es la diferencia entre los \u201cservicios relacionados\u201d y los \u201cservicios e instrucci\u00f3n designados\u201d (DIS)?"},"content":{"rendered":"\n<p>Los \u201cservicios e instrucci\u00f3n designados\u201d (DIS) son la versi\u00f3n californiana del t\u00e9rmino \u201cservicios relacionados\u201d. [5 C.C.R. Sec. 3051; Cal. Ed. Code Sec. 56363]. La definici\u00f3n de California de DIS concuerda, b\u00e1sicamente, con la definici\u00f3n federal de servicios relacionados. El derecho de un alumno a la educaci\u00f3n especial y los servicios relacionados es un derecho reconocido en la ley federal y estatal, y no debe aplicarse de manera que se niegue la prestaci\u00f3n a la que tendr\u00eda derecho un ni\u00f1o de conformidad con la ley federal. <\/p>\n","protected":false},"excerpt":{"rendered":"<p>Los \u201cservicios e instrucci\u00f3n designados\u201d (DIS) son la versi\u00f3n californiana del t\u00e9rmino \u201cservicios relacionados\u201d. [5 C.C.R. Sec. 3051; Cal. Ed. Code Sec. 56363]. La definici\u00f3n&hellip;<\/p>\n","protected":false},"author":1,"featured_media":0,"parent":335,"menu_order":6,"comment_status":"closed","ping_status":"closed","template":"","meta":{"footnotes":""},"class_list":["post-654","page","type-page","status-publish","hentry"],"_links":{"self":[{"href":"https:\/\/serr.disabilityrightsca.org\/sp\/wp-json\/wp\/v2\/pages\/654","targetHints":{"allow":["GET"]}}],"collection":[{"href":"https:\/\/serr.disabilityrightsca.org\/sp\/wp-json\/wp\/v2\/pages"}],"about":[{"href":"https:\/\/serr.disabilityrightsca.org\/sp\/wp-json\/wp\/v2\/types\/page"}],"author":[{"embeddable":true,"href":"https:\/\/serr.disabilityrightsca.org\/sp\/wp-json\/wp\/v2\/users\/1"}],"replies":[{"embeddable":true,"href":"https:\/\/serr.disabilityrightsca.org\/sp\/wp-json\/wp\/v2\/comments?post=654"}],"version-history":[{"count":4,"href":"https:\/\/serr.disabilityrightsca.org\/sp\/wp-json\/wp\/v2\/pages\/654\/revisions"}],"predecessor-version":[{"id":3653,"href":"https:\/\/serr.disabilityrightsca.org\/sp\/wp-json\/wp\/v2\/pages\/654\/revisions\/3653"}],"up":[{"embeddable":true,"href":"https:\/\/serr.disabilityrightsca.org\/sp\/wp-json\/wp\/v2\/pages\/335"}],"wp:attachment":[{"href":"https:\/\/serr.disabilityrightsca.org\/sp\/wp-json\/wp\/v2\/media?parent=654"}],"curies":[{"name":"wp","href":"https:\/\/api.w.org\/{rel}","templated":true}]}}