{"id":659,"date":"2019-07-15T13:49:31","date_gmt":"2019-07-15T20:49:31","guid":{"rendered":"http:\/\/www.rula.disabilityrightsca.org\/serr\/sp\/?page_id=659"},"modified":"2020-07-06T12:43:49","modified_gmt":"2020-07-06T19:43:49","slug":"5-8-cual-seria-un-ejemplo-de-un-servicio-necesario-que-no-es-considerado-relacionado-para-la-educacion","status":"publish","type":"page","link":"https:\/\/serr.disabilityrightsca.org\/sp\/serr-manual\/capitulo-5-informacion-sobre-los-servicios-relacionados\/5-8-cual-seria-un-ejemplo-de-un-servicio-necesario-que-no-es-considerado-relacionado-para-la-educacion\/","title":{"rendered":"(5.8) \u00bfCu\u00e1l ser\u00eda un ejemplo de un servicio necesario que no es considerado \u201crelacionado\u201d para la educaci\u00f3n?"},"content":{"rendered":"\n<p>Un alumno y su familia podr\u00edan requerir de los servicios de trabajo social debido a problemas en el hogar. Sin embargo, a pesar de sus problemas familiares, est\u00e1 progresando apropiadamente en la escuela. El alumno necesita el servicio, pero no por razones educativas. Si su desempe\u00f1o no fuera el adecuado como consecuencia de problemas familiares, los servicios de trabajo social podr\u00edan estar \u201crelacionados\u201d con su capacidad para progresar en la escuela. En tal caso, los servicios ser\u00edan responsabilidad del distrito. <\/p>\n","protected":false},"excerpt":{"rendered":"<p>Un alumno y su familia podr\u00edan requerir de los servicios de trabajo social debido a problemas en el hogar. Sin embargo, a pesar de sus&hellip;<\/p>\n","protected":false},"author":1,"featured_media":0,"parent":335,"menu_order":8,"comment_status":"closed","ping_status":"closed","template":"","meta":{"footnotes":""},"class_list":["post-659","page","type-page","status-publish","hentry"],"_links":{"self":[{"href":"https:\/\/serr.disabilityrightsca.org\/sp\/wp-json\/wp\/v2\/pages\/659","targetHints":{"allow":["GET"]}}],"collection":[{"href":"https:\/\/serr.disabilityrightsca.org\/sp\/wp-json\/wp\/v2\/pages"}],"about":[{"href":"https:\/\/serr.disabilityrightsca.org\/sp\/wp-json\/wp\/v2\/types\/page"}],"author":[{"embeddable":true,"href":"https:\/\/serr.disabilityrightsca.org\/sp\/wp-json\/wp\/v2\/users\/1"}],"replies":[{"embeddable":true,"href":"https:\/\/serr.disabilityrightsca.org\/sp\/wp-json\/wp\/v2\/comments?post=659"}],"version-history":[{"count":4,"href":"https:\/\/serr.disabilityrightsca.org\/sp\/wp-json\/wp\/v2\/pages\/659\/revisions"}],"predecessor-version":[{"id":3655,"href":"https:\/\/serr.disabilityrightsca.org\/sp\/wp-json\/wp\/v2\/pages\/659\/revisions\/3655"}],"up":[{"embeddable":true,"href":"https:\/\/serr.disabilityrightsca.org\/sp\/wp-json\/wp\/v2\/pages\/335"}],"wp:attachment":[{"href":"https:\/\/serr.disabilityrightsca.org\/sp\/wp-json\/wp\/v2\/media?parent=659"}],"curies":[{"name":"wp","href":"https:\/\/api.w.org\/{rel}","templated":true}]}}