{"id":666,"date":"2019-07-15T14:04:50","date_gmt":"2019-07-15T21:04:50","guid":{"rendered":"http:\/\/www.rula.disabilityrightsca.org\/serr\/sp\/?page_id=666"},"modified":"2020-07-06T12:45:52","modified_gmt":"2020-07-06T19:45:52","slug":"5-10-si-mi-hijo-asiste-a-una-escuela-subvencionada-puede-recibir-servicios-de-transporte-y-todos-los-demas-servicios-relacionados","status":"publish","type":"page","link":"https:\/\/serr.disabilityrightsca.org\/sp\/serr-manual\/capitulo-5-informacion-sobre-los-servicios-relacionados\/5-10-si-mi-hijo-asiste-a-una-escuela-subvencionada-puede-recibir-servicios-de-transporte-y-todos-los-demas-servicios-relacionados\/","title":{"rendered":"(5.10) Si mi hijo asiste a una escuela subvencionada, \u00bfpuede recibir servicios de transporte y todos los dem\u00e1s servicios relacionados?"},"content":{"rendered":"\n<p>S\u00ed, una escuela subvencionada es una escuela p\u00fablica y se encuentra sujeta a todas las responsabilidades de la educaci\u00f3n especial, conforme a la Ley de Educaci\u00f3n para Personas con Discapacidad (Individuals with Disabilities Education Act, IDEA), art\u00edculo 504 y la Ley de Estadounidenses con Discapacidades (Americans with Disabilities Act, ADA). [34 C.F.R. 300.7]. Sus responsabilidades se extienden de manera natural a la evaluaci\u00f3n y el suministro de la totalidad de los servicios relacionados, incluido el transporte, seg\u00fan se determine necesario para un ni\u00f1o, mediante una averiguaci\u00f3n individualizada, tal como el proceso del IEP, conforme la IDEA y un proceso similar seg\u00fan el art\u00edculo 504.<\/p>\n","protected":false},"excerpt":{"rendered":"<p>S\u00ed, una escuela subvencionada es una escuela p\u00fablica y se encuentra sujeta a todas las responsabilidades de la educaci\u00f3n especial, conforme a la Ley de&hellip;<\/p>\n","protected":false},"author":1,"featured_media":0,"parent":335,"menu_order":10,"comment_status":"closed","ping_status":"closed","template":"","meta":{"footnotes":""},"class_list":["post-666","page","type-page","status-publish","hentry"],"_links":{"self":[{"href":"https:\/\/serr.disabilityrightsca.org\/sp\/wp-json\/wp\/v2\/pages\/666","targetHints":{"allow":["GET"]}}],"collection":[{"href":"https:\/\/serr.disabilityrightsca.org\/sp\/wp-json\/wp\/v2\/pages"}],"about":[{"href":"https:\/\/serr.disabilityrightsca.org\/sp\/wp-json\/wp\/v2\/types\/page"}],"author":[{"embeddable":true,"href":"https:\/\/serr.disabilityrightsca.org\/sp\/wp-json\/wp\/v2\/users\/1"}],"replies":[{"embeddable":true,"href":"https:\/\/serr.disabilityrightsca.org\/sp\/wp-json\/wp\/v2\/comments?post=666"}],"version-history":[{"count":4,"href":"https:\/\/serr.disabilityrightsca.org\/sp\/wp-json\/wp\/v2\/pages\/666\/revisions"}],"predecessor-version":[{"id":3657,"href":"https:\/\/serr.disabilityrightsca.org\/sp\/wp-json\/wp\/v2\/pages\/666\/revisions\/3657"}],"up":[{"embeddable":true,"href":"https:\/\/serr.disabilityrightsca.org\/sp\/wp-json\/wp\/v2\/pages\/335"}],"wp:attachment":[{"href":"https:\/\/serr.disabilityrightsca.org\/sp\/wp-json\/wp\/v2\/media?parent=666"}],"curies":[{"name":"wp","href":"https:\/\/api.w.org\/{rel}","templated":true}]}}