{"id":668,"date":"2019-07-15T14:17:19","date_gmt":"2019-07-15T21:17:19","guid":{"rendered":"http:\/\/www.rula.disabilityrightsca.org\/serr\/sp\/?page_id=668"},"modified":"2020-07-06T12:46:40","modified_gmt":"2020-07-06T19:46:40","slug":"5-11-puede-el-distrito-escolar-negarse-a-proporcionar-transporte-a-mi-hijo-fuera-del-distrito","status":"publish","type":"page","link":"https:\/\/serr.disabilityrightsca.org\/sp\/serr-manual\/capitulo-5-informacion-sobre-los-servicios-relacionados\/5-11-puede-el-distrito-escolar-negarse-a-proporcionar-transporte-a-mi-hijo-fuera-del-distrito\/","title":{"rendered":"(5.11) \u00bfPuede el distrito escolar negarse a proporcionar transporte a mi hijo fuera del distrito?"},"content":{"rendered":"\n<p>Cuando se coloca a un alumno en una escuela fuera de\nsu propio distrito conforme a un IEP, presuntamente debido a la falta de\ndisponibilidad de un programa apropiado dentro del distrito de origen, ya sea\nel distrito original del alumno o aquel donde se encuentra radicada la escuela\ndonde asiste el alumno, debe proporcionar un medio de transporte adecuado. La\ndeterminaci\u00f3n de cu\u00e1l distrito escolar brindar\u00e1 el servicio de transporte\ndepender\u00e1 mayormente de los t\u00e9rminos del acuerdo de asistencia interdistrital\nnegociado por ambos distritos, para permitir que el alumno asista a clases\nfuera de su propio distrito. [Consulte Cal. Ed. Code Secs. 46600 y siguientes.]\n<\/p>\n\n\n\n<p>Cuando un ni\u00f1o asiste a una escuela en su distrito\nde origen, pero los servicios relacionados se prestan en otro sitio fuera del\ndistrito de origen del ni\u00f1o, este \u00faltimo debe proporcionar el transporte desde\ny hacia tales lugares. <\/p>\n\n\n\n<p>Cuando un alumno asiste a una escuela dentro de su\ndistrito, pero desea ser trasladado a una ubicaci\u00f3n fuera del distrito despu\u00e9s\nde la escuela (por ejemplo, a la casa de un pariente por razones de cuidado\ninfantil o a un centro de cuidado infantil), el derecho no se encuentra\nreconocido de manera clara y solo se podr\u00e1 garantizar en el caso de que se haya\nestablecido de manera espec\u00edfica en el IEP. <\/p>\n","protected":false},"excerpt":{"rendered":"<p>Cuando se coloca a un alumno en una escuela fuera de su propio distrito conforme a un IEP, presuntamente debido a la falta de disponibilidad&hellip;<\/p>\n","protected":false},"author":1,"featured_media":0,"parent":335,"menu_order":11,"comment_status":"closed","ping_status":"closed","template":"","meta":{"footnotes":""},"class_list":["post-668","page","type-page","status-publish","hentry"],"_links":{"self":[{"href":"https:\/\/serr.disabilityrightsca.org\/sp\/wp-json\/wp\/v2\/pages\/668","targetHints":{"allow":["GET"]}}],"collection":[{"href":"https:\/\/serr.disabilityrightsca.org\/sp\/wp-json\/wp\/v2\/pages"}],"about":[{"href":"https:\/\/serr.disabilityrightsca.org\/sp\/wp-json\/wp\/v2\/types\/page"}],"author":[{"embeddable":true,"href":"https:\/\/serr.disabilityrightsca.org\/sp\/wp-json\/wp\/v2\/users\/1"}],"replies":[{"embeddable":true,"href":"https:\/\/serr.disabilityrightsca.org\/sp\/wp-json\/wp\/v2\/comments?post=668"}],"version-history":[{"count":3,"href":"https:\/\/serr.disabilityrightsca.org\/sp\/wp-json\/wp\/v2\/pages\/668\/revisions"}],"predecessor-version":[{"id":3658,"href":"https:\/\/serr.disabilityrightsca.org\/sp\/wp-json\/wp\/v2\/pages\/668\/revisions\/3658"}],"up":[{"embeddable":true,"href":"https:\/\/serr.disabilityrightsca.org\/sp\/wp-json\/wp\/v2\/pages\/335"}],"wp:attachment":[{"href":"https:\/\/serr.disabilityrightsca.org\/sp\/wp-json\/wp\/v2\/media?parent=668"}],"curies":[{"name":"wp","href":"https:\/\/api.w.org\/{rel}","templated":true}]}}