{"id":679,"date":"2019-07-15T14:22:56","date_gmt":"2019-07-15T21:22:56","guid":{"rendered":"http:\/\/www.rula.disabilityrightsca.org\/serr\/sp\/?page_id=679"},"modified":"2020-07-06T12:51:46","modified_gmt":"2020-07-06T19:51:46","slug":"5-16-en-que-supuestos-puede-mi-hijo-obtener-asesoramiento-psicologico-u-otros-servicios-de-salud-mental-como-servicio-relacionado","status":"publish","type":"page","link":"https:\/\/serr.disabilityrightsca.org\/sp\/serr-manual\/capitulo-5-informacion-sobre-los-servicios-relacionados\/5-16-en-que-supuestos-puede-mi-hijo-obtener-asesoramiento-psicologico-u-otros-servicios-de-salud-mental-como-servicio-relacionado\/","title":{"rendered":"(5.16) \u00bfEn qu\u00e9 supuestos puede mi hijo obtener asesoramiento psicol\u00f3gico u otros servicios de salud mental como servicio relacionado?"},"content":{"rendered":"\n<p>El asesoramiento psicol\u00f3gico y otros servicios de salud mental, incluida la psicoterapia, pueden estar disponibles cuando el estado emocional de su hijo tiene un efecto negativo en su desempe\u00f1o educativo y son necesarios para que el ni\u00f1o se beneficie de la educaci\u00f3n especial. Tambi\u00e9n se pueden brindar otros servicios de salud mental, tales como \u201ccolocaciones en residencias\u201d. [34 C.F.R. Sec. 300.104].<\/p>\n","protected":false},"excerpt":{"rendered":"<p>El asesoramiento psicol\u00f3gico y otros servicios de salud mental, incluida la psicoterapia, pueden estar disponibles cuando el estado emocional de su hijo tiene un efecto&hellip;<\/p>\n","protected":false},"author":1,"featured_media":0,"parent":335,"menu_order":16,"comment_status":"closed","ping_status":"closed","template":"","meta":{"footnotes":""},"class_list":["post-679","page","type-page","status-publish","hentry"],"_links":{"self":[{"href":"https:\/\/serr.disabilityrightsca.org\/sp\/wp-json\/wp\/v2\/pages\/679","targetHints":{"allow":["GET"]}}],"collection":[{"href":"https:\/\/serr.disabilityrightsca.org\/sp\/wp-json\/wp\/v2\/pages"}],"about":[{"href":"https:\/\/serr.disabilityrightsca.org\/sp\/wp-json\/wp\/v2\/types\/page"}],"author":[{"embeddable":true,"href":"https:\/\/serr.disabilityrightsca.org\/sp\/wp-json\/wp\/v2\/users\/1"}],"replies":[{"embeddable":true,"href":"https:\/\/serr.disabilityrightsca.org\/sp\/wp-json\/wp\/v2\/comments?post=679"}],"version-history":[{"count":3,"href":"https:\/\/serr.disabilityrightsca.org\/sp\/wp-json\/wp\/v2\/pages\/679\/revisions"}],"predecessor-version":[{"id":3663,"href":"https:\/\/serr.disabilityrightsca.org\/sp\/wp-json\/wp\/v2\/pages\/679\/revisions\/3663"}],"up":[{"embeddable":true,"href":"https:\/\/serr.disabilityrightsca.org\/sp\/wp-json\/wp\/v2\/pages\/335"}],"wp:attachment":[{"href":"https:\/\/serr.disabilityrightsca.org\/sp\/wp-json\/wp\/v2\/media?parent=679"}],"curies":[{"name":"wp","href":"https:\/\/api.w.org\/{rel}","templated":true}]}}