{"id":683,"date":"2019-07-15T14:25:36","date_gmt":"2019-07-15T21:25:36","guid":{"rendered":"http:\/\/www.rula.disabilityrightsca.org\/serr\/sp\/?page_id=683"},"modified":"2020-07-06T12:53:10","modified_gmt":"2020-07-06T19:53:10","slug":"5-18-cuando-puede-recibir-mi-hijo-terapia-del-habla-o-lenguaje-en-concepto-de-servicio-relacionado","status":"publish","type":"page","link":"https:\/\/serr.disabilityrightsca.org\/sp\/serr-manual\/capitulo-5-informacion-sobre-los-servicios-relacionados\/5-18-cuando-puede-recibir-mi-hijo-terapia-del-habla-o-lenguaje-en-concepto-de-servicio-relacionado\/","title":{"rendered":"(5.18) \u00bfCu\u00e1ndo puede recibir mi hijo terapia del habla o lenguaje en concepto de servicio relacionado?"},"content":{"rendered":"\n<p>La terapia del habla y el lenguaje es quiz\u00e1s el servicio relacionado que se solicita con mayor frecuencia. La terapia del habla trata las dificultades de la articulaci\u00f3n, una discapacidad com\u00fan. La terapia del lenguaje trata las dificultades de memoria, expresi\u00f3n verbal y comprensi\u00f3n auditiva. Si su hijo tiene alguna dificultad en el habla o lenguaje, debe solicitar por escrito al distrito que realice una evaluaci\u00f3n del habla y lenguaje. Cualquier alumno elegible para la educaci\u00f3n especial puede recibir terapia del habla y el lenguaje si necesita de tal servicio para beneficiarse de la educaci\u00f3n especial. <\/p>\n","protected":false},"excerpt":{"rendered":"<p>La terapia del habla y el lenguaje es quiz\u00e1s el servicio relacionado que se solicita con mayor frecuencia. La terapia del habla trata las dificultades&hellip;<\/p>\n","protected":false},"author":1,"featured_media":0,"parent":335,"menu_order":18,"comment_status":"closed","ping_status":"closed","template":"","meta":{"footnotes":""},"class_list":["post-683","page","type-page","status-publish","hentry"],"_links":{"self":[{"href":"https:\/\/serr.disabilityrightsca.org\/sp\/wp-json\/wp\/v2\/pages\/683","targetHints":{"allow":["GET"]}}],"collection":[{"href":"https:\/\/serr.disabilityrightsca.org\/sp\/wp-json\/wp\/v2\/pages"}],"about":[{"href":"https:\/\/serr.disabilityrightsca.org\/sp\/wp-json\/wp\/v2\/types\/page"}],"author":[{"embeddable":true,"href":"https:\/\/serr.disabilityrightsca.org\/sp\/wp-json\/wp\/v2\/users\/1"}],"replies":[{"embeddable":true,"href":"https:\/\/serr.disabilityrightsca.org\/sp\/wp-json\/wp\/v2\/comments?post=683"}],"version-history":[{"count":3,"href":"https:\/\/serr.disabilityrightsca.org\/sp\/wp-json\/wp\/v2\/pages\/683\/revisions"}],"predecessor-version":[{"id":3665,"href":"https:\/\/serr.disabilityrightsca.org\/sp\/wp-json\/wp\/v2\/pages\/683\/revisions\/3665"}],"up":[{"embeddable":true,"href":"https:\/\/serr.disabilityrightsca.org\/sp\/wp-json\/wp\/v2\/pages\/335"}],"wp:attachment":[{"href":"https:\/\/serr.disabilityrightsca.org\/sp\/wp-json\/wp\/v2\/media?parent=683"}],"curies":[{"name":"wp","href":"https:\/\/api.w.org\/{rel}","templated":true}]}}