{"id":687,"date":"2019-07-15T14:28:24","date_gmt":"2019-07-15T21:28:24","guid":{"rendered":"http:\/\/www.rula.disabilityrightsca.org\/serr\/sp\/?page_id=687"},"modified":"2020-07-06T12:56:36","modified_gmt":"2020-07-06T19:56:36","slug":"5-20-puede-mi-hijo-obtener-servicios-de-comunicacion-y-equipamiento-cuando-no-sabe-hablar-ni-comunicarse-de-manera-verbal","status":"publish","type":"page","link":"https:\/\/serr.disabilityrightsca.org\/sp\/serr-manual\/capitulo-5-informacion-sobre-los-servicios-relacionados\/5-20-puede-mi-hijo-obtener-servicios-de-comunicacion-y-equipamiento-cuando-no-sabe-hablar-ni-comunicarse-de-manera-verbal\/","title":{"rendered":"(5.20) \u00bfPuede mi hijo obtener servicios de comunicaci\u00f3n y equipamiento, cuando no sabe hablar ni comunicarse de manera verbal?"},"content":{"rendered":"\n<p>S\u00ed. Si su hijo no sabe hablar ni comunicarse de manera verbal, puede solicitar al distrito que contrate a un especialista en comunicaci\u00f3n no verbal para que realice una evaluaci\u00f3n. Dependiendo de los resultados de dicha evaluaci\u00f3n, el equipo del IEP puede decidir que su hijo necesita servicios especializados, tales como dispositivos de comunicaci\u00f3n computarizada e instrucci\u00f3n para el uso de los mismos, a los fines de beneficiarse de la educaci\u00f3n especial. Consulte las preguntas relacionadas con la <em>Tecnolog\u00eda Asistencial<\/em> que se indican a continuaci\u00f3n. <\/p>\n","protected":false},"excerpt":{"rendered":"<p>S\u00ed. Si su hijo no sabe hablar ni comunicarse de manera verbal, puede solicitar al distrito que contrate a un especialista en comunicaci\u00f3n no verbal&hellip;<\/p>\n","protected":false},"author":1,"featured_media":0,"parent":335,"menu_order":20,"comment_status":"closed","ping_status":"closed","template":"","meta":{"footnotes":""},"class_list":["post-687","page","type-page","status-publish","hentry"],"_links":{"self":[{"href":"https:\/\/serr.disabilityrightsca.org\/sp\/wp-json\/wp\/v2\/pages\/687","targetHints":{"allow":["GET"]}}],"collection":[{"href":"https:\/\/serr.disabilityrightsca.org\/sp\/wp-json\/wp\/v2\/pages"}],"about":[{"href":"https:\/\/serr.disabilityrightsca.org\/sp\/wp-json\/wp\/v2\/types\/page"}],"author":[{"embeddable":true,"href":"https:\/\/serr.disabilityrightsca.org\/sp\/wp-json\/wp\/v2\/users\/1"}],"replies":[{"embeddable":true,"href":"https:\/\/serr.disabilityrightsca.org\/sp\/wp-json\/wp\/v2\/comments?post=687"}],"version-history":[{"count":3,"href":"https:\/\/serr.disabilityrightsca.org\/sp\/wp-json\/wp\/v2\/pages\/687\/revisions"}],"predecessor-version":[{"id":3667,"href":"https:\/\/serr.disabilityrightsca.org\/sp\/wp-json\/wp\/v2\/pages\/687\/revisions\/3667"}],"up":[{"embeddable":true,"href":"https:\/\/serr.disabilityrightsca.org\/sp\/wp-json\/wp\/v2\/pages\/335"}],"wp:attachment":[{"href":"https:\/\/serr.disabilityrightsca.org\/sp\/wp-json\/wp\/v2\/media?parent=687"}],"curies":[{"name":"wp","href":"https:\/\/api.w.org\/{rel}","templated":true}]}}