{"id":689,"date":"2019-07-15T14:29:24","date_gmt":"2019-07-15T21:29:24","guid":{"rendered":"http:\/\/www.rula.disabilityrightsca.org\/serr\/sp\/?page_id=689"},"modified":"2020-07-06T12:57:20","modified_gmt":"2020-07-06T19:57:20","slug":"5-21-can-my-child-receive-vision-therapy-as-a-related-service","status":"publish","type":"page","link":"https:\/\/serr.disabilityrightsca.org\/sp\/serr-manual\/capitulo-5-informacion-sobre-los-servicios-relacionados\/5-21-can-my-child-receive-vision-therapy-as-a-related-service\/","title":{"rendered":"(5.21) \u00bfPuede mi hijo recibir terapia oftalmol\u00f3gica como servicio relacionado?"},"content":{"rendered":"\n<p>S\u00ed, si su hijo necesita terapia oftalmol\u00f3gica a los fines de beneficiarse de la educaci\u00f3n especial. La terapia oftalmol\u00f3gica puede incluir instrucci\u00f3n de recuperaci\u00f3n y\/o desarrollo proporcionado directamente por, o en consulta con un optometrista, oftalm\u00f3logo o cualquier otro m\u00e9dico o cirujano calificado y matriculado. [5 C.C.R. Sec. 3051.75]. <\/p>\n","protected":false},"excerpt":{"rendered":"<p>S\u00ed, si su hijo necesita terapia oftalmol\u00f3gica a los fines de beneficiarse de la educaci\u00f3n especial. La terapia oftalmol\u00f3gica puede incluir instrucci\u00f3n de recuperaci\u00f3n y\/o&hellip;<\/p>\n","protected":false},"author":1,"featured_media":0,"parent":335,"menu_order":21,"comment_status":"closed","ping_status":"closed","template":"","meta":{"footnotes":""},"class_list":["post-689","page","type-page","status-publish","hentry"],"_links":{"self":[{"href":"https:\/\/serr.disabilityrightsca.org\/sp\/wp-json\/wp\/v2\/pages\/689","targetHints":{"allow":["GET"]}}],"collection":[{"href":"https:\/\/serr.disabilityrightsca.org\/sp\/wp-json\/wp\/v2\/pages"}],"about":[{"href":"https:\/\/serr.disabilityrightsca.org\/sp\/wp-json\/wp\/v2\/types\/page"}],"author":[{"embeddable":true,"href":"https:\/\/serr.disabilityrightsca.org\/sp\/wp-json\/wp\/v2\/users\/1"}],"replies":[{"embeddable":true,"href":"https:\/\/serr.disabilityrightsca.org\/sp\/wp-json\/wp\/v2\/comments?post=689"}],"version-history":[{"count":3,"href":"https:\/\/serr.disabilityrightsca.org\/sp\/wp-json\/wp\/v2\/pages\/689\/revisions"}],"predecessor-version":[{"id":3668,"href":"https:\/\/serr.disabilityrightsca.org\/sp\/wp-json\/wp\/v2\/pages\/689\/revisions\/3668"}],"up":[{"embeddable":true,"href":"https:\/\/serr.disabilityrightsca.org\/sp\/wp-json\/wp\/v2\/pages\/335"}],"wp:attachment":[{"href":"https:\/\/serr.disabilityrightsca.org\/sp\/wp-json\/wp\/v2\/media?parent=689"}],"curies":[{"name":"wp","href":"https:\/\/api.w.org\/{rel}","templated":true}]}}