{"id":693,"date":"2019-07-15T15:01:49","date_gmt":"2019-07-15T22:01:49","guid":{"rendered":"http:\/\/www.rula.disabilityrightsca.org\/serr\/sp\/?page_id=693"},"modified":"2020-07-06T12:59:59","modified_gmt":"2020-07-06T19:59:59","slug":"5-23-puede-mi-hijo-obtener-servicios-psicologicos","status":"publish","type":"page","link":"https:\/\/serr.disabilityrightsca.org\/sp\/serr-manual\/capitulo-5-informacion-sobre-los-servicios-relacionados\/5-23-puede-mi-hijo-obtener-servicios-psicologicos\/","title":{"rendered":"(5.23) \u00bfPuede mi hijo obtener servicios psicol\u00f3gicos?"},"content":{"rendered":"\n<p>S\u00ed, si fuera necesario para beneficiarse de la\neducaci\u00f3n especial, los servicios psicol\u00f3gicos se encuentran disponibles para\nlos alumnos, en las siguientes modalidades:<\/p>\n\n\n\n<p>(1) Planificaci\u00f3n, implementaci\u00f3n y administraci\u00f3n\nde un programa de servicios psicol\u00f3gicos para los alumnos de educaci\u00f3n\nespecial;<\/p>\n\n\n\n<p>(2) Asesoramiento proporcionado por un psic\u00f3logo\nacreditado o matriculado, o cualquier otro tipo de personal calificado;<\/p>\n\n\n\n<p>(3) Servicios de asesoramiento para alumnos y otro\npersonal docente. [34 C.F.R. Sec. 300.34 (c)(10); 5 C.C.R. Sec. 3051.10].<\/p>\n","protected":false},"excerpt":{"rendered":"<p>S\u00ed, si fuera necesario para beneficiarse de la educaci\u00f3n especial, los servicios psicol\u00f3gicos se encuentran disponibles para los alumnos, en las siguientes modalidades: (1) Planificaci\u00f3n,&hellip;<\/p>\n","protected":false},"author":1,"featured_media":1189,"parent":335,"menu_order":23,"comment_status":"closed","ping_status":"closed","template":"","meta":{"footnotes":""},"class_list":["post-693","page","type-page","status-publish","has-post-thumbnail","hentry"],"_links":{"self":[{"href":"https:\/\/serr.disabilityrightsca.org\/sp\/wp-json\/wp\/v2\/pages\/693","targetHints":{"allow":["GET"]}}],"collection":[{"href":"https:\/\/serr.disabilityrightsca.org\/sp\/wp-json\/wp\/v2\/pages"}],"about":[{"href":"https:\/\/serr.disabilityrightsca.org\/sp\/wp-json\/wp\/v2\/types\/page"}],"author":[{"embeddable":true,"href":"https:\/\/serr.disabilityrightsca.org\/sp\/wp-json\/wp\/v2\/users\/1"}],"replies":[{"embeddable":true,"href":"https:\/\/serr.disabilityrightsca.org\/sp\/wp-json\/wp\/v2\/comments?post=693"}],"version-history":[{"count":3,"href":"https:\/\/serr.disabilityrightsca.org\/sp\/wp-json\/wp\/v2\/pages\/693\/revisions"}],"predecessor-version":[{"id":3670,"href":"https:\/\/serr.disabilityrightsca.org\/sp\/wp-json\/wp\/v2\/pages\/693\/revisions\/3670"}],"up":[{"embeddable":true,"href":"https:\/\/serr.disabilityrightsca.org\/sp\/wp-json\/wp\/v2\/pages\/335"}],"wp:featuredmedia":[{"embeddable":true,"href":"https:\/\/serr.disabilityrightsca.org\/sp\/wp-json\/wp\/v2\/media\/1189"}],"wp:attachment":[{"href":"https:\/\/serr.disabilityrightsca.org\/sp\/wp-json\/wp\/v2\/media?parent=693"}],"curies":[{"name":"wp","href":"https:\/\/api.w.org\/{rel}","templated":true}]}}