{"id":695,"date":"2019-07-15T15:03:33","date_gmt":"2019-07-15T22:03:33","guid":{"rendered":"http:\/\/www.rula.disabilityrightsca.org\/serr\/sp\/?page_id=695"},"modified":"2020-07-06T13:06:58","modified_gmt":"2020-07-06T20:06:58","slug":"5-24-existe-algun-servicio-de-asesoramiento-o-capacitacion-que-puedan-obtener-los-padres-a-traves-del-distrito-escolar","status":"publish","type":"page","link":"https:\/\/serr.disabilityrightsca.org\/sp\/serr-manual\/capitulo-5-informacion-sobre-los-servicios-relacionados\/5-24-existe-algun-servicio-de-asesoramiento-o-capacitacion-que-puedan-obtener-los-padres-a-traves-del-distrito-escolar\/","title":{"rendered":"(5.24) \u00bfExiste alg\u00fan servicio de asesoramiento o capacitaci\u00f3n que puedan obtener los padres a trav\u00e9s del distrito escolar?"},"content":{"rendered":"\n<p>S\u00ed. La ley y los reglamentos de educaci\u00f3n especial\nincluyen los siguientes servicios para los padres:<\/p>\n\n\n\n<p>(1) Asesoramiento y consulta con los padres sobre problemas de\naprendizaje y programas de orientaci\u00f3n;<\/p>\n\n\n\n<p>(2) Asesoramiento y capacitaci\u00f3n para ayudarlos a comprender las\nnecesidades especiales de sus hijos; y,<\/p>\n\n\n\n<p>(3) Brindar a\nlos padres la informaci\u00f3n necesaria sobre el desarrollo de su hijo. <\/p>\n\n\n\n<p>[34 C.F.R. Sec. 300.34 (c)(10); 5\nC.C.R. Sec. 3051.9-11].<\/p>\n","protected":false},"excerpt":{"rendered":"<p>S\u00ed. La ley y los reglamentos de educaci\u00f3n especial incluyen los siguientes servicios para los padres: (1) Asesoramiento y consulta con los padres sobre problemas&hellip;<\/p>\n","protected":false},"author":1,"featured_media":0,"parent":335,"menu_order":24,"comment_status":"closed","ping_status":"closed","template":"","meta":{"footnotes":""},"class_list":["post-695","page","type-page","status-publish","hentry"],"_links":{"self":[{"href":"https:\/\/serr.disabilityrightsca.org\/sp\/wp-json\/wp\/v2\/pages\/695","targetHints":{"allow":["GET"]}}],"collection":[{"href":"https:\/\/serr.disabilityrightsca.org\/sp\/wp-json\/wp\/v2\/pages"}],"about":[{"href":"https:\/\/serr.disabilityrightsca.org\/sp\/wp-json\/wp\/v2\/types\/page"}],"author":[{"embeddable":true,"href":"https:\/\/serr.disabilityrightsca.org\/sp\/wp-json\/wp\/v2\/users\/1"}],"replies":[{"embeddable":true,"href":"https:\/\/serr.disabilityrightsca.org\/sp\/wp-json\/wp\/v2\/comments?post=695"}],"version-history":[{"count":3,"href":"https:\/\/serr.disabilityrightsca.org\/sp\/wp-json\/wp\/v2\/pages\/695\/revisions"}],"predecessor-version":[{"id":3671,"href":"https:\/\/serr.disabilityrightsca.org\/sp\/wp-json\/wp\/v2\/pages\/695\/revisions\/3671"}],"up":[{"embeddable":true,"href":"https:\/\/serr.disabilityrightsca.org\/sp\/wp-json\/wp\/v2\/pages\/335"}],"wp:attachment":[{"href":"https:\/\/serr.disabilityrightsca.org\/sp\/wp-json\/wp\/v2\/media?parent=695"}],"curies":[{"name":"wp","href":"https:\/\/api.w.org\/{rel}","templated":true}]}}