{"id":699,"date":"2019-07-15T15:04:54","date_gmt":"2019-07-15T22:04:54","guid":{"rendered":"http:\/\/www.rula.disabilityrightsca.org\/serr\/sp\/?page_id=699"},"modified":"2020-07-06T13:07:37","modified_gmt":"2020-07-06T20:07:37","slug":"5-25-mi-hijo-debe-ser-diagnosticado-como-perturbado-emocionalmente-a-los-fines-de-recibir-servicios-psicologicos-o-de-asesoramiento","status":"publish","type":"page","link":"https:\/\/serr.disabilityrightsca.org\/sp\/serr-manual\/capitulo-5-informacion-sobre-los-servicios-relacionados\/5-25-mi-hijo-debe-ser-diagnosticado-como-perturbado-emocionalmente-a-los-fines-de-recibir-servicios-psicologicos-o-de-asesoramiento\/","title":{"rendered":"(5.25) \u00bfMi hijo debe ser diagnosticado como \u201cperturbado emocionalmente\u201d a los fines de recibir servicios psicol\u00f3gicos o de asesoramiento?"},"content":{"rendered":"\n<p>No, no es necesario que un ni\u00f1o sea identificado con una discapacidad que requiera alg\u00fan tipo de educaci\u00f3n especial en particular para recibir servicios psicol\u00f3gicos o de asesoramiento, siempre que necesite de tales servicios para beneficiarse de la educaci\u00f3n especial. [20 U.S.C. Secs. 1412(a)(3)(B), 1412(a)(5)(B), and 1412(a)(1)].<\/p>\n","protected":false},"excerpt":{"rendered":"<p>No, no es necesario que un ni\u00f1o sea identificado con una discapacidad que requiera alg\u00fan tipo de educaci\u00f3n especial en particular para recibir servicios psicol\u00f3gicos&hellip;<\/p>\n","protected":false},"author":1,"featured_media":0,"parent":335,"menu_order":26,"comment_status":"closed","ping_status":"closed","template":"","meta":{"footnotes":""},"class_list":["post-699","page","type-page","status-publish","hentry"],"_links":{"self":[{"href":"https:\/\/serr.disabilityrightsca.org\/sp\/wp-json\/wp\/v2\/pages\/699","targetHints":{"allow":["GET"]}}],"collection":[{"href":"https:\/\/serr.disabilityrightsca.org\/sp\/wp-json\/wp\/v2\/pages"}],"about":[{"href":"https:\/\/serr.disabilityrightsca.org\/sp\/wp-json\/wp\/v2\/types\/page"}],"author":[{"embeddable":true,"href":"https:\/\/serr.disabilityrightsca.org\/sp\/wp-json\/wp\/v2\/users\/1"}],"replies":[{"embeddable":true,"href":"https:\/\/serr.disabilityrightsca.org\/sp\/wp-json\/wp\/v2\/comments?post=699"}],"version-history":[{"count":3,"href":"https:\/\/serr.disabilityrightsca.org\/sp\/wp-json\/wp\/v2\/pages\/699\/revisions"}],"predecessor-version":[{"id":3672,"href":"https:\/\/serr.disabilityrightsca.org\/sp\/wp-json\/wp\/v2\/pages\/699\/revisions\/3672"}],"up":[{"embeddable":true,"href":"https:\/\/serr.disabilityrightsca.org\/sp\/wp-json\/wp\/v2\/pages\/335"}],"wp:attachment":[{"href":"https:\/\/serr.disabilityrightsca.org\/sp\/wp-json\/wp\/v2\/media?parent=699"}],"curies":[{"name":"wp","href":"https:\/\/api.w.org\/{rel}","templated":true}]}}