{"id":701,"date":"2019-07-15T15:06:15","date_gmt":"2019-07-15T22:06:15","guid":{"rendered":"http:\/\/www.rula.disabilityrightsca.org\/serr\/sp\/?page_id=701"},"modified":"2020-07-06T13:08:30","modified_gmt":"2020-07-06T20:08:30","slug":"5-26-cuales-son-los-servicios-de-salud-escolar","status":"publish","type":"page","link":"https:\/\/serr.disabilityrightsca.org\/sp\/serr-manual\/capitulo-5-informacion-sobre-los-servicios-relacionados\/5-26-cuales-son-los-servicios-de-salud-escolar\/","title":{"rendered":"(5.26) \u00bfCu\u00e1les son los servicios de salud escolar?"},"content":{"rendered":"\n<p>Los servicios\nde salud escolar son aquellos proporcionados por una enfermera escolar u otra\npersona calificada. Estos servicios incluyen servicios de salud y de\nenfermer\u00eda, tales como:<\/p>\n\n\n\n<ul class=\"wp-block-list\"><li>Manejo de los\nproblemas de salud de un alumno en el \u00e1mbito escolar; <\/li><li>Consulta con\nlos alumnos, padres, maestros y otros; <\/li><li>Asesoramiento\ncon padres y alumnos relacionado con problemas de salud; y <\/li><li>Prestaci\u00f3n de servicios de atenci\u00f3n m\u00e9dica por un\nm\u00e9dico especializado que sean necesarios durante la jornada escolar para\npermitir que el ni\u00f1o asista a la escuela. <\/li><\/ul>\n\n\n\n<p>[5 C.C.R. Sec. 3051.12]. <\/p>\n\n\n\n<p>La definici\u00f3n\nde la ley de California sobre los servicios de atenci\u00f3n m\u00e9dica especializada\nincluye \u201ccateterismo, traqueotom\u00eda, aspiraci\u00f3n y otros servicios que requieren\nde capacitaci\u00f3n m\u00e9dica\u201d. [Cal. Ed. Code Sec. 49423.5(d)]. <\/p>\n","protected":false},"excerpt":{"rendered":"<p>Los servicios de salud escolar son aquellos proporcionados por una enfermera escolar u otra persona calificada. Estos servicios incluyen servicios de salud y de enfermer\u00eda,&hellip;<\/p>\n","protected":false},"author":1,"featured_media":0,"parent":335,"menu_order":26,"comment_status":"closed","ping_status":"closed","template":"","meta":{"footnotes":""},"class_list":["post-701","page","type-page","status-publish","hentry"],"_links":{"self":[{"href":"https:\/\/serr.disabilityrightsca.org\/sp\/wp-json\/wp\/v2\/pages\/701","targetHints":{"allow":["GET"]}}],"collection":[{"href":"https:\/\/serr.disabilityrightsca.org\/sp\/wp-json\/wp\/v2\/pages"}],"about":[{"href":"https:\/\/serr.disabilityrightsca.org\/sp\/wp-json\/wp\/v2\/types\/page"}],"author":[{"embeddable":true,"href":"https:\/\/serr.disabilityrightsca.org\/sp\/wp-json\/wp\/v2\/users\/1"}],"replies":[{"embeddable":true,"href":"https:\/\/serr.disabilityrightsca.org\/sp\/wp-json\/wp\/v2\/comments?post=701"}],"version-history":[{"count":4,"href":"https:\/\/serr.disabilityrightsca.org\/sp\/wp-json\/wp\/v2\/pages\/701\/revisions"}],"predecessor-version":[{"id":3673,"href":"https:\/\/serr.disabilityrightsca.org\/sp\/wp-json\/wp\/v2\/pages\/701\/revisions\/3673"}],"up":[{"embeddable":true,"href":"https:\/\/serr.disabilityrightsca.org\/sp\/wp-json\/wp\/v2\/pages\/335"}],"wp:attachment":[{"href":"https:\/\/serr.disabilityrightsca.org\/sp\/wp-json\/wp\/v2\/media?parent=701"}],"curies":[{"name":"wp","href":"https:\/\/api.w.org\/{rel}","templated":true}]}}