{"id":711,"date":"2019-07-15T15:10:51","date_gmt":"2019-07-15T22:10:51","guid":{"rendered":"http:\/\/www.rula.disabilityrightsca.org\/serr\/sp\/?page_id=711"},"modified":"2020-08-18T12:07:52","modified_gmt":"2020-08-18T19:07:52","slug":"5-30-mi-hijo-necesita-servicios-de-salud-para-asistir-a-la-escuela-pero-el-distrito-me-dijo-que-no-debe-brindarlos-debido-a-que-son-de-caracter-medico-es-verdad","status":"publish","type":"page","link":"https:\/\/serr.disabilityrightsca.org\/sp\/serr-manual\/capitulo-5-informacion-sobre-los-servicios-relacionados\/5-30-mi-hijo-necesita-servicios-de-salud-para-asistir-a-la-escuela-pero-el-distrito-me-dijo-que-no-debe-brindarlos-debido-a-que-son-de-caracter-medico-es-verdad\/","title":{"rendered":"(5.30) Mi hijo necesita servicios de salud para asistir a la escuela, pero el distrito me dijo que no debe brindarlos debido a que son de car\u00e1cter \u201cm\u00e9dico\u201d. \u00bfEs verdad?"},"content":{"rendered":"\n<p>La distinci\u00f3n entre los \u201cservicios m\u00e9dicos\u201d y\n\u201cservicios de salud\u201d en la escuela es importante. Salvo en el caso de los\nservicios m\u00e9dicos que son para \u201cprop\u00f3sitos de diagn\u00f3stico o evaluaci\u00f3n\u201d, los\ndistritos no son responsables de brindar servicios m\u00e9dicos como <em>servicios\nrelacionados.<\/em> [34 C.F.R. Sec. 300.34(a)]. La ley federal define a los\n\u201cservicios m\u00e9dicos\u201d como aquellos \u201cservicios proporcionados por un m\u00e9dico\nmatriculado\u201d. [34 C.F.R. Sec. 300.34(c)(5)]. Si un servicio puede ser prestado\npor una enfermera de la escuela u otra persona calificada, y no necesita ser\nproporcionado por un m\u00e9dico matriculado, entonces no se trata de un servicio <em>m\u00e9dico<\/em>.\n[<em>Cedar Rapids Community School\nDist. v. Garret F<\/em>., 526 U.S. 66 (1999)]. <\/p>\n\n\n\n<p>Los distritos deben proporcionar los servicios de salud que no son de car\u00e1cter m\u00e9dico, si constituyen servicios relacionados. Un servicio de salud es un servicio relacionado si es necesario para ayudar a un ni\u00f1o con una discapacidad a beneficiarse de la educaci\u00f3n especial. Si su hijo necesita del servicio de salud para poder asistir a la escuela, entonces los necesita para beneficiarse de la educaci\u00f3n especial. [<em>Irving Independent School Dist. v. Tatro<\/em>, 468 U.S. 883, 892 (U.S. 1984)]. Incluso si los servicios son costosos o llevan mucho tiempo, tales como los servicios continuos de enfermer\u00eda durante todo el d\u00eda, el distrito debe proporcionarlos si son \u201cservicios de apoyo\u201d que permiten que un ni\u00f1o permanezca en la escuela durante el d\u00eda y proporcionan un acceso significativo a la educaci\u00f3n. [<em>Cedar Rapids Community School Dist.<\/em>; Consulte tambi\u00e9n el <a href=\"https:\/\/serr.disabilityrightsca.org\/sp\/serr-manual\/capitulo-14-informacion-sobre-los-derechos-de-los-alumnos-con-enfermedades-graves\/\">cap\u00edtulo 14, <em>Informaci\u00f3n sobre los derechos de los alumnos con enfermedades graves.<\/em>] <\/a><\/p>\n","protected":false},"excerpt":{"rendered":"<p>La distinci\u00f3n entre los \u201cservicios m\u00e9dicos\u201d y \u201cservicios de salud\u201d en la escuela es importante. Salvo en el caso de los servicios m\u00e9dicos que son&hellip;<\/p>\n","protected":false},"author":1,"featured_media":0,"parent":335,"menu_order":30,"comment_status":"closed","ping_status":"closed","template":"","meta":{"footnotes":""},"class_list":["post-711","page","type-page","status-publish","hentry"],"_links":{"self":[{"href":"https:\/\/serr.disabilityrightsca.org\/sp\/wp-json\/wp\/v2\/pages\/711","targetHints":{"allow":["GET"]}}],"collection":[{"href":"https:\/\/serr.disabilityrightsca.org\/sp\/wp-json\/wp\/v2\/pages"}],"about":[{"href":"https:\/\/serr.disabilityrightsca.org\/sp\/wp-json\/wp\/v2\/types\/page"}],"author":[{"embeddable":true,"href":"https:\/\/serr.disabilityrightsca.org\/sp\/wp-json\/wp\/v2\/users\/1"}],"replies":[{"embeddable":true,"href":"https:\/\/serr.disabilityrightsca.org\/sp\/wp-json\/wp\/v2\/comments?post=711"}],"version-history":[{"count":5,"href":"https:\/\/serr.disabilityrightsca.org\/sp\/wp-json\/wp\/v2\/pages\/711\/revisions"}],"predecessor-version":[{"id":4251,"href":"https:\/\/serr.disabilityrightsca.org\/sp\/wp-json\/wp\/v2\/pages\/711\/revisions\/4251"}],"up":[{"embeddable":true,"href":"https:\/\/serr.disabilityrightsca.org\/sp\/wp-json\/wp\/v2\/pages\/335"}],"wp:attachment":[{"href":"https:\/\/serr.disabilityrightsca.org\/sp\/wp-json\/wp\/v2\/media?parent=711"}],"curies":[{"name":"wp","href":"https:\/\/api.w.org\/{rel}","templated":true}]}}