{"id":719,"date":"2019-07-15T15:14:33","date_gmt":"2019-07-15T22:14:33","guid":{"rendered":"http:\/\/www.rula.disabilityrightsca.org\/serr\/sp\/?page_id=719"},"modified":"2020-08-18T12:09:37","modified_gmt":"2020-08-18T19:09:37","slug":"5-33-si-mi-hijo-es-colocado-a-tiempo-completo-en-un-salon-de-clases-regular-tiene-derecho-a-recibir-servicios-relacionados","status":"publish","type":"page","link":"https:\/\/serr.disabilityrightsca.org\/sp\/serr-manual\/capitulo-5-informacion-sobre-los-servicios-relacionados\/5-33-si-mi-hijo-es-colocado-a-tiempo-completo-en-un-salon-de-clases-regular-tiene-derecho-a-recibir-servicios-relacionados\/","title":{"rendered":"(5.33) Si mi hijo es colocado a tiempo completo en un sal\u00f3n de clases regular, \u00bftiene derecho a recibir servicios relacionados?"},"content":{"rendered":"\n<p>S\u00ed. El\nprograma de educaci\u00f3n para todos los alumnos de educaci\u00f3n especial se debe\nbasar en las necesidades individuales. [34 C.F.R. Sec. 300.39(a)].\nCualquier alumno que cumpla con los requisitos de elegibilidad para la\neducaci\u00f3n especial tiene derecho a recibir los servicios relacionados\nnecesarios para ayudarlo a beneficiarse de la educaci\u00f3n especial. [34 C.F.R.\nSec. 300.17]. <\/p>\n\n\n\n<p>La ley de educaci\u00f3n especial favorece la colocaci\u00f3n en clases comunes, cuando fuera posible. [20 U.S.C. Sec 1412(a)(5)(A); 34 C.F.R. Sec. 300.114(a)(2)(i)]. Los alumnos tienen derecho a recibir los servicios de asistencia que les permitan asistir a la escuela o desempe\u00f1arse en un entorno de clase normal. [Cal. Ed. Code Sec. 56364.2]. Los reglamentos estatales tambi\u00e9n establecen de manera expresa que los servicios relacionados se pueden proporcionar a los alumnos \u201cque reciben los servicios a lo largo de todo el entorno educativo\u201d. [5 C.C.R. Sec. 3051(a)(1); consulte el <a href=\"https:\/\/serr.disabilityrightsca.org\/sp\/serr-manual\/capitulo-7-informacion-sobre-el-entorno-menos-restrictivo\/\">cap\u00edtulo 7, <em>Informaci\u00f3n sobre el ambiente menos restrictivo.<\/em>] <\/a><\/p>\n\n\n\n<p>Los alumnos con discapacidades que no son elegibles para la educaci\u00f3n especial, pero que califican para los servicios conforme el art\u00edculo 504 de la Ley de Rehabilitaci\u00f3n de 1973 (consulte el <a href=\"https:\/\/serr.disabilityrightsca.org\/sp\/serr-manual\/capitulo-16-informacion-sobre-el-articulo-504-y-discriminacion-por-discapacidad\/\">cap\u00edtulo 16 <em>Informaci\u00f3n sobre el art\u00edculo 504 y discriminaci\u00f3n por discapacidad<\/em><\/a><em>) <\/em>son elegibles para las ayudas y servicios relacionados, dise\u00f1ados para satisfacer sus necesidades educativas individuales de forma tan adecuada como se satisfacen las necesidades de los alumnos sin discapacidades\u00a0[34 C.F.R. Sec. 104.33(b); Cal. Gov. Code Sec. 11135]. <\/p>\n","protected":false},"excerpt":{"rendered":"<p>S\u00ed. El programa de educaci\u00f3n para todos los alumnos de educaci\u00f3n especial se debe basar en las necesidades individuales. [34 C.F.R. Sec. 300.39(a)]. Cualquier alumno&hellip;<\/p>\n","protected":false},"author":1,"featured_media":0,"parent":335,"menu_order":33,"comment_status":"closed","ping_status":"closed","template":"","meta":{"footnotes":""},"class_list":["post-719","page","type-page","status-publish","hentry"],"_links":{"self":[{"href":"https:\/\/serr.disabilityrightsca.org\/sp\/wp-json\/wp\/v2\/pages\/719","targetHints":{"allow":["GET"]}}],"collection":[{"href":"https:\/\/serr.disabilityrightsca.org\/sp\/wp-json\/wp\/v2\/pages"}],"about":[{"href":"https:\/\/serr.disabilityrightsca.org\/sp\/wp-json\/wp\/v2\/types\/page"}],"author":[{"embeddable":true,"href":"https:\/\/serr.disabilityrightsca.org\/sp\/wp-json\/wp\/v2\/users\/1"}],"replies":[{"embeddable":true,"href":"https:\/\/serr.disabilityrightsca.org\/sp\/wp-json\/wp\/v2\/comments?post=719"}],"version-history":[{"count":7,"href":"https:\/\/serr.disabilityrightsca.org\/sp\/wp-json\/wp\/v2\/pages\/719\/revisions"}],"predecessor-version":[{"id":4253,"href":"https:\/\/serr.disabilityrightsca.org\/sp\/wp-json\/wp\/v2\/pages\/719\/revisions\/4253"}],"up":[{"embeddable":true,"href":"https:\/\/serr.disabilityrightsca.org\/sp\/wp-json\/wp\/v2\/pages\/335"}],"wp:attachment":[{"href":"https:\/\/serr.disabilityrightsca.org\/sp\/wp-json\/wp\/v2\/media?parent=719"}],"curies":[{"name":"wp","href":"https:\/\/api.w.org\/{rel}","templated":true}]}}