{"id":723,"date":"2019-07-15T15:16:41","date_gmt":"2019-07-15T22:16:41","guid":{"rendered":"http:\/\/www.rula.disabilityrightsca.org\/serr\/sp\/?page_id=723"},"modified":"2020-08-18T12:10:55","modified_gmt":"2020-08-18T19:10:55","slug":"5-35-que-puedo-hacer-si-mi-hijo-no-recibe-un-servicio-relacionado-segun-lo-indicado-en-el-iep-debido-a-que-el-proveedor-de-servicios-no-esta-presente","status":"publish","type":"page","link":"https:\/\/serr.disabilityrightsca.org\/sp\/serr-manual\/capitulo-5-informacion-sobre-los-servicios-relacionados\/5-35-que-puedo-hacer-si-mi-hijo-no-recibe-un-servicio-relacionado-segun-lo-indicado-en-el-iep-debido-a-que-el-proveedor-de-servicios-no-esta-presente\/","title":{"rendered":"(5.35) \u00bfQu\u00e9 puedo hacer si mi hijo no recibe un servicio relacionado, seg\u00fan lo indicado en el IEP, debido a que el proveedor de servicios no est\u00e1 presente?"},"content":{"rendered":"\n<p>El mejor\nremedio es la prevenci\u00f3n. Ser\u00eda conveniente tratar la cuesti\u00f3n relativa a la\nausencia de un proveedor de servicios en la reuni\u00f3n del IEP, cuando el equipo\nespecifica el servicio en el IEP. El equipo del IEP podr\u00eda entonces planificar\nde antemano, y contemplar en el IEP, lo que suceder\u00eda en el caso de que un\nproveedor de servicios se encontrara ausente. <\/p>\n\n\n\n<p>Obviamente, la planificaci\u00f3n anticipada es el aspecto fundamental al momento de especificar los servicios requeridos para permitir que un alumno asista a la escuela (tales como el transporte o los servicios de salud escolar) o para garantizar su seguridad al asistir a la escuela (como un asistente de conducta). No es aceptable que un ni\u00f1o no asista a clases o que se le niegue el derecho de participar en actividades especiales, como excursiones, debido a la omisi\u00f3n del distrito de proveer un servicio considerado necesario. Es indispensable que el distrito prevea soluciones anticipadas para asegurar que haya un proveedor sustituto disponible cuando se lo requiera. No ser\u00eda apropiado negar los servicios especificados en el IEP cuando la ausencia se produce de manera frecuente o es predecible. Cuando una agencia (por ejemplo, un proveedor de una \u201cagencia privada\u201d) incumple con su deber de brindar los servicios necesarios, es responsabilidad del distrito hacerlo. [34 C.F.R. Sec. 300.154(b)(2)]. <strong>Los distritos deben proporcionar los servicios especificados en el IEP del alumno.<\/strong> Cuando un distrito (o proveedor de agencia p\u00fablica o privada) incumple con dicho deber, puede presentar una demanda de cumplimiento ante el CDE. [Consulte el <a href=\"https:\/\/serr.disabilityrightsca.org\/sp\/serr-manual\/chapter-6-informacion-sobre-el-debido-proceso-y-los-procedimientos-de-cumplimiento\/\">cap\u00edtulo 6, <em>Informaci\u00f3n sobre el debido proceso y los procedimientos de cumplimiento<\/em>].  <\/a><\/p>\n","protected":false},"excerpt":{"rendered":"<p>El mejor remedio es la prevenci\u00f3n. Ser\u00eda conveniente tratar la cuesti\u00f3n relativa a la ausencia de un proveedor de servicios en la reuni\u00f3n del IEP,&hellip;<\/p>\n","protected":false},"author":1,"featured_media":0,"parent":335,"menu_order":35,"comment_status":"closed","ping_status":"closed","template":"","meta":{"footnotes":""},"class_list":["post-723","page","type-page","status-publish","hentry"],"_links":{"self":[{"href":"https:\/\/serr.disabilityrightsca.org\/sp\/wp-json\/wp\/v2\/pages\/723","targetHints":{"allow":["GET"]}}],"collection":[{"href":"https:\/\/serr.disabilityrightsca.org\/sp\/wp-json\/wp\/v2\/pages"}],"about":[{"href":"https:\/\/serr.disabilityrightsca.org\/sp\/wp-json\/wp\/v2\/types\/page"}],"author":[{"embeddable":true,"href":"https:\/\/serr.disabilityrightsca.org\/sp\/wp-json\/wp\/v2\/users\/1"}],"replies":[{"embeddable":true,"href":"https:\/\/serr.disabilityrightsca.org\/sp\/wp-json\/wp\/v2\/comments?post=723"}],"version-history":[{"count":5,"href":"https:\/\/serr.disabilityrightsca.org\/sp\/wp-json\/wp\/v2\/pages\/723\/revisions"}],"predecessor-version":[{"id":4255,"href":"https:\/\/serr.disabilityrightsca.org\/sp\/wp-json\/wp\/v2\/pages\/723\/revisions\/4255"}],"up":[{"embeddable":true,"href":"https:\/\/serr.disabilityrightsca.org\/sp\/wp-json\/wp\/v2\/pages\/335"}],"wp:attachment":[{"href":"https:\/\/serr.disabilityrightsca.org\/sp\/wp-json\/wp\/v2\/media?parent=723"}],"curies":[{"name":"wp","href":"https:\/\/api.w.org\/{rel}","templated":true}]}}