{"id":725,"date":"2019-07-15T15:18:04","date_gmt":"2019-07-15T22:18:04","guid":{"rendered":"http:\/\/www.rula.disabilityrightsca.org\/serr\/sp\/?page_id=725"},"modified":"2020-08-18T12:14:08","modified_gmt":"2020-08-18T19:14:08","slug":"5-36-los-distritos-escolares-son-responsables-de-proporcionar-servicios-no-academicos","status":"publish","type":"page","link":"https:\/\/serr.disabilityrightsca.org\/sp\/serr-manual\/capitulo-5-informacion-sobre-los-servicios-relacionados\/5-36-los-distritos-escolares-son-responsables-de-proporcionar-servicios-no-academicos\/","title":{"rendered":"(5.36) \u00bfLos distritos escolares son responsables de proporcionar servicios no acad\u00e9micos?"},"content":{"rendered":"\n<p>S\u00ed. Los distritos deben pagar cualquier servicio de apoyo que fuera \u201cacad\u00e9micamente necesario\u201d o necesario para que un alumno se \u201cbeneficie\u201d de la educaci\u00f3n especial. [Cal. Ed. Code Sec. 56363(a); 34 C.F.R. Sec. 300.34(a)]. Se pueden mencionar como ejemplos la capacitaci\u00f3n y asesoramiento para padres, recreaci\u00f3n, servicios de salud complejos, etc. Debido a que estos servicios pueden ser m\u00e1s costosos o poco frecuentes, los distritos pueden negarse a ofrecerlos. La falta de fondos o la disponibilidad de un servicio necesario no es una excusa para negar su prestaci\u00f3n. [34 C.F.R. Secs. 300.17(a) and 300.39(a)]. Debe estar preparado para recurrir al informe de un experto independiente para respaldar la necesidad de su hijo de recibir los servicios relacionados. [Para mayor informaci\u00f3n sobre la obtenci\u00f3n de evaluaciones independientes, con fondos p\u00fablicos, consulte el <a href=\"https:\/\/serr.disabilityrightsca.org\/sp\/serr-manual\/capitulo-2-informacion-sobre-las-evaluaciones\/\">cap\u00edtulo 2, <em>Informaci\u00f3n sobre las evaluaciones<\/em>.] <\/a><\/p>\n","protected":false},"excerpt":{"rendered":"<p>S\u00ed. Los distritos deben pagar cualquier servicio de apoyo que fuera \u201cacad\u00e9micamente necesario\u201d o necesario para que un alumno se \u201cbeneficie\u201d de la educaci\u00f3n especial.&hellip;<\/p>\n","protected":false},"author":1,"featured_media":0,"parent":335,"menu_order":36,"comment_status":"closed","ping_status":"closed","template":"","meta":{"footnotes":""},"class_list":["post-725","page","type-page","status-publish","hentry"],"_links":{"self":[{"href":"https:\/\/serr.disabilityrightsca.org\/sp\/wp-json\/wp\/v2\/pages\/725","targetHints":{"allow":["GET"]}}],"collection":[{"href":"https:\/\/serr.disabilityrightsca.org\/sp\/wp-json\/wp\/v2\/pages"}],"about":[{"href":"https:\/\/serr.disabilityrightsca.org\/sp\/wp-json\/wp\/v2\/types\/page"}],"author":[{"embeddable":true,"href":"https:\/\/serr.disabilityrightsca.org\/sp\/wp-json\/wp\/v2\/users\/1"}],"replies":[{"embeddable":true,"href":"https:\/\/serr.disabilityrightsca.org\/sp\/wp-json\/wp\/v2\/comments?post=725"}],"version-history":[{"count":6,"href":"https:\/\/serr.disabilityrightsca.org\/sp\/wp-json\/wp\/v2\/pages\/725\/revisions"}],"predecessor-version":[{"id":4257,"href":"https:\/\/serr.disabilityrightsca.org\/sp\/wp-json\/wp\/v2\/pages\/725\/revisions\/4257"}],"up":[{"embeddable":true,"href":"https:\/\/serr.disabilityrightsca.org\/sp\/wp-json\/wp\/v2\/pages\/335"}],"wp:attachment":[{"href":"https:\/\/serr.disabilityrightsca.org\/sp\/wp-json\/wp\/v2\/media?parent=725"}],"curies":[{"name":"wp","href":"https:\/\/api.w.org\/{rel}","templated":true}]}}