{"id":727,"date":"2019-07-15T15:18:48","date_gmt":"2019-07-15T22:18:48","guid":{"rendered":"http:\/\/www.rula.disabilityrightsca.org\/serr\/sp\/?page_id=727"},"modified":"2020-07-06T14:13:57","modified_gmt":"2020-07-06T21:13:57","slug":"5-37-es-necesario-que-mi-hijo-sea-diagnosticado-como-perturbado-emocionalmente-para-tener-derecho-a-una-colocacion-en-residencias","status":"publish","type":"page","link":"https:\/\/serr.disabilityrightsca.org\/sp\/serr-manual\/capitulo-5-informacion-sobre-los-servicios-relacionados\/5-37-es-necesario-que-mi-hijo-sea-diagnosticado-como-perturbado-emocionalmente-para-tener-derecho-a-una-colocacion-en-residencias\/","title":{"rendered":"(5.37) \u00bfEs necesario que mi hijo sea diagnosticado como perturbado emocionalmente para tener derecho a una colocaci\u00f3n en residencias?"},"content":{"rendered":"\n<p>No. Los alumnos que necesitan colocaci\u00f3n en residencias con fines educativos tienen derecho a tales colocaciones y sus distritos escolares son responsables de brind\u00e1rselas. La ley no requiere que se cumpla una condici\u00f3n espec\u00edfica de elegibilidad para la educaci\u00f3n especial a los fines de recibir colocaciones en residencias. [34 C.F.R. Sec. 300.104].<\/p>\n","protected":false},"excerpt":{"rendered":"<p>No. Los alumnos que necesitan colocaci\u00f3n en residencias con fines educativos tienen derecho a tales colocaciones y sus distritos escolares son responsables de brind\u00e1rselas. La&hellip;<\/p>\n","protected":false},"author":1,"featured_media":0,"parent":335,"menu_order":37,"comment_status":"closed","ping_status":"closed","template":"","meta":{"footnotes":""},"class_list":["post-727","page","type-page","status-publish","hentry"],"_links":{"self":[{"href":"https:\/\/serr.disabilityrightsca.org\/sp\/wp-json\/wp\/v2\/pages\/727","targetHints":{"allow":["GET"]}}],"collection":[{"href":"https:\/\/serr.disabilityrightsca.org\/sp\/wp-json\/wp\/v2\/pages"}],"about":[{"href":"https:\/\/serr.disabilityrightsca.org\/sp\/wp-json\/wp\/v2\/types\/page"}],"author":[{"embeddable":true,"href":"https:\/\/serr.disabilityrightsca.org\/sp\/wp-json\/wp\/v2\/users\/1"}],"replies":[{"embeddable":true,"href":"https:\/\/serr.disabilityrightsca.org\/sp\/wp-json\/wp\/v2\/comments?post=727"}],"version-history":[{"count":3,"href":"https:\/\/serr.disabilityrightsca.org\/sp\/wp-json\/wp\/v2\/pages\/727\/revisions"}],"predecessor-version":[{"id":3684,"href":"https:\/\/serr.disabilityrightsca.org\/sp\/wp-json\/wp\/v2\/pages\/727\/revisions\/3684"}],"up":[{"embeddable":true,"href":"https:\/\/serr.disabilityrightsca.org\/sp\/wp-json\/wp\/v2\/pages\/335"}],"wp:attachment":[{"href":"https:\/\/serr.disabilityrightsca.org\/sp\/wp-json\/wp\/v2\/media?parent=727"}],"curies":[{"name":"wp","href":"https:\/\/api.w.org\/{rel}","templated":true}]}}