{"id":736,"date":"2019-07-15T15:30:36","date_gmt":"2019-07-15T22:30:36","guid":{"rendered":"http:\/\/www.rula.disabilityrightsca.org\/serr\/sp\/?page_id=736"},"modified":"2020-07-06T14:17:20","modified_gmt":"2020-07-06T21:17:20","slug":"5-41-se-requiere-a-los-distritos-que-realicen-una-evaluacion-de-analisis-funcional-functional-analysis-assessment-faa-y-desarrollen-un-plan-de-intervencion-en-la-conducta-positiva-behavior","status":"publish","type":"page","link":"https:\/\/serr.disabilityrightsca.org\/sp\/serr-manual\/capitulo-5-informacion-sobre-los-servicios-relacionados\/5-41-se-requiere-a-los-distritos-que-realicen-una-evaluacion-de-analisis-funcional-functional-analysis-assessment-faa-y-desarrollen-un-plan-de-intervencion-en-la-conducta-positiva-behavior\/","title":{"rendered":"(5.41) \u00bfSe requiere a los distritos que realicen una evaluaci\u00f3n de an\u00e1lisis funcional (functional analysis assessment, FAA) y desarrollen un plan de intervenci\u00f3n en la conducta positiva (behavior intervention plan, BIP)?"},"content":{"rendered":"\n<p>En julio de 2013, la Legislatura de California derog\u00f3 la ley conocida como proyecto de ley Hughes, un conjunto de leyes y reglamentaciones que exig\u00edan a los distritos escolares tomar medidas espec\u00edficas para abordar las necesidades de los alumnos de educaci\u00f3n especial con problemas de conducta. El proyecto de ley Hughes requer\u00eda que los distritos escolares proporcionen servicios adicionales, incluida una evaluaci\u00f3n detallada e integral denominada \u201cevaluaci\u00f3n de an\u00e1lisis funcional\u201d (FAA) y un plan de intervenci\u00f3n en la conducta positiva (BIP), cuando un ni\u00f1o manifiesta conductas graves y peligrosas. Estos servicios ya no se exigen autom\u00e1ticamente como se describ\u00eda en la ley anterior, pero todav\u00eda se requieren evaluaciones de la conducta e intervenciones en la conducta positiva como parte de un IEP. [34 C.F.R. Sec. 300.324(a)(2)(i); Cal. Ed. Code Sec. 56341.1(b)(1)]. Si los problemas de conducta de su hijo son notables, el equipo del IEP a\u00fan debe considerar si su hijo se beneficiar\u00eda de una evaluaci\u00f3n detallada, como una FFA o un BIP. Si su hijo ha tenido un plan de apoyo de la conducta que no ha sido eficaz para abordar su conducta desafiante, debe se\u00f1al\u00e1rselo al equipo del IEP y solicitar que reciba una evaluaci\u00f3n funcional de la conducta detallada, por ejemplo, una FAA, de manera que el equipo del IEP tenga suficiente informaci\u00f3n para desarrollar un plan de intervenci\u00f3n en la conducta positiva m\u00e1s detallado.<\/p>\n","protected":false},"excerpt":{"rendered":"<p>En julio de 2013, la Legislatura de California derog\u00f3 la ley conocida como proyecto de ley Hughes, un conjunto de leyes y reglamentaciones que exig\u00edan&hellip;<\/p>\n","protected":false},"author":1,"featured_media":0,"parent":335,"menu_order":41,"comment_status":"closed","ping_status":"closed","template":"","meta":{"footnotes":""},"class_list":["post-736","page","type-page","status-publish","hentry"],"_links":{"self":[{"href":"https:\/\/serr.disabilityrightsca.org\/sp\/wp-json\/wp\/v2\/pages\/736","targetHints":{"allow":["GET"]}}],"collection":[{"href":"https:\/\/serr.disabilityrightsca.org\/sp\/wp-json\/wp\/v2\/pages"}],"about":[{"href":"https:\/\/serr.disabilityrightsca.org\/sp\/wp-json\/wp\/v2\/types\/page"}],"author":[{"embeddable":true,"href":"https:\/\/serr.disabilityrightsca.org\/sp\/wp-json\/wp\/v2\/users\/1"}],"replies":[{"embeddable":true,"href":"https:\/\/serr.disabilityrightsca.org\/sp\/wp-json\/wp\/v2\/comments?post=736"}],"version-history":[{"count":3,"href":"https:\/\/serr.disabilityrightsca.org\/sp\/wp-json\/wp\/v2\/pages\/736\/revisions"}],"predecessor-version":[{"id":3688,"href":"https:\/\/serr.disabilityrightsca.org\/sp\/wp-json\/wp\/v2\/pages\/736\/revisions\/3688"}],"up":[{"embeddable":true,"href":"https:\/\/serr.disabilityrightsca.org\/sp\/wp-json\/wp\/v2\/pages\/335"}],"wp:attachment":[{"href":"https:\/\/serr.disabilityrightsca.org\/sp\/wp-json\/wp\/v2\/media?parent=736"}],"curies":[{"name":"wp","href":"https:\/\/api.w.org\/{rel}","templated":true}]}}