{"id":738,"date":"2019-07-15T15:31:35","date_gmt":"2019-07-15T22:31:35","guid":{"rendered":"http:\/\/www.rula.disabilityrightsca.org\/serr\/sp\/?page_id=738"},"modified":"2020-08-18T12:17:34","modified_gmt":"2020-08-18T19:17:34","slug":"5-42-como-puedo-obtener-los-servicios-de-evaluacion-de-la-conducta-que-necesita-mi-hijo","status":"publish","type":"page","link":"https:\/\/serr.disabilityrightsca.org\/sp\/serr-manual\/capitulo-5-informacion-sobre-los-servicios-relacionados\/5-42-como-puedo-obtener-los-servicios-de-evaluacion-de-la-conducta-que-necesita-mi-hijo\/","title":{"rendered":"(5.42) \u00bfC\u00f3mo puedo obtener los servicios de evaluaci\u00f3n de la conducta que necesita mi hijo?"},"content":{"rendered":"\n<p>Si su hijo tiene graves problemas de conducta (como intentos de fuga, peleas, interrupci\u00f3n de la clase, o lesiones autoinfligidas) que interfieren con su aprendizaje o la capacidad de otro ni\u00f1o de aprender, o bien ha generado que la colocaci\u00f3n en un aula com\u00fan o entorno menos restrictivo sea riesgosa, debe presentar una solicitud por escrito para que se realice una reuni\u00f3n del IEP a los fines de determinar qu\u00e9 evaluaciones, apoyos y servicios necesita su hijo para abordar sus problemas en una forma positiva.<a> <\/a>Entre los servicios que el equipo del IEP debe considerar se encuentran una detallada evaluaci\u00f3n funcional de la conducta, un plan de apoyo de la conducta y, si corresponde, un plan de intervenci\u00f3n en la conducta positiva, un asistente de conducta personalizado, capacitaci\u00f3n para padres o docentes y la consulta con un especialista en conducta, asesoramiento, servicios y estrategias relacionados con las habilidades sociales, el control de la ira, entre otros, que usted crea que su hijo necesita.<\/p>\n\n\n\n<p>Antes de la reuni\u00f3n del IEP, tambi\u00e9n podr\u00eda\nsolicitar por escrito una evaluaci\u00f3n funcional de la conducta, especialmente si\nla escuela ha desarrollado un plan de apoyo de la conducta o utilizado otras\nestrategias conductuales que no han funcionado para mejorar las conductas\ndesafiantes de su hijo. Esta evaluaci\u00f3n debe estar dise\u00f1ada para obtener\ninformaci\u00f3n detallada sobre la conducta de su hijo (por ejemplo, una\ndescripci\u00f3n detallada de la conducta, frecuencia, duraci\u00f3n, lugar y qu\u00e9 sucede\ninmediatamente antes y despu\u00e9s de que su hijo exhiba la conducta desafiante) y\nsus entornos de aprendizaje para ayudar al equipo del IEP a determinar por qu\u00e9\nsu hijo exhibe la conducta desafiante y qu\u00e9 se puede hacer para ayudarlo al\nrespecto. La Oficina de Programas de Educaci\u00f3n Especial (Office of Special\nEducation Programs, OSEP) ha descrito las evaluaciones funcionales de la\nconducta como \u201cevaluaciones\u201d de conformidad con la ley IDEA. Por lo tanto, debe\ninformar al distrito escolar que, cuando usted solicita una evaluaci\u00f3n\nfuncional de la conducta, se aplican todos los requisitos legales\ncorrespondientes a otras evaluaciones. La nota de\nla OSEP, si bien no es una ley vinculante, se puede utilizar para instar al\ndistrito escolar a que aplique a una evaluaci\u00f3n funcional de la conducta los\nmismos procedimientos que se aplicar\u00edan a cualquier otra evaluaci\u00f3n. Se puede\nencontrar en l\u00ednea un an\u00e1lisis de dicho documento, en la p\u00e1gina web <a href=\"http:\/\/www.cde.ca.gov\/sp\/se\/ac\/bipleafaq.asp\">www.cde.ca.gov\/sp\/se\/ac\/bipleafaq.asp<\/a><\/p>\n\n\n\n<p>La escuela tiene 60 d\u00edas a partir de que firme el plan de evaluaci\u00f3n\nque incluya una evaluaci\u00f3n funcional de la conducta para realizar la evaluaci\u00f3n\ny llevar a cabo otra reuni\u00f3n del IEP para hablar sobre los resultados y\ndeterminar qu\u00e9 servicios, apoyos y otras estrategias conductuales positivas\nnecesita su hijo. [Cal. Ed. Code Sec. 56344(a)] <\/p>\n\n\n\n<p>Si el\ndistrito escolar lleva a cabo una evaluaci\u00f3n funcional de la conducta de su\nhijo, pero usted no cree que la evaluaci\u00f3n sea \u00fatil para determinar qu\u00e9 tipos\nde servicios o apoyos conductuales necesita su hijo, o no est\u00e1 de acuerdo con\nla evaluaci\u00f3n del distrito escolar por otros motivos, le recomendamos que\nsolicite una evaluaci\u00f3n educativa independiente (IEE) financiada por el Estado.\n[34 C.F.R. Sec. 300.502; Cal. Ed. Code Sec. 56329(b)].<\/p>\n\n\n\n<p>Debe realizar esta solicitud por escrito al distrito\nescolar e intentar explicar las partes espec\u00edficas de la evaluaci\u00f3n o los\nm\u00e9todos utilizados para llevar a cabo la evaluaci\u00f3n con la que est\u00e1 en\ndesacuerdo. Si solicita una evaluaci\u00f3n educativa independiente, la ley le exige\nal distrito escolar que acepte pagar por ella o solicite una audiencia de\nproceso debido para demostrar que la evaluaci\u00f3n del distrito es \u201capropiada\u201d.\n[34 C.F.R. Sec. 300.502; Cal. Ed. Code Sec. 56329(b)].<\/p>\n","protected":false},"excerpt":{"rendered":"<p>Si su hijo tiene graves problemas de conducta (como intentos de fuga, peleas, interrupci\u00f3n de la clase, o lesiones autoinfligidas) que interfieren con su aprendizaje&hellip;<\/p>\n","protected":false},"author":1,"featured_media":0,"parent":335,"menu_order":42,"comment_status":"closed","ping_status":"closed","template":"","meta":{"footnotes":""},"class_list":["post-738","page","type-page","status-publish","hentry"],"_links":{"self":[{"href":"https:\/\/serr.disabilityrightsca.org\/sp\/wp-json\/wp\/v2\/pages\/738","targetHints":{"allow":["GET"]}}],"collection":[{"href":"https:\/\/serr.disabilityrightsca.org\/sp\/wp-json\/wp\/v2\/pages"}],"about":[{"href":"https:\/\/serr.disabilityrightsca.org\/sp\/wp-json\/wp\/v2\/types\/page"}],"author":[{"embeddable":true,"href":"https:\/\/serr.disabilityrightsca.org\/sp\/wp-json\/wp\/v2\/users\/1"}],"replies":[{"embeddable":true,"href":"https:\/\/serr.disabilityrightsca.org\/sp\/wp-json\/wp\/v2\/comments?post=738"}],"version-history":[{"count":4,"href":"https:\/\/serr.disabilityrightsca.org\/sp\/wp-json\/wp\/v2\/pages\/738\/revisions"}],"predecessor-version":[{"id":4261,"href":"https:\/\/serr.disabilityrightsca.org\/sp\/wp-json\/wp\/v2\/pages\/738\/revisions\/4261"}],"up":[{"embeddable":true,"href":"https:\/\/serr.disabilityrightsca.org\/sp\/wp-json\/wp\/v2\/pages\/335"}],"wp:attachment":[{"href":"https:\/\/serr.disabilityrightsca.org\/sp\/wp-json\/wp\/v2\/media?parent=738"}],"curies":[{"name":"wp","href":"https:\/\/api.w.org\/{rel}","templated":true}]}}