{"id":740,"date":"2019-07-15T15:32:29","date_gmt":"2019-07-15T22:32:29","guid":{"rendered":"http:\/\/www.rula.disabilityrightsca.org\/serr\/sp\/?page_id=740"},"modified":"2020-07-06T14:19:04","modified_gmt":"2020-07-06T21:19:04","slug":"5-43-cuando-el-distrito-escolar-puede-utilizar-para-mi-hijo-una-intervencion-de-emergencia-en-la-conducta-como-la-reclusion-y-restriccion","status":"publish","type":"page","link":"https:\/\/serr.disabilityrightsca.org\/sp\/serr-manual\/capitulo-5-informacion-sobre-los-servicios-relacionados\/5-43-cuando-el-distrito-escolar-puede-utilizar-para-mi-hijo-una-intervencion-de-emergencia-en-la-conducta-como-la-reclusion-y-restriccion\/","title":{"rendered":"(5.43) \u00bfCu\u00e1ndo el distrito escolar puede utilizar para mi hijo una intervenci\u00f3n de emergencia en la conducta, como la reclusi\u00f3n y restricci\u00f3n?"},"content":{"rendered":"\n<p>Esta parte de la ley de California no ha cambiado.\nLos distritos escolares pueden utilizar intervenciones de emergencia \u00fanicamente\ncuando:<\/p>\n\n\n\n<p>(1)&nbsp;&nbsp;&nbsp;&nbsp;&nbsp;&nbsp;&nbsp; su\nhijo exhibe una conducta espont\u00e1nea, impredecible y<\/p>\n\n\n\n<p>(2)&nbsp;&nbsp;&nbsp;&nbsp;&nbsp;&nbsp;&nbsp;&nbsp; la\nconducta representa un peligro de da\u00f1o f\u00edsico grave para el<\/p>\n\n\n\n<p>alumno u otros y<\/p>\n\n\n\n<p>(3)&nbsp;&nbsp;&nbsp;&nbsp;&nbsp;&nbsp;&nbsp;&nbsp; la\nconducta peligrosa no se puede evitar inmediatamente con una respuesta menos\nrestrictiva que la intervenci\u00f3n de emergencia. <\/p>\n\n\n\n<p>[Cal. Ed. Code Sec. 56521.1(a)].<\/p>\n\n\n\n<p>Los distritos escolares nunca deben reemplazar el\nuso de intervenciones de emergencia en la conducta por intervenciones\nsist\u00e9micas en la conducta positiva. [Cal. Ed. Code Sec. 56521.1(b)].<\/p>\n\n\n\n<p>La escuela\npuede utilizar una intervenci\u00f3n de emergencia, por ejemplo, una restricci\u00f3n\nf\u00edsica, para su hijo \u00fanicamente si es necesario para controlar la conducta\npeligrosa y puede utilizar \u00fanicamente la cantidad de fuerza que sea razonable y\nnecesaria de acuerdo con las circunstancias. [Cal. Ed. Code Sec.\n56521.1(b)(c)].<\/p>\n","protected":false},"excerpt":{"rendered":"<p>Esta parte de la ley de California no ha cambiado. Los distritos escolares pueden utilizar intervenciones de emergencia \u00fanicamente cuando: (1)&nbsp;&nbsp;&nbsp;&nbsp;&nbsp;&nbsp;&nbsp; su hijo exhibe una&hellip;<\/p>\n","protected":false},"author":1,"featured_media":0,"parent":335,"menu_order":43,"comment_status":"closed","ping_status":"closed","template":"","meta":{"footnotes":""},"class_list":["post-740","page","type-page","status-publish","hentry"],"_links":{"self":[{"href":"https:\/\/serr.disabilityrightsca.org\/sp\/wp-json\/wp\/v2\/pages\/740","targetHints":{"allow":["GET"]}}],"collection":[{"href":"https:\/\/serr.disabilityrightsca.org\/sp\/wp-json\/wp\/v2\/pages"}],"about":[{"href":"https:\/\/serr.disabilityrightsca.org\/sp\/wp-json\/wp\/v2\/types\/page"}],"author":[{"embeddable":true,"href":"https:\/\/serr.disabilityrightsca.org\/sp\/wp-json\/wp\/v2\/users\/1"}],"replies":[{"embeddable":true,"href":"https:\/\/serr.disabilityrightsca.org\/sp\/wp-json\/wp\/v2\/comments?post=740"}],"version-history":[{"count":3,"href":"https:\/\/serr.disabilityrightsca.org\/sp\/wp-json\/wp\/v2\/pages\/740\/revisions"}],"predecessor-version":[{"id":3690,"href":"https:\/\/serr.disabilityrightsca.org\/sp\/wp-json\/wp\/v2\/pages\/740\/revisions\/3690"}],"up":[{"embeddable":true,"href":"https:\/\/serr.disabilityrightsca.org\/sp\/wp-json\/wp\/v2\/pages\/335"}],"wp:attachment":[{"href":"https:\/\/serr.disabilityrightsca.org\/sp\/wp-json\/wp\/v2\/media?parent=740"}],"curies":[{"name":"wp","href":"https:\/\/api.w.org\/{rel}","templated":true}]}}