{"id":744,"date":"2019-07-15T15:34:06","date_gmt":"2019-07-15T22:34:06","guid":{"rendered":"http:\/\/www.rula.disabilityrightsca.org\/serr\/sp\/?page_id=744"},"modified":"2020-07-06T14:20:52","modified_gmt":"2020-07-06T21:20:52","slug":"5-45-si-un-distrito-escolar-utiliza-intervenciones-de-emergencia-en-el-comportamiento-tales-como-restricciones-fisicas-sobre-mi-hijo-que-debe-hacer-el-distrito-escolar-y-que-debo-hacer-yo","status":"publish","type":"page","link":"https:\/\/serr.disabilityrightsca.org\/sp\/serr-manual\/capitulo-5-informacion-sobre-los-servicios-relacionados\/5-45-si-un-distrito-escolar-utiliza-intervenciones-de-emergencia-en-el-comportamiento-tales-como-restricciones-fisicas-sobre-mi-hijo-que-debe-hacer-el-distrito-escolar-y-que-debo-hacer-yo\/","title":{"rendered":"(5.45) Si un distrito escolar utiliza intervenciones de emergencia en el comportamiento, tales como restricciones f\u00edsicas sobre mi hijo, \u00bfqu\u00e9 debe hacer el distrito escolar y qu\u00e9 debo hacer yo?"},"content":{"rendered":"\n<p>Si la escuela utiliza intervenciones de emergencia\nen la conducta para su hijo, los distritos escolares deben notificarlo dentro\ndel plazo de un d\u00eda escolar. [Cal. Ed. Code Sec. 56521.1(e)]. El distrito\nescolar tambi\u00e9n debe completar un informe de emergencia de la conducta con\ninformaci\u00f3n sobre los eventos que provocaron el uso de la intervenci\u00f3n de\nemergencia en la conducta y describir el uso de dicha intervenci\u00f3n. El distrito\ndebe incluir esto en el expediente de su hijo. [Cal. Ed. Code Sec. 56521.1(e)].\nEl distrito no tiene la obligaci\u00f3n de entregarle una copia de este informe a\nmenos que lo solicite. Debe realizar una solicitud por escrito de este informe,\nsi se entera de que se utiliz\u00f3 una intervenci\u00f3n de emergencia en la conducta\ncon su hijo.<\/p>\n\n\n\n<p>Si su hijo no tiene un plan de intervenci\u00f3n en la\nconducta, el distrito escolar debe programar una reuni\u00f3n del IEP dentro de un\nplazo de dos d\u00edas despu\u00e9s de la intervenci\u00f3n de emergencia para determinar si\nse necesita una evaluaci\u00f3n funcional de la conducta y si su hijo necesita un\nplan de conducta de emergencia mientras se realiza la evaluaci\u00f3n. [Cal. Ed.\nCode Sec. 56521.1(g)]. Si su hijo ya tiene un plan de intervenci\u00f3n en la\nconducta positiva, el distrito debe programar una reuni\u00f3n del IEP para\nevaluarlo y probablemente cambiarlo si la escuela ha utilizado una intervenci\u00f3n\nde emergencia en la conducta para su hijo porque ha exhibido una conducta no\nincluida en el plan o este no ha sido eficaz para abordar la conducta. [Cal.\nEd. Code Sec. 56521.1(h)].<\/p>\n\n\n\n<p>Si se le informa que la escuela de su hijo utiliz\u00f3\nuna intervenci\u00f3n de emergencia en la conducta para su hijo, por ejemplo, la\nrestricci\u00f3n o reclusi\u00f3n, debe recordarle al distrito escolar su obligaci\u00f3n de\nprogramar una reuni\u00f3n del IEP para desarrollar un plan de apoyo conductual\nnuevo o modificado para su hijo. Si el distrito escolar no lo hace, le\nrecomendamos que presente una demanda de cumplimiento.<\/p>\n","protected":false},"excerpt":{"rendered":"<p>Si la escuela utiliza intervenciones de emergencia en la conducta para su hijo, los distritos escolares deben notificarlo dentro del plazo de un d\u00eda escolar.&hellip;<\/p>\n","protected":false},"author":1,"featured_media":0,"parent":335,"menu_order":45,"comment_status":"closed","ping_status":"closed","template":"","meta":{"footnotes":""},"class_list":["post-744","page","type-page","status-publish","hentry"],"_links":{"self":[{"href":"https:\/\/serr.disabilityrightsca.org\/sp\/wp-json\/wp\/v2\/pages\/744","targetHints":{"allow":["GET"]}}],"collection":[{"href":"https:\/\/serr.disabilityrightsca.org\/sp\/wp-json\/wp\/v2\/pages"}],"about":[{"href":"https:\/\/serr.disabilityrightsca.org\/sp\/wp-json\/wp\/v2\/types\/page"}],"author":[{"embeddable":true,"href":"https:\/\/serr.disabilityrightsca.org\/sp\/wp-json\/wp\/v2\/users\/1"}],"replies":[{"embeddable":true,"href":"https:\/\/serr.disabilityrightsca.org\/sp\/wp-json\/wp\/v2\/comments?post=744"}],"version-history":[{"count":3,"href":"https:\/\/serr.disabilityrightsca.org\/sp\/wp-json\/wp\/v2\/pages\/744\/revisions"}],"predecessor-version":[{"id":3692,"href":"https:\/\/serr.disabilityrightsca.org\/sp\/wp-json\/wp\/v2\/pages\/744\/revisions\/3692"}],"up":[{"embeddable":true,"href":"https:\/\/serr.disabilityrightsca.org\/sp\/wp-json\/wp\/v2\/pages\/335"}],"wp:attachment":[{"href":"https:\/\/serr.disabilityrightsca.org\/sp\/wp-json\/wp\/v2\/media?parent=744"}],"curies":[{"name":"wp","href":"https:\/\/api.w.org\/{rel}","templated":true}]}}