{"id":748,"date":"2019-07-15T15:36:16","date_gmt":"2019-07-15T22:36:16","guid":{"rendered":"http:\/\/www.rula.disabilityrightsca.org\/serr\/sp\/?page_id=748"},"modified":"2020-07-06T14:22:12","modified_gmt":"2020-07-06T21:22:12","slug":"5-47-que-es-la-tecnologia-asistencial","status":"publish","type":"page","link":"https:\/\/serr.disabilityrightsca.org\/sp\/serr-manual\/capitulo-5-informacion-sobre-los-servicios-relacionados\/5-47-que-es-la-tecnologia-asistencial\/","title":{"rendered":"(5.47) \u00bfQu\u00e9 es la tecnolog\u00eda asistencial?"},"content":{"rendered":"\n<p>Un dispositivo de tecnolog\u00eda asistencial (assistive\ntechnology, AT) es cualquier art\u00edculo, pieza de equipamiento o sistema de\nproductos (ya sea adquirido comercialmente en una tienda, o bien modificado, o <\/p>\n\n\n\n<p>hecho a pedido) que se utiliza para incrementar,\nmantener o mejorar las capacidades funcionales de los alumnos con\ndiscapacidades. [34 C.F.R. Sec. 300.5; Cal. Ed. Code Sec. 56020.5]. La\ntecnolog\u00eda asistencial hace referencia a: cualquier servicio que ayude de forma\ndirecta a un alumno con una discapacidad en la selecci\u00f3n, adquisici\u00f3n o\nutilizaci\u00f3n de un dispositivo de tecnolog\u00eda asistencial. Incluye los siguientes\naspectos: <\/p>\n\n\n\n<ul class=\"wp-block-list\"><li>Evaluaci\u00f3n de\nlas necesidades de un alumno con una discapacidad, incluida la evaluaci\u00f3n funcional\ndel ni\u00f1o en su entorno habitual; <\/li><li>Compra,\nalquiler o cualquier otro acto destinado a la adquisici\u00f3n de dispositivos de\ntecnolog\u00eda asistencial por parte de alumnos con discapacidades; <\/li><li>Selecci\u00f3n,\ndise\u00f1o, acondicionamiento, personalizaci\u00f3n, adaptaci\u00f3n, aplicaci\u00f3n,\nmantenimiento, reparaci\u00f3n o reemplazo de los dispositivos de tecnolog\u00eda\nasistencial; <\/li><li>Coordinaci\u00f3n\ny uso de otras terapias, intervenciones o servicios a trav\u00e9s de dispositivos de\ntecnolog\u00eda asistencial, tales como aquellos vinculados con la educaci\u00f3n actual\ny programas y planes de rehabilitaci\u00f3n; <\/li><li>Capacitaci\u00f3n\ny asistencia t\u00e9cnica para un alumno con una discapacidad o, si corresponde,\npara la familia del alumno y <\/li><li>Capacitaci\u00f3n\no asistencia t\u00e9cnica para profesionales (incluidas las personas que brindan\neducaci\u00f3n o servicios de rehabilitaci\u00f3n), empleados u otras personas que\nprestan servicios, emplean o de otro modo est\u00e1n sustancialmente involucradas en\nlas funciones vitales del alumno. <\/li><\/ul>\n\n\n\n<p>&nbsp;[34 C.F.R. Sec. 300.6; 5 C.C.R. Sec. 3051.19]. <\/p>\n\n\n\n<p>La lista de\nart\u00edculos o servicios que pueden constituir una tecnolog\u00eda asistencial conforme\na la IDEA es bastante amplia y se extiende a art\u00edculos tales como anteojos y\naud\u00edfonos. [Departamento de Educaci\u00f3n de Estados Unidos (U.S. Department of\nEducation), Oficina de Programas de Educaci\u00f3n Especial (OSEP) (1995); 22 IDELR\n629; OSEP (1993) 20 IDELR 1216; consulte tambi\u00e9n Fed. Reg. Vol. 71, No. 156, p.\n46581, 8\/14\/06.] Sin embargo, los medicamentos fueron excluidos espec\u00edficamente\nde las consideraciones como tecnolog\u00eda asistencial o servicio. [64 Fed. Reg.\n12540 (3\/12\/99)]. La Oficina de Programas de Educaci\u00f3n Especial estableci\u00f3 que\nla tecnolog\u00eda asistencial abarca tanto las propias necesidades personales de un\nalumno con discapacidad de disponer de este tipo de dispositivos (por ejemplo,\nanotadores electr\u00f3nicos, grabadoras de casetes, etc.), como as\u00ed tambi\u00e9n el\nacceso a los dispositivos de tecnolog\u00eda general utilizados por todos los\nalumnos. Por ende, si un alumno elegible no es capaz de utilizar, sin una\nadaptaci\u00f3n espec\u00edfica, el dispositivo de tecnolog\u00eda que utilizan todos los\ndem\u00e1s alumnos, la agencia debe garantizar que se proporcione la adaptaci\u00f3n\nnecesaria. Adem\u00e1s, los distritos deben garantizar que los alumnos, maestros y\ndem\u00e1s personal reciban la instrucci\u00f3n de servicio necesaria para el\nfuncionamiento y mantenimiento de la tecnolog\u00eda. [64 Fed. Reg. 12540\n(3\/12\/99)]. <\/p>\n","protected":false},"excerpt":{"rendered":"<p>Un dispositivo de tecnolog\u00eda asistencial (assistive technology, AT) es cualquier art\u00edculo, pieza de equipamiento o sistema de productos (ya sea adquirido comercialmente en una tienda,&hellip;<\/p>\n","protected":false},"author":1,"featured_media":0,"parent":335,"menu_order":47,"comment_status":"closed","ping_status":"closed","template":"","meta":{"footnotes":""},"class_list":["post-748","page","type-page","status-publish","hentry"],"_links":{"self":[{"href":"https:\/\/serr.disabilityrightsca.org\/sp\/wp-json\/wp\/v2\/pages\/748","targetHints":{"allow":["GET"]}}],"collection":[{"href":"https:\/\/serr.disabilityrightsca.org\/sp\/wp-json\/wp\/v2\/pages"}],"about":[{"href":"https:\/\/serr.disabilityrightsca.org\/sp\/wp-json\/wp\/v2\/types\/page"}],"author":[{"embeddable":true,"href":"https:\/\/serr.disabilityrightsca.org\/sp\/wp-json\/wp\/v2\/users\/1"}],"replies":[{"embeddable":true,"href":"https:\/\/serr.disabilityrightsca.org\/sp\/wp-json\/wp\/v2\/comments?post=748"}],"version-history":[{"count":3,"href":"https:\/\/serr.disabilityrightsca.org\/sp\/wp-json\/wp\/v2\/pages\/748\/revisions"}],"predecessor-version":[{"id":3694,"href":"https:\/\/serr.disabilityrightsca.org\/sp\/wp-json\/wp\/v2\/pages\/748\/revisions\/3694"}],"up":[{"embeddable":true,"href":"https:\/\/serr.disabilityrightsca.org\/sp\/wp-json\/wp\/v2\/pages\/335"}],"wp:attachment":[{"href":"https:\/\/serr.disabilityrightsca.org\/sp\/wp-json\/wp\/v2\/media?parent=748"}],"curies":[{"name":"wp","href":"https:\/\/api.w.org\/{rel}","templated":true}]}}