{"id":752,"date":"2019-07-15T15:58:11","date_gmt":"2019-07-15T22:58:11","guid":{"rendered":"http:\/\/www.rula.disabilityrightsca.org\/serr\/sp\/?page_id=752"},"modified":"2020-07-06T14:23:55","modified_gmt":"2020-07-06T21:23:55","slug":"5-49-puede-utilizar-mi-hijo-un-equipo-de-tecnologia-asistencial-fuera-del-ambito-escolar","status":"publish","type":"page","link":"https:\/\/serr.disabilityrightsca.org\/sp\/serr-manual\/capitulo-5-informacion-sobre-los-servicios-relacionados\/5-49-puede-utilizar-mi-hijo-un-equipo-de-tecnologia-asistencial-fuera-del-ambito-escolar\/","title":{"rendered":"(5.49) \u00bfPuede utilizar mi hijo un equipo de tecnolog\u00eda asistencial fuera del \u00e1mbito escolar?"},"content":{"rendered":"\n<p>S\u00ed. Si el equipo del IEP determina que su hijo tiene la necesidad de un equipo de tecnolog\u00eda asistencial, debe considerar si requiere de dicha tecnolog\u00eda en la escuela, el hogar u otros lugares en el desarrollo del IEP. [34 C.F.R. Sec. 300.324(a)(2)(v); Cal. Ed. Code Sec. 56341.1(b)(5)]. El distrito escolar debe permitirle a su hijo utilizar la tecnolog\u00eda asistencial adquirida por la escuela en el hogar o en otros entornos, si el equipo del IEP determina que el ni\u00f1o necesita tener acceso a tales dispositivos en entornos fuera de la escuela, a los fines de recibir una educaci\u00f3n adecuada (por ejemplo, completar las tareas). [34 C.F.R. Sec. 300.105(b)]. <\/p>\n","protected":false},"excerpt":{"rendered":"<p>S\u00ed. Si el equipo del IEP determina que su hijo tiene la necesidad de un equipo de tecnolog\u00eda asistencial, debe considerar si requiere de dicha&hellip;<\/p>\n","protected":false},"author":1,"featured_media":0,"parent":335,"menu_order":49,"comment_status":"closed","ping_status":"closed","template":"","meta":{"footnotes":""},"class_list":["post-752","page","type-page","status-publish","hentry"],"_links":{"self":[{"href":"https:\/\/serr.disabilityrightsca.org\/sp\/wp-json\/wp\/v2\/pages\/752","targetHints":{"allow":["GET"]}}],"collection":[{"href":"https:\/\/serr.disabilityrightsca.org\/sp\/wp-json\/wp\/v2\/pages"}],"about":[{"href":"https:\/\/serr.disabilityrightsca.org\/sp\/wp-json\/wp\/v2\/types\/page"}],"author":[{"embeddable":true,"href":"https:\/\/serr.disabilityrightsca.org\/sp\/wp-json\/wp\/v2\/users\/1"}],"replies":[{"embeddable":true,"href":"https:\/\/serr.disabilityrightsca.org\/sp\/wp-json\/wp\/v2\/comments?post=752"}],"version-history":[{"count":3,"href":"https:\/\/serr.disabilityrightsca.org\/sp\/wp-json\/wp\/v2\/pages\/752\/revisions"}],"predecessor-version":[{"id":3696,"href":"https:\/\/serr.disabilityrightsca.org\/sp\/wp-json\/wp\/v2\/pages\/752\/revisions\/3696"}],"up":[{"embeddable":true,"href":"https:\/\/serr.disabilityrightsca.org\/sp\/wp-json\/wp\/v2\/pages\/335"}],"wp:attachment":[{"href":"https:\/\/serr.disabilityrightsca.org\/sp\/wp-json\/wp\/v2\/media?parent=752"}],"curies":[{"name":"wp","href":"https:\/\/api.w.org\/{rel}","templated":true}]}}