{"id":754,"date":"2019-07-15T15:59:06","date_gmt":"2019-07-15T22:59:06","guid":{"rendered":"http:\/\/www.rula.disabilityrightsca.org\/serr\/sp\/?page_id=754"},"modified":"2020-07-06T14:24:37","modified_gmt":"2020-07-06T21:24:37","slug":"5-50-quien-debe-pagar-los-dispositivos-de-tecnologia-asistencial","status":"publish","type":"page","link":"https:\/\/serr.disabilityrightsca.org\/sp\/serr-manual\/capitulo-5-informacion-sobre-los-servicios-relacionados\/5-50-quien-debe-pagar-los-dispositivos-de-tecnologia-asistencial\/","title":{"rendered":"(5.50) \u00bfQui\u00e9n debe pagar los dispositivos de tecnolog\u00eda asistencial?"},"content":{"rendered":"\n<p> A pesar de que la mayor\u00eda de los equipos de tecnolog\u00eda asistencial no es costosa, uno de los obst\u00e1culos m\u00e1s comunes al momento de proveer este tipo de tecnolog\u00eda es el costo y la cuesti\u00f3n relativa a qui\u00e9n es responsable de la compra del equipamiento. De conformidad con la ley federal, los distritos son responsables de proporcionar (y financiar) todos los servicios necesarios para brindar la FAPE a un alumno, incluida la tecnolog\u00eda asistencial, sin costo alguno para los padres. [34 C.F.R. Sec. 300.105(a)]. Sin embargo, a pesar de que el distrito puede ser <em>propietario<\/em> de los dispositivos, los padres son responsables por la p\u00e9rdida, robo o da\u00f1o derivado de la negligencia o mal uso del equipo utilizado en el hogar o en otros entornos.  <\/p>\n","protected":false},"excerpt":{"rendered":"<p>A pesar de que la mayor\u00eda de los equipos de tecnolog\u00eda asistencial no es costosa, uno de los obst\u00e1culos m\u00e1s comunes al momento de proveer&hellip;<\/p>\n","protected":false},"author":1,"featured_media":0,"parent":335,"menu_order":50,"comment_status":"closed","ping_status":"closed","template":"","meta":{"footnotes":""},"class_list":["post-754","page","type-page","status-publish","hentry"],"_links":{"self":[{"href":"https:\/\/serr.disabilityrightsca.org\/sp\/wp-json\/wp\/v2\/pages\/754","targetHints":{"allow":["GET"]}}],"collection":[{"href":"https:\/\/serr.disabilityrightsca.org\/sp\/wp-json\/wp\/v2\/pages"}],"about":[{"href":"https:\/\/serr.disabilityrightsca.org\/sp\/wp-json\/wp\/v2\/types\/page"}],"author":[{"embeddable":true,"href":"https:\/\/serr.disabilityrightsca.org\/sp\/wp-json\/wp\/v2\/users\/1"}],"replies":[{"embeddable":true,"href":"https:\/\/serr.disabilityrightsca.org\/sp\/wp-json\/wp\/v2\/comments?post=754"}],"version-history":[{"count":3,"href":"https:\/\/serr.disabilityrightsca.org\/sp\/wp-json\/wp\/v2\/pages\/754\/revisions"}],"predecessor-version":[{"id":3697,"href":"https:\/\/serr.disabilityrightsca.org\/sp\/wp-json\/wp\/v2\/pages\/754\/revisions\/3697"}],"up":[{"embeddable":true,"href":"https:\/\/serr.disabilityrightsca.org\/sp\/wp-json\/wp\/v2\/pages\/335"}],"wp:attachment":[{"href":"https:\/\/serr.disabilityrightsca.org\/sp\/wp-json\/wp\/v2\/media?parent=754"}],"curies":[{"name":"wp","href":"https:\/\/api.w.org\/{rel}","templated":true}]}}