{"id":758,"date":"2019-07-15T16:05:03","date_gmt":"2019-07-15T23:05:03","guid":{"rendered":"http:\/\/www.rula.disabilityrightsca.org\/serr\/sp\/?page_id=758"},"modified":"2020-07-06T15:41:30","modified_gmt":"2020-07-06T22:41:30","slug":"5-52-carta-de-muestra-para-el-distrito-escolar-mediante-la-cual-se-solicite-una-evaluacion-funcional-independiente-de-la-conducta-financiada-por-el-estado","status":"publish","type":"page","link":"https:\/\/serr.disabilityrightsca.org\/sp\/serr-manual\/capitulo-5-informacion-sobre-los-servicios-relacionados\/5-52-carta-de-muestra-para-el-distrito-escolar-mediante-la-cual-se-solicite-una-evaluacion-funcional-independiente-de-la-conducta-financiada-por-el-estado\/","title":{"rendered":"(5.52) Carta de muestra para el distrito escolar mediante la cual se solicite una evaluaci\u00f3n funcional independiente de la conducta financiada por el Estado"},"content":{"rendered":"\n<p><\/p>\n\n\n\n<p>Nombre de\nmadre\/padre<\/p>\n\n\n\n<p>Direcci\u00f3n<\/p>\n\n\n\n<p>N\u00famero de\ntel\u00e9fono<\/p>\n\n\n\n<p>Fecha<\/p>\n\n\n\n<p>Nombre, director de educaci\u00f3n especial, distrito\nescolar unificado local <\/p>\n\n\n\n<p>Direcci\u00f3n<\/p>\n\n\n\n<p>Ref.: nombre\ndel ni\u00f1o<\/p>\n\n\n\n<p>Estimado\ndirector de educaci\u00f3n especial:<\/p>\n\n\n\n<p>Hemos recibido la evaluaci\u00f3n de nuestro hijo\nrealizada por el personal del distrito el [agregar la fecha de evaluaci\u00f3n]. No\nestamos de acuerdo con dicha evaluaci\u00f3n porque no incluye una adecuada\nevaluaci\u00f3n funcional de la conducta de nuestro hijo. Ya que creemos que la\nevaluaci\u00f3n actual no muestra una imagen precisa de las necesidades relacionadas\ncon la conducta de nuestro hijo, lo cual incluye la funci\u00f3n de la conducta de\nnuestro hijo y los factores ambientales que podr\u00edan contribuir con dicha\nconducta, solicitamos una evaluaci\u00f3n funcional independiente de la conducta\nfinanciada por el Estado, conforme al CFR, t\u00edtulo 34, secci\u00f3n 300.502 y el\nC\u00f3digo de Educaci\u00f3n de California, art\u00edculo 56329.<\/p>\n\n\n\n<p>Estamos en\ndesacuerdo con la evaluaci\u00f3n porque:<\/p>\n\n\n\n<p>[incluya los motivos por los cuales est\u00e1 en\ndisconformidad con la evaluaci\u00f3n, por ejemplo, una o m\u00e1s de las siguientes\nafirmaciones, si corresponde]<\/p>\n\n\n\n<p>Las observaciones, entrevistas y otros datos sobre\nlos cuales se bas\u00f3 la evaluaci\u00f3n no son lo suficientemente amplios para\nidentificar la funci\u00f3n o el objetivo de la conducta de mi hijo y abordar todas\nsus necesidades relacionadas con la conducta.<\/p>\n\n\n\n<p>La evaluaci\u00f3n no incluye un an\u00e1lisis de los\nantecedentes (hechos que suceden justo antes) y las consecuencias (hechos que\nsuceden como resultado de la conducta desafiante o la conducta alternativa\npositiva de mi hijo) y, por lo tanto, no ayuda directamente al equipo del IEP\nen el desarrollo o la modificaci\u00f3n de un plan de intervenci\u00f3n en la conducta\npositiva para mi hijo.<\/p>\n\n\n\n<p>La evaluaci\u00f3n no fue llevada a cabo por personal\ncapacitado o con experiencia en la realizaci\u00f3n de evaluaciones funcionales de\nla conducta.<\/p>\n\n\n\n<p>Las normas federales exigen que responda a esta\nsolicitud \u201csin retraso innecesario\u201d al garantizar que a mi hijo se le realice\nuna evaluaci\u00f3n educativa independiente financiada por el Estado o presentar una\nnotificaci\u00f3n de demanda de debido proceso para solicitar una audiencia y\ndemostrar que su evaluaci\u00f3n de an\u00e1lisis funcional es apropiada. [34 C.F.R.\nsection 300.502(b)].<\/p>\n\n\n\n<p>Esperamos trabajar con usted en forma conjunta,\nllegar a un acuerdo con respecto al asesor independiente calificado y comenzar\na avanzar con la evaluaci\u00f3n funcional independiente de la conducta, de\nconformidad con los requisitos de evaluaci\u00f3n federales y estatales.<\/p>\n\n\n\n<p>Responda a esta solicitud tan pronto como sea\nposible.<\/p>\n\n\n\n<p>Atentamente.<\/p>\n\n\n\n<p>Nombre de\nmadre\/padre<\/p>\n","protected":false},"excerpt":{"rendered":"<p>Nombre de madre\/padre Direcci\u00f3n N\u00famero de tel\u00e9fono Fecha Nombre, director de educaci\u00f3n especial, distrito escolar unificado local Direcci\u00f3n Ref.: nombre del ni\u00f1o Estimado director de&hellip;<\/p>\n","protected":false},"author":1,"featured_media":0,"parent":335,"menu_order":52,"comment_status":"closed","ping_status":"closed","template":"","meta":{"footnotes":""},"class_list":["post-758","page","type-page","status-publish","hentry"],"_links":{"self":[{"href":"https:\/\/serr.disabilityrightsca.org\/sp\/wp-json\/wp\/v2\/pages\/758","targetHints":{"allow":["GET"]}}],"collection":[{"href":"https:\/\/serr.disabilityrightsca.org\/sp\/wp-json\/wp\/v2\/pages"}],"about":[{"href":"https:\/\/serr.disabilityrightsca.org\/sp\/wp-json\/wp\/v2\/types\/page"}],"author":[{"embeddable":true,"href":"https:\/\/serr.disabilityrightsca.org\/sp\/wp-json\/wp\/v2\/users\/1"}],"replies":[{"embeddable":true,"href":"https:\/\/serr.disabilityrightsca.org\/sp\/wp-json\/wp\/v2\/comments?post=758"}],"version-history":[{"count":3,"href":"https:\/\/serr.disabilityrightsca.org\/sp\/wp-json\/wp\/v2\/pages\/758\/revisions"}],"predecessor-version":[{"id":3700,"href":"https:\/\/serr.disabilityrightsca.org\/sp\/wp-json\/wp\/v2\/pages\/758\/revisions\/3700"}],"up":[{"embeddable":true,"href":"https:\/\/serr.disabilityrightsca.org\/sp\/wp-json\/wp\/v2\/pages\/335"}],"wp:attachment":[{"href":"https:\/\/serr.disabilityrightsca.org\/sp\/wp-json\/wp\/v2\/media?parent=758"}],"curies":[{"name":"wp","href":"https:\/\/api.w.org\/{rel}","templated":true}]}}