{"id":893,"date":"2019-07-16T11:35:46","date_gmt":"2019-07-16T18:35:46","guid":{"rendered":"http:\/\/www.rula.disabilityrightsca.org\/serr\/sp\/?page_id=893"},"modified":"2024-07-23T15:34:48","modified_gmt":"2024-07-23T22:34:48","slug":"13-1-cual-es-la-ley-federal-que-requiere-los-servicios-de-educacion-preescolar","status":"publish","type":"page","link":"https:\/\/serr.disabilityrightsca.org\/sp\/serr-manual\/capitulo-13-informacion-sobre-los-servicios-de-educacion-preescolar\/13-1-cual-es-la-ley-federal-que-requiere-los-servicios-de-educacion-preescolar\/","title":{"rendered":"(13.1) \u00bfCu\u00e1l es la ley federal que requiere los servicios de educaci\u00f3n preescolar?"},"content":{"rendered":"\n<p>La Ley P\u00fablica (PL) 99-457 aprobada en 1986, es una ley federal que ampl\u00eda los servicios para los ni\u00f1os menores de 5 a\u00f1os de edad que necesitan educaci\u00f3n especial. Esta ley ahora es parte de la Ley de Educaci\u00f3n para Personas con Discapacidad (Individuals with Disabilities Education Act, IDEA) y tiene becas disponibles para los estados a los fines de que proporcionen educaci\u00f3n especial y servicios relacionados a los ni\u00f1os con discapacidades de entre 3 y 5 a\u00f1os de edad. [20 United States Code (U.S.C.) Sec.1419]. En California, las oportunidades de educaci\u00f3n temprana tambi\u00e9n se encuentran disponibles para los ni\u00f1os menores de tres a\u00f1os de edad. [California Education Code (Cal. Ed. Code) Sec. 56425 y subsiguientes; Government Code (Cal. Govt. Code) Sec. 95000 y subsiguientes]. Consulte el <a href=\"https:\/\/serr.disabilityrightsca.org\/sp\/serr-manual\/capitulo-12-informacion-sobre-los-servicios-de-intervencion-temprana\/\">cap\u00edtulo 12, <em>Informaci\u00f3n sobre los servicios intervenci\u00f3n temprana.<\/em> <\/a><\/p>\n","protected":false},"excerpt":{"rendered":"<p>La Ley P\u00fablica (PL) 99-457 aprobada en 1986, es una ley federal que ampl\u00eda los servicios para los ni\u00f1os menores de 5 a\u00f1os de edad&hellip;<\/p>\n","protected":false},"author":1,"featured_media":0,"parent":357,"menu_order":1,"comment_status":"closed","ping_status":"closed","template":"","meta":{"footnotes":""},"class_list":["post-893","page","type-page","status-publish","hentry"],"_links":{"self":[{"href":"https:\/\/serr.disabilityrightsca.org\/sp\/wp-json\/wp\/v2\/pages\/893","targetHints":{"allow":["GET"]}}],"collection":[{"href":"https:\/\/serr.disabilityrightsca.org\/sp\/wp-json\/wp\/v2\/pages"}],"about":[{"href":"https:\/\/serr.disabilityrightsca.org\/sp\/wp-json\/wp\/v2\/types\/page"}],"author":[{"embeddable":true,"href":"https:\/\/serr.disabilityrightsca.org\/sp\/wp-json\/wp\/v2\/users\/1"}],"replies":[{"embeddable":true,"href":"https:\/\/serr.disabilityrightsca.org\/sp\/wp-json\/wp\/v2\/comments?post=893"}],"version-history":[{"count":7,"href":"https:\/\/serr.disabilityrightsca.org\/sp\/wp-json\/wp\/v2\/pages\/893\/revisions"}],"predecessor-version":[{"id":4283,"href":"https:\/\/serr.disabilityrightsca.org\/sp\/wp-json\/wp\/v2\/pages\/893\/revisions\/4283"}],"up":[{"embeddable":true,"href":"https:\/\/serr.disabilityrightsca.org\/sp\/wp-json\/wp\/v2\/pages\/357"}],"wp:attachment":[{"href":"https:\/\/serr.disabilityrightsca.org\/sp\/wp-json\/wp\/v2\/media?parent=893"}],"curies":[{"name":"wp","href":"https:\/\/api.w.org\/{rel}","templated":true}]}}