{"id":899,"date":"2019-07-16T11:46:20","date_gmt":"2019-07-16T18:46:20","guid":{"rendered":"http:\/\/www.rula.disabilityrightsca.org\/serr\/sp\/?page_id=899"},"modified":"2024-07-23T15:34:16","modified_gmt":"2024-07-23T22:34:16","slug":"13-3-los-distritos-escolares-son-responsables-de-la-implementacion-total-de-los-servicios-para-ninos-de-3-a-5-anos-de-edad","status":"publish","type":"page","link":"https:\/\/serr.disabilityrightsca.org\/sp\/serr-manual\/capitulo-13-informacion-sobre-los-servicios-de-educacion-preescolar\/13-3-los-distritos-escolares-son-responsables-de-la-implementacion-total-de-los-servicios-para-ninos-de-3-a-5-anos-de-edad\/","title":{"rendered":"(13.3) \u00bfLos distritos escolares son responsables de la implementaci\u00f3n total de los servicios para ni\u00f1os de 3 a 5 a\u00f1os de edad?"},"content":{"rendered":"\n<p>S\u00ed. De\nconformidad con la ley de California, todos los distritos tienen la obligaci\u00f3n\nde proporcionar educaci\u00f3n especial y servicios para todos los ni\u00f1os elegibles\nentre los tres y cinco a\u00f1os de edad, inclusive. [Cal. Ed. Code Secs. 56001(b)\n&amp; 56440(c)]. <\/p>\n\n\n\n<p>Si un ni\u00f1o ya recibe los servicios de \u201cintervenci\u00f3n temprana\u201d o del \u201cprograma de inicio temprano\u201d del distrito, este debe garantizar que experimente una transici\u00f3n efectiva y sin inconvenientes a los programas de preescolar. [20 U.S.C. Sec. 1437(a)(9); Cal. Ed. Code Sec. 56426.9(a)]. Tambi\u00e9n debe asegurar que el programa educativo individualizado (individual education program, IEP) haya sido desarrollado e implementado para la fecha en la que el ni\u00f1o cumple los 3 a\u00f1os de edad. [Cal. Ed. Code Sec. 56426.9(b); 34 Code of Federal Regulations (C.F.R.) Sec. 300.124(b)]. Si un ni\u00f1o cumple tres a\u00f1os durante los meses del verano, el equipo del IEP debe determinar la fecha de inicio de la prestaci\u00f3n de los servicios del IEP. [Cal. Ed. Code Sec. 56426.9(d)]. El distrito debe participar en conferencias de planificaci\u00f3n de la transici\u00f3n organizadas por el centro regional. [20 U.S.C. Sec. 1437(a)(9); Cal. Ed. Code Sec. 56426,9(c)]. Consulte el <a href=\"https:\/\/serr.disabilityrightsca.org\/sp\/serr-manual\/capitulo-12-informacion-sobre-los-servicios-de-intervencion-temprana\/\">cap\u00edtulo 12, <em>Informaci\u00f3n sobre los servicios intervenci\u00f3n temprana.<\/em><\/a><\/p>\n","protected":false},"excerpt":{"rendered":"<p>S\u00ed. De conformidad con la ley de California, todos los distritos tienen la obligaci\u00f3n de proporcionar educaci\u00f3n especial y servicios para todos los ni\u00f1os elegibles&hellip;<\/p>\n","protected":false},"author":1,"featured_media":0,"parent":357,"menu_order":3,"comment_status":"closed","ping_status":"closed","template":"","meta":{"footnotes":""},"class_list":["post-899","page","type-page","status-publish","hentry"],"_links":{"self":[{"href":"https:\/\/serr.disabilityrightsca.org\/sp\/wp-json\/wp\/v2\/pages\/899","targetHints":{"allow":["GET"]}}],"collection":[{"href":"https:\/\/serr.disabilityrightsca.org\/sp\/wp-json\/wp\/v2\/pages"}],"about":[{"href":"https:\/\/serr.disabilityrightsca.org\/sp\/wp-json\/wp\/v2\/types\/page"}],"author":[{"embeddable":true,"href":"https:\/\/serr.disabilityrightsca.org\/sp\/wp-json\/wp\/v2\/users\/1"}],"replies":[{"embeddable":true,"href":"https:\/\/serr.disabilityrightsca.org\/sp\/wp-json\/wp\/v2\/comments?post=899"}],"version-history":[{"count":6,"href":"https:\/\/serr.disabilityrightsca.org\/sp\/wp-json\/wp\/v2\/pages\/899\/revisions"}],"predecessor-version":[{"id":4284,"href":"https:\/\/serr.disabilityrightsca.org\/sp\/wp-json\/wp\/v2\/pages\/899\/revisions\/4284"}],"up":[{"embeddable":true,"href":"https:\/\/serr.disabilityrightsca.org\/sp\/wp-json\/wp\/v2\/pages\/357"}],"wp:attachment":[{"href":"https:\/\/serr.disabilityrightsca.org\/sp\/wp-json\/wp\/v2\/media?parent=899"}],"curies":[{"name":"wp","href":"https:\/\/api.w.org\/{rel}","templated":true}]}}