{"id":905,"date":"2019-07-16T11:50:00","date_gmt":"2019-07-16T18:50:00","guid":{"rendered":"http:\/\/www.rula.disabilityrightsca.org\/serr\/sp\/?page_id=905"},"modified":"2024-07-23T15:33:36","modified_gmt":"2024-07-23T22:33:36","slug":"13-5-mi-hijo-puede-ser-elegible-para-la-educacion-especial-bajo-la-categoria-denominada-habla-solamente","status":"publish","type":"page","link":"https:\/\/serr.disabilityrightsca.org\/sp\/serr-manual\/capitulo-13-informacion-sobre-los-servicios-de-educacion-preescolar\/13-5-mi-hijo-puede-ser-elegible-para-la-educacion-especial-bajo-la-categoria-denominada-habla-solamente\/","title":{"rendered":"(13.5) \u00bfMi hijo puede ser elegible para la educaci\u00f3n especial bajo la categor\u00eda denominada \u201chabla solamente\u201d?"},"content":{"rendered":"\n<p>Muchos distritos utilizan esta denominaci\u00f3n cuando los alumnos hacen la transici\u00f3n al distrito escolar a la edad de tres a\u00f1os. En realidad, no existe una categor\u00eda de elegibilidad para la educaci\u00f3n especial en la ley federal y estatal denominada \u201chabla solamente\u201d. Un ni\u00f1o puede ser elegible para la educaci\u00f3n especial solo a los fines de recibir servicios de habla y lenguaje. Sin embargo, este puede ser elegible para la educaci\u00f3n especial si cumple con los criterios de elegibilidad para los impedimentos de habla y lenguaje o cualquiera de las dem\u00e1s categor\u00edas de elegibilidad para la educaci\u00f3n especial. [34 C.F.R. Sec. 300.8(c)(11); 5 C.C.R. Sec. 3030(b)(11)].  Cuando se determina la elegibilidad para los servicios de educaci\u00f3n especial, la ley requiere al distrito escolar que eval\u00fae al ni\u00f1o en todas las \u00e1reas relacionadas con la discapacidad que se sospecha que padece el ni\u00f1o. El uso de la expresi\u00f3n \u201chabla solamente\u201d puede generar la negativa a proporcionar una \u201ceducaci\u00f3n p\u00fablica, adecuada y gratuita\u201d debido a que su hijo no ser\u00e1 evaluado en todas las \u00e1reas de discapacidad presunta. [34 C.F.R. Sec. 300.304(c)(4); Cal. Ed. Code Sec. 56320(f)]. Cuando los distritos solicitan su consentimiento para una evaluaci\u00f3n inicial, aseg\u00farese de que el plan de evaluaci\u00f3n analizar\u00e1 todas las necesidades del ni\u00f1o, no solo las relacionadas con el habla y lenguaje. De otro modo, no debe firmar el plan de evaluaci\u00f3n. En lugar de ello, solicite por escrito al distrito que realice una evaluaci\u00f3n integral. Si el distrito escolar se niega, puede presentar un reclamo de cumplimiento ante el Departamento de Educaci\u00f3n de California. Consulte el <a href=\"https:\/\/serr.disabilityrightsca.org\/sp\/serr-manual\/capitulo-2-informacion-sobre-las-evaluaciones\/\">cap\u00edtulo 2, <em>Informaci\u00f3n sobre las evaluaciones<\/em><\/a> y el <a href=\"https:\/\/serr.disabilityrightsca.org\/sp\/serr-manual\/chapter-6-informacion-sobre-el-debido-proceso-y-los-procedimientos-de-cumplimiento\/\">cap\u00edtulo 6, <em>Informaci\u00f3n sobre el debido proceso y los procedimientos de cumplimiento.<\/em><\/a><\/p>\n","protected":false},"excerpt":{"rendered":"<p>Muchos distritos utilizan esta denominaci\u00f3n cuando los alumnos hacen la transici\u00f3n al distrito escolar a la edad de tres a\u00f1os. En realidad, no existe una&hellip;<\/p>\n","protected":false},"author":1,"featured_media":0,"parent":357,"menu_order":5,"comment_status":"closed","ping_status":"closed","template":"","meta":{"footnotes":""},"class_list":["post-905","page","type-page","status-publish","hentry"],"_links":{"self":[{"href":"https:\/\/serr.disabilityrightsca.org\/sp\/wp-json\/wp\/v2\/pages\/905","targetHints":{"allow":["GET"]}}],"collection":[{"href":"https:\/\/serr.disabilityrightsca.org\/sp\/wp-json\/wp\/v2\/pages"}],"about":[{"href":"https:\/\/serr.disabilityrightsca.org\/sp\/wp-json\/wp\/v2\/types\/page"}],"author":[{"embeddable":true,"href":"https:\/\/serr.disabilityrightsca.org\/sp\/wp-json\/wp\/v2\/users\/1"}],"replies":[{"embeddable":true,"href":"https:\/\/serr.disabilityrightsca.org\/sp\/wp-json\/wp\/v2\/comments?post=905"}],"version-history":[{"count":7,"href":"https:\/\/serr.disabilityrightsca.org\/sp\/wp-json\/wp\/v2\/pages\/905\/revisions"}],"predecessor-version":[{"id":4285,"href":"https:\/\/serr.disabilityrightsca.org\/sp\/wp-json\/wp\/v2\/pages\/905\/revisions\/4285"}],"up":[{"embeddable":true,"href":"https:\/\/serr.disabilityrightsca.org\/sp\/wp-json\/wp\/v2\/pages\/357"}],"wp:attachment":[{"href":"https:\/\/serr.disabilityrightsca.org\/sp\/wp-json\/wp\/v2\/media?parent=905"}],"curies":[{"name":"wp","href":"https:\/\/api.w.org\/{rel}","templated":true}]}}