{"id":923,"date":"2019-07-16T15:03:25","date_gmt":"2019-07-16T22:03:25","guid":{"rendered":"http:\/\/www.rula.disabilityrightsca.org\/serr\/sp\/?page_id=923"},"modified":"2020-07-17T11:58:02","modified_gmt":"2020-07-17T18:58:02","slug":"13-12-quien-determina-la-extension-del-dia-de-programa-de-mi-hijo-y-si-los-servicios-de-preescolar-deben-proporcionarse-de-manera-individual-o-grupal","status":"publish","type":"page","link":"https:\/\/serr.disabilityrightsca.org\/sp\/serr-manual\/capitulo-13-informacion-sobre-los-servicios-de-educacion-preescolar\/13-12-quien-determina-la-extension-del-dia-de-programa-de-mi-hijo-y-si-los-servicios-de-preescolar-deben-proporcionarse-de-manera-individual-o-grupal\/","title":{"rendered":"(13.12) \u00bfQui\u00e9n determina la extensi\u00f3n del d\u00eda de programa de mi hijo y si los servicios de preescolar deben proporcionarse de manera individual o grupal?"},"content":{"rendered":"\n<p>El equipo del\nIEP determina la cantidad de horas diarias de los servicios grupales. La ley\nestatal limita el tiempo del servicio grupal a cuatro horas diarias, salvo que\nel equipo del IEP establezca lo contrario. Como parte del equipo, puede\nsolicitar m\u00e1s de cuatro horas por d\u00eda, si considera que las necesidades de su\nhijo requieren de dichas horas adicionales a los fines de recibir una\n\u201ceducaci\u00f3n p\u00fablica, adecuada y gratuita\u201d. El IEP debe estar dise\u00f1ado para\ncumplir con las necesidades \u00fanicas de su hijo. [Cal. Ed. Code Sec. 56441.3(b)].<\/p>\n\n\n\n<p>El programa\nde su hijo puede incluir los servicios de grupos individuales o grupales y\ndeben estar disponibles en los entornos apropiados para la edad (incluido el\nhogar), y con oportunidades para la participaci\u00f3n de los padres. [Cal. Ed. Code\nSec. 56441.2]. <\/p>\n","protected":false},"excerpt":{"rendered":"<p>El equipo del IEP determina la cantidad de horas diarias de los servicios grupales. La ley estatal limita el tiempo del servicio grupal a cuatro&hellip;<\/p>\n","protected":false},"author":1,"featured_media":0,"parent":357,"menu_order":12,"comment_status":"closed","ping_status":"closed","template":"","meta":{"footnotes":""},"class_list":["post-923","page","type-page","status-publish","hentry"],"_links":{"self":[{"href":"https:\/\/serr.disabilityrightsca.org\/sp\/wp-json\/wp\/v2\/pages\/923","targetHints":{"allow":["GET"]}}],"collection":[{"href":"https:\/\/serr.disabilityrightsca.org\/sp\/wp-json\/wp\/v2\/pages"}],"about":[{"href":"https:\/\/serr.disabilityrightsca.org\/sp\/wp-json\/wp\/v2\/types\/page"}],"author":[{"embeddable":true,"href":"https:\/\/serr.disabilityrightsca.org\/sp\/wp-json\/wp\/v2\/users\/1"}],"replies":[{"embeddable":true,"href":"https:\/\/serr.disabilityrightsca.org\/sp\/wp-json\/wp\/v2\/comments?post=923"}],"version-history":[{"count":4,"href":"https:\/\/serr.disabilityrightsca.org\/sp\/wp-json\/wp\/v2\/pages\/923\/revisions"}],"predecessor-version":[{"id":3926,"href":"https:\/\/serr.disabilityrightsca.org\/sp\/wp-json\/wp\/v2\/pages\/923\/revisions\/3926"}],"up":[{"embeddable":true,"href":"https:\/\/serr.disabilityrightsca.org\/sp\/wp-json\/wp\/v2\/pages\/357"}],"wp:attachment":[{"href":"https:\/\/serr.disabilityrightsca.org\/sp\/wp-json\/wp\/v2\/media?parent=923"}],"curies":[{"name":"wp","href":"https:\/\/api.w.org\/{rel}","templated":true}]}}