{"id":925,"date":"2019-07-16T15:06:31","date_gmt":"2019-07-16T22:06:31","guid":{"rendered":"http:\/\/www.rula.disabilityrightsca.org\/serr\/sp\/?page_id=925"},"modified":"2024-07-23T15:29:51","modified_gmt":"2024-07-23T22:29:51","slug":"13-13-si-mi-hijo-es-elegible-para-los-servicios-de-educacion-especial-donde-los-recibira","status":"publish","type":"page","link":"https:\/\/serr.disabilityrightsca.org\/sp\/serr-manual\/capitulo-13-informacion-sobre-los-servicios-de-educacion-preescolar\/13-13-si-mi-hijo-es-elegible-para-los-servicios-de-educacion-especial-donde-los-recibira\/","title":{"rendered":"(13.13) Si mi hijo es elegible para los servicios de educaci\u00f3n especial, \u00bfd\u00f3nde los recibir\u00e1?"},"content":{"rendered":"\n<p>Su hijo puede recibir servicios en un preescolar p\u00fablico o privado no religioso, un centro de desarrollo para ni\u00f1os, hogares de cuidado familiar durante el d\u00eda, su propio hogar, en un programa de preescolar para ni\u00f1os con o sin discapacidades ubicados cerca uno del otro, o \u201cun entorno de escuela p\u00fablica que proporcione un ambiente, materiales y servicios adecuados para la edad&#8230;\u201d En California, el estado puede contratar a los programas de Head Start para proporcionar servicios de educaci\u00f3n especial a los ni\u00f1os entre los tres y cinco a\u00f1os de edad. [Cal. Ed. Code Secs. 56441.4 &amp; 56443(a)].<\/p>\n","protected":false},"excerpt":{"rendered":"<p>Su hijo puede recibir servicios en un preescolar p\u00fablico o privado no religioso, un centro de desarrollo para ni\u00f1os, hogares de cuidado familiar durante el&hellip;<\/p>\n","protected":false},"author":1,"featured_media":0,"parent":357,"menu_order":13,"comment_status":"closed","ping_status":"closed","template":"","meta":{"footnotes":""},"class_list":["post-925","page","type-page","status-publish","hentry"],"_links":{"self":[{"href":"https:\/\/serr.disabilityrightsca.org\/sp\/wp-json\/wp\/v2\/pages\/925","targetHints":{"allow":["GET"]}}],"collection":[{"href":"https:\/\/serr.disabilityrightsca.org\/sp\/wp-json\/wp\/v2\/pages"}],"about":[{"href":"https:\/\/serr.disabilityrightsca.org\/sp\/wp-json\/wp\/v2\/types\/page"}],"author":[{"embeddable":true,"href":"https:\/\/serr.disabilityrightsca.org\/sp\/wp-json\/wp\/v2\/users\/1"}],"replies":[{"embeddable":true,"href":"https:\/\/serr.disabilityrightsca.org\/sp\/wp-json\/wp\/v2\/comments?post=925"}],"version-history":[{"count":4,"href":"https:\/\/serr.disabilityrightsca.org\/sp\/wp-json\/wp\/v2\/pages\/925\/revisions"}],"predecessor-version":[{"id":3927,"href":"https:\/\/serr.disabilityrightsca.org\/sp\/wp-json\/wp\/v2\/pages\/925\/revisions\/3927"}],"up":[{"embeddable":true,"href":"https:\/\/serr.disabilityrightsca.org\/sp\/wp-json\/wp\/v2\/pages\/357"}],"wp:attachment":[{"href":"https:\/\/serr.disabilityrightsca.org\/sp\/wp-json\/wp\/v2\/media?parent=925"}],"curies":[{"name":"wp","href":"https:\/\/api.w.org\/{rel}","templated":true}]}}