{"id":927,"date":"2019-07-16T15:07:33","date_gmt":"2019-07-16T22:07:33","guid":{"rendered":"http:\/\/www.rula.disabilityrightsca.org\/serr\/sp\/?page_id=927"},"modified":"2020-07-17T11:59:26","modified_gmt":"2020-07-17T18:59:26","slug":"13-14-mi-hijo-podra-participar-en-actividades-educativas-con-los-ninos-sin-discapacidad","status":"publish","type":"page","link":"https:\/\/serr.disabilityrightsca.org\/sp\/serr-manual\/capitulo-13-informacion-sobre-los-servicios-de-educacion-preescolar\/13-14-mi-hijo-podra-participar-en-actividades-educativas-con-los-ninos-sin-discapacidad\/","title":{"rendered":"(13.14) \u00bfMi hijo podr\u00e1 participar en actividades educativas con los ni\u00f1os sin discapacidad?"},"content":{"rendered":"\n<p>S\u00ed. Los requerimientos de IDEA relacionados con la educaci\u00f3n de los ni\u00f1os en el \u201centorno menos restrictivo\u201d (LRE) se aplican a aquellos en edad preescolar con discapacidades. [34 C.F.R. Sec. 300.116(a)(2)]. El distrito debe proporcionar un programa con los pares sin discapacidad si un equipo del IEP determina que esto es adecuado. Sin embargo, si el distrito no cuenta con un programa de preescolar para ni\u00f1os sin discapacidades, no existen requerimientos federales relativos al establecimiento de programas de preescolar en todo el distrito. Los tribunales no han formulado una distinci\u00f3n entre la edad escolar y preescolar al momento de tratar los requerimientos de que los ni\u00f1os con discapacidades sean educados en presencia de los ni\u00f1os sin discapacidades. [<em>L.B. and J.B. v. Nebo School District <\/em>(10th Cir. 2004) 379 F.3d 966].<\/p>\n\n\n\n<p>Cuando no\nexisten programas establecidos para los preescolares sin discapacidades, los\nrequerimientos del LRE se podr\u00edan cumplir mediante medios alternativos. Por\nejemplo, su hijo puede asistir (tiempo parcial o completo) a los programas de\npreescolar que asisten a los ni\u00f1os <em>sin<\/em> discapacidades (tales como Head\nStart). Su hijo puede, en lugar de ello, asistir a un programa de preescolar\npara ni\u00f1os con discapacidades ubicado en un establecimiento escolar que asiste\na ni\u00f1os sin discapacidades en <em>edad escolar<\/em>. Por \u00faltimo, el distrito\npuede pagar por la colocaci\u00f3n en un preescolar privado y proporcionar servicios\ncomplementarios. [Cal. Ed. Code Secs. 56441.4 &amp;\n56443(a); see OSEP Letter, January 9, 2017;\nhttps:\/\/www2.ed.gov\/policy\/speced\/guid\/idea\/memosdcltrs\/preschool-lre-dcl-1-10-17.pdf.]]<\/p>\n\n\n\n<p>El IEP debe\nestablecer la necesidad de su hijo de contar con un programa de preescolar\nintegrado o su inclusi\u00f3n en un preescolar com\u00fan. Consulte el cap\u00edtulo 7, <em>Informaci\u00f3n sobre el ambiente menos\nrestrictivo.<\/em><\/p>\n","protected":false},"excerpt":{"rendered":"<p>S\u00ed. Los requerimientos de IDEA relacionados con la educaci\u00f3n de los ni\u00f1os en el \u201centorno menos restrictivo\u201d (LRE) se aplican a aquellos en edad preescolar&hellip;<\/p>\n","protected":false},"author":1,"featured_media":0,"parent":357,"menu_order":14,"comment_status":"closed","ping_status":"closed","template":"","meta":{"footnotes":""},"class_list":["post-927","page","type-page","status-publish","hentry"],"_links":{"self":[{"href":"https:\/\/serr.disabilityrightsca.org\/sp\/wp-json\/wp\/v2\/pages\/927","targetHints":{"allow":["GET"]}}],"collection":[{"href":"https:\/\/serr.disabilityrightsca.org\/sp\/wp-json\/wp\/v2\/pages"}],"about":[{"href":"https:\/\/serr.disabilityrightsca.org\/sp\/wp-json\/wp\/v2\/types\/page"}],"author":[{"embeddable":true,"href":"https:\/\/serr.disabilityrightsca.org\/sp\/wp-json\/wp\/v2\/users\/1"}],"replies":[{"embeddable":true,"href":"https:\/\/serr.disabilityrightsca.org\/sp\/wp-json\/wp\/v2\/comments?post=927"}],"version-history":[{"count":8,"href":"https:\/\/serr.disabilityrightsca.org\/sp\/wp-json\/wp\/v2\/pages\/927\/revisions"}],"predecessor-version":[{"id":3928,"href":"https:\/\/serr.disabilityrightsca.org\/sp\/wp-json\/wp\/v2\/pages\/927\/revisions\/3928"}],"up":[{"embeddable":true,"href":"https:\/\/serr.disabilityrightsca.org\/sp\/wp-json\/wp\/v2\/pages\/357"}],"wp:attachment":[{"href":"https:\/\/serr.disabilityrightsca.org\/sp\/wp-json\/wp\/v2\/media?parent=927"}],"curies":[{"name":"wp","href":"https:\/\/api.w.org\/{rel}","templated":true}]}}