{"id":966,"date":"2019-07-18T10:24:42","date_gmt":"2019-07-18T17:24:42","guid":{"rendered":"http:\/\/www.rula.disabilityrightsca.org\/serr\/sp\/?page_id=966"},"modified":"2020-02-20T14:02:53","modified_gmt":"2020-02-20T22:02:53","slug":"4-2-cuales-son-los-plazos-para-organizar-una-reunion-del-iep","status":"publish","type":"page","link":"https:\/\/serr.disabilityrightsca.org\/sp\/serr-manual\/capitulo-4-informacion-sobre-el-proceso-del-iep\/4-2-cuales-son-los-plazos-para-organizar-una-reunion-del-iep\/","title":{"rendered":"(4.2) \u00bfCu\u00e1les son los plazos para organizar una reuni\u00f3n del IEP?"},"content":{"rendered":"\n<p>A partir de la fecha en que el distrito recibe su consentimiento por escrito para la evaluaci\u00f3n, existe un plazo de 60 d\u00edas calendario para que esta se realice, y se desarrolle el IEP en una reuni\u00f3n, a menos que acuerde una pr\u00f3rroga por escrito. Al contar los d\u00edas, no se tienen en cuenta los d\u00edas entre las sesiones escolares regulares ni las vacaciones que superen los cinco d\u00edas escolares. En caso de que se realice una derivaci\u00f3n para una evaluaci\u00f3n dentro de los 30 d\u00edas o antes, previo a que finalice el a\u00f1o escolar regular, se debe llevar a cabo un IEP dentro de los 30 d\u00edas posteriores al comienzo del siguiente a\u00f1o escolar. [Cal. Ed. Code Sec. 56344 (a)].<\/p>\n","protected":false},"excerpt":{"rendered":"<p>A partir de la fecha en que el distrito recibe su consentimiento por escrito para la evaluaci\u00f3n, existe un plazo de 60 d\u00edas calendario para&hellip;<\/p>\n","protected":false},"author":1,"featured_media":0,"parent":332,"menu_order":2,"comment_status":"closed","ping_status":"closed","template":"","meta":{"footnotes":""},"class_list":["post-966","page","type-page","status-publish","hentry"],"_links":{"self":[{"href":"https:\/\/serr.disabilityrightsca.org\/sp\/wp-json\/wp\/v2\/pages\/966","targetHints":{"allow":["GET"]}}],"collection":[{"href":"https:\/\/serr.disabilityrightsca.org\/sp\/wp-json\/wp\/v2\/pages"}],"about":[{"href":"https:\/\/serr.disabilityrightsca.org\/sp\/wp-json\/wp\/v2\/types\/page"}],"author":[{"embeddable":true,"href":"https:\/\/serr.disabilityrightsca.org\/sp\/wp-json\/wp\/v2\/users\/1"}],"replies":[{"embeddable":true,"href":"https:\/\/serr.disabilityrightsca.org\/sp\/wp-json\/wp\/v2\/comments?post=966"}],"version-history":[{"count":5,"href":"https:\/\/serr.disabilityrightsca.org\/sp\/wp-json\/wp\/v2\/pages\/966\/revisions"}],"predecessor-version":[{"id":3436,"href":"https:\/\/serr.disabilityrightsca.org\/sp\/wp-json\/wp\/v2\/pages\/966\/revisions\/3436"}],"up":[{"embeddable":true,"href":"https:\/\/serr.disabilityrightsca.org\/sp\/wp-json\/wp\/v2\/pages\/332"}],"wp:attachment":[{"href":"https:\/\/serr.disabilityrightsca.org\/sp\/wp-json\/wp\/v2\/media?parent=966"}],"curies":[{"name":"wp","href":"https:\/\/api.w.org\/{rel}","templated":true}]}}