{"id":973,"date":"2019-07-18T11:01:41","date_gmt":"2019-07-18T18:01:41","guid":{"rendered":"http:\/\/www.rula.disabilityrightsca.org\/serr\/sp\/?page_id=973"},"modified":"2020-02-20T14:04:16","modified_gmt":"2020-02-20T22:04:16","slug":"4-3-como-puedo-solicitar-una-reunion-del-iep-para-mi-hijo-que-ya-recibe-los-servicios-de-educacion-especial-cuando-no-solicito-tambien-una-evaluacion","status":"publish","type":"page","link":"https:\/\/serr.disabilityrightsca.org\/sp\/serr-manual\/capitulo-4-informacion-sobre-el-proceso-del-iep\/4-3-como-puedo-solicitar-una-reunion-del-iep-para-mi-hijo-que-ya-recibe-los-servicios-de-educacion-especial-cuando-no-solicito-tambien-una-evaluacion\/","title":{"rendered":"(4.3) \u00bfC\u00f3mo puedo solicitar una reuni\u00f3n del IEP para mi hijo que ya recibe los servicios de educaci\u00f3n especial, cuando no solicito tambi\u00e9n una evaluaci\u00f3n?"},"content":{"rendered":"\n<p>Si su hijo ya recibe los servicios de educaci\u00f3n especial conforme a un programa actual del IEP, puede solicitar una reuni\u00f3n de revisi\u00f3n del IEP, cuando lo estime necesario, a los fines de revisar o modificar el programa. Debe presentar una solicitud por escrito al maestro, director o a la oficina administrativa de educaci\u00f3n especial de su hijo. En la solicitud por escrito, debe requerir espec\u00edficamente que se realice una revisi\u00f3n del IEP. [Cal. Ed. Code Secs. 56343(c) &amp; 56343.5]. La reuni\u00f3n de revisi\u00f3n del IEP se debe llevar a cabo dentro de los 30 d\u00edas a partir de la recepci\u00f3n de su solicitud por escrito (sin contar los d\u00edas entre las sesiones escolares regulares ni las vacaciones que superen los cinco d\u00edas escolares). [Cal. Ed. Code Sec. 56343.5].<\/p>\n","protected":false},"excerpt":{"rendered":"<p>Si su hijo ya recibe los servicios de educaci\u00f3n especial conforme a un programa actual del IEP, puede solicitar una reuni\u00f3n de revisi\u00f3n del IEP,&hellip;<\/p>\n","protected":false},"author":1,"featured_media":0,"parent":332,"menu_order":3,"comment_status":"closed","ping_status":"closed","template":"","meta":{"footnotes":""},"class_list":["post-973","page","type-page","status-publish","hentry"],"_links":{"self":[{"href":"https:\/\/serr.disabilityrightsca.org\/sp\/wp-json\/wp\/v2\/pages\/973","targetHints":{"allow":["GET"]}}],"collection":[{"href":"https:\/\/serr.disabilityrightsca.org\/sp\/wp-json\/wp\/v2\/pages"}],"about":[{"href":"https:\/\/serr.disabilityrightsca.org\/sp\/wp-json\/wp\/v2\/types\/page"}],"author":[{"embeddable":true,"href":"https:\/\/serr.disabilityrightsca.org\/sp\/wp-json\/wp\/v2\/users\/1"}],"replies":[{"embeddable":true,"href":"https:\/\/serr.disabilityrightsca.org\/sp\/wp-json\/wp\/v2\/comments?post=973"}],"version-history":[{"count":3,"href":"https:\/\/serr.disabilityrightsca.org\/sp\/wp-json\/wp\/v2\/pages\/973\/revisions"}],"predecessor-version":[{"id":3437,"href":"https:\/\/serr.disabilityrightsca.org\/sp\/wp-json\/wp\/v2\/pages\/973\/revisions\/3437"}],"up":[{"embeddable":true,"href":"https:\/\/serr.disabilityrightsca.org\/sp\/wp-json\/wp\/v2\/pages\/332"}],"wp:attachment":[{"href":"https:\/\/serr.disabilityrightsca.org\/sp\/wp-json\/wp\/v2\/media?parent=973"}],"curies":[{"name":"wp","href":"https:\/\/api.w.org\/{rel}","templated":true}]}}