{"id":975,"date":"2019-07-18T11:02:27","date_gmt":"2019-07-18T18:02:27","guid":{"rendered":"http:\/\/www.rula.disabilityrightsca.org\/serr\/sp\/?page_id=975"},"modified":"2020-02-20T14:49:43","modified_gmt":"2020-02-20T22:49:43","slug":"4-4-con-cuanta-frecuencia-se-organizan-reuniones-del-iep","status":"publish","type":"page","link":"https:\/\/serr.disabilityrightsca.org\/sp\/serr-manual\/capitulo-4-informacion-sobre-el-proceso-del-iep\/4-4-con-cuanta-frecuencia-se-organizan-reuniones-del-iep\/","title":{"rendered":"(4.4) \u00bfCon cu\u00e1nta frecuencia se organizan reuniones del IEP?"},"content":{"rendered":"\n<p>Se debe llevar a cabo por lo menos una reuni\u00f3n del IEP al a\u00f1o. Adem\u00e1s, se debe realizar una reuni\u00f3n del IEP cuando un alumno recibi\u00f3 una evaluaci\u00f3n inicial, demuestra una falta de progreso contraria a lo anticipado, el distrito propone la revocaci\u00f3n de las condiciones de elegibilidad para la educaci\u00f3n especial, o bien cuando los padres o el maestro soliciten una reuni\u00f3n para desarrollar, revisar o analizar el programa de educaci\u00f3n individualizado de un alumno. Tambi\u00e9n se puede llevar a cabo una reuni\u00f3n del IEP cada vez que el alumno sea sometido a una nueva evaluaci\u00f3n formal. [Cal. Ed. Code Sec. 56343]. Debe solicitar por escrito una reuni\u00f3n del equipo del IEP despu\u00e9s de cualquier evaluaci\u00f3n formal nueva, ya sea en su solicitud de evaluaci\u00f3n o luego de cada nueva evaluaci\u00f3n, a los fines de garantizar que se realice una reuni\u00f3n del IEP y as\u00ed discutir sobre la nueva evaluaci\u00f3n. Ni la ley federal ni estatal restringe el n\u00famero de reuniones del IEP que puede solicitar por a\u00f1o.<\/p>\n","protected":false},"excerpt":{"rendered":"<p>Se debe llevar a cabo por lo menos una reuni\u00f3n del IEP al a\u00f1o. Adem\u00e1s, se debe realizar una reuni\u00f3n del IEP cuando un alumno&hellip;<\/p>\n","protected":false},"author":1,"featured_media":0,"parent":332,"menu_order":4,"comment_status":"closed","ping_status":"closed","template":"","meta":{"footnotes":""},"class_list":["post-975","page","type-page","status-publish","hentry"],"_links":{"self":[{"href":"https:\/\/serr.disabilityrightsca.org\/sp\/wp-json\/wp\/v2\/pages\/975","targetHints":{"allow":["GET"]}}],"collection":[{"href":"https:\/\/serr.disabilityrightsca.org\/sp\/wp-json\/wp\/v2\/pages"}],"about":[{"href":"https:\/\/serr.disabilityrightsca.org\/sp\/wp-json\/wp\/v2\/types\/page"}],"author":[{"embeddable":true,"href":"https:\/\/serr.disabilityrightsca.org\/sp\/wp-json\/wp\/v2\/users\/1"}],"replies":[{"embeddable":true,"href":"https:\/\/serr.disabilityrightsca.org\/sp\/wp-json\/wp\/v2\/comments?post=975"}],"version-history":[{"count":3,"href":"https:\/\/serr.disabilityrightsca.org\/sp\/wp-json\/wp\/v2\/pages\/975\/revisions"}],"predecessor-version":[{"id":3438,"href":"https:\/\/serr.disabilityrightsca.org\/sp\/wp-json\/wp\/v2\/pages\/975\/revisions\/3438"}],"up":[{"embeddable":true,"href":"https:\/\/serr.disabilityrightsca.org\/sp\/wp-json\/wp\/v2\/pages\/332"}],"wp:attachment":[{"href":"https:\/\/serr.disabilityrightsca.org\/sp\/wp-json\/wp\/v2\/media?parent=975"}],"curies":[{"name":"wp","href":"https:\/\/api.w.org\/{rel}","templated":true}]}}