{"id":979,"date":"2019-07-18T11:19:25","date_gmt":"2019-07-18T18:19:25","guid":{"rendered":"http:\/\/www.rula.disabilityrightsca.org\/serr\/sp\/?page_id=979"},"modified":"2020-02-20T14:50:57","modified_gmt":"2020-02-20T22:50:57","slug":"4-6-recibire-una-notificacion-de-la-reunion-del-iep","status":"publish","type":"page","link":"https:\/\/serr.disabilityrightsca.org\/sp\/serr-manual\/capitulo-4-informacion-sobre-el-proceso-del-iep\/4-6-recibire-una-notificacion-de-la-reunion-del-iep\/","title":{"rendered":"(4.6) \u00bfRecibir\u00e9 una notificaci\u00f3n de la reuni\u00f3n del IEP?"},"content":{"rendered":"\n<p>El distrito escolar debe adoptar las medidas necesarias para garantizar que uno o ambos padres del alumno asistan a la reuni\u00f3n del IEP o se les brinde la posibilidad de asistir. Su asistencia y participaci\u00f3n son los principios m\u00e1s importantes del proceso de educaci\u00f3n especial. Su distrito debe notificarle, con la suficiente anticipaci\u00f3n, acerca de la reuni\u00f3n del IEP, de manera que se asegure la oportunidad de asistir. La reuni\u00f3n se debe programar en una fecha y un lugar elegidos de mutuo acuerdo. Adem\u00e1s, como parte del proceso de notificaci\u00f3n, el distrito debe proporcionarle la siguiente informaci\u00f3n: la finalidad, la hora y el lugar de la reuni\u00f3n y las personas que asistir\u00e1n. Tambi\u00e9n debe informarle sobre la posibilidad de invitar a otras personas que conozcan o tengan experiencia particular con su hijo, como podr\u00edan ser m\u00e9dicos cl\u00ednicos en salud mental o proveedores de servicios de transici\u00f3n. [34 C.F.R. Secs. 300.321(a)(6) &amp; 300.322; Cal. Ed. Code Sec. 56341.5].<\/p>\n","protected":false},"excerpt":{"rendered":"<p>El distrito escolar debe adoptar las medidas necesarias para garantizar que uno o ambos padres del alumno asistan a la reuni\u00f3n del IEP o se&hellip;<\/p>\n","protected":false},"author":1,"featured_media":0,"parent":332,"menu_order":6,"comment_status":"closed","ping_status":"closed","template":"","meta":{"footnotes":""},"class_list":["post-979","page","type-page","status-publish","hentry"],"_links":{"self":[{"href":"https:\/\/serr.disabilityrightsca.org\/sp\/wp-json\/wp\/v2\/pages\/979","targetHints":{"allow":["GET"]}}],"collection":[{"href":"https:\/\/serr.disabilityrightsca.org\/sp\/wp-json\/wp\/v2\/pages"}],"about":[{"href":"https:\/\/serr.disabilityrightsca.org\/sp\/wp-json\/wp\/v2\/types\/page"}],"author":[{"embeddable":true,"href":"https:\/\/serr.disabilityrightsca.org\/sp\/wp-json\/wp\/v2\/users\/1"}],"replies":[{"embeddable":true,"href":"https:\/\/serr.disabilityrightsca.org\/sp\/wp-json\/wp\/v2\/comments?post=979"}],"version-history":[{"count":3,"href":"https:\/\/serr.disabilityrightsca.org\/sp\/wp-json\/wp\/v2\/pages\/979\/revisions"}],"predecessor-version":[{"id":3440,"href":"https:\/\/serr.disabilityrightsca.org\/sp\/wp-json\/wp\/v2\/pages\/979\/revisions\/3440"}],"up":[{"embeddable":true,"href":"https:\/\/serr.disabilityrightsca.org\/sp\/wp-json\/wp\/v2\/pages\/332"}],"wp:attachment":[{"href":"https:\/\/serr.disabilityrightsca.org\/sp\/wp-json\/wp\/v2\/media?parent=979"}],"curies":[{"name":"wp","href":"https:\/\/api.w.org\/{rel}","templated":true}]}}