{"id":985,"date":"2019-07-18T12:08:18","date_gmt":"2019-07-18T19:08:18","guid":{"rendered":"http:\/\/www.rula.disabilityrightsca.org\/serr\/sp\/?page_id=985"},"modified":"2020-02-20T14:59:18","modified_gmt":"2020-02-20T22:59:18","slug":"4-9-quien-debe-asistir-a-la-reunion-del-equipo-del-iep-y-cuales-son-los-miembros-que-deben-contribuir-a-la-reunion","status":"publish","type":"page","link":"https:\/\/serr.disabilityrightsca.org\/sp\/serr-manual\/capitulo-4-informacion-sobre-el-proceso-del-iep\/4-9-quien-debe-asistir-a-la-reunion-del-equipo-del-iep-y-cuales-son-los-miembros-que-deben-contribuir-a-la-reunion\/","title":{"rendered":"(4.9) \u00bfQui\u00e9n debe asistir a la reuni\u00f3n del equipo del IEP y cu\u00e1les son los miembros que deben contribuir a la reuni\u00f3n?"},"content":{"rendered":"\n<p>El equipo debe estar\nconformado por las siguientes personas:<\/p>\n\n\n\n<p>Cuando se trata de alumnos con discapacidades de aprendizaje, al menos un miembro del equipo debe estar calificado para realizar evaluaciones a tales alumnos. Esto puede incluir al psic\u00f3logo escolar, el fonoaudi\u00f3logo o el maestro de lectura de apoyo. Al menos un miembro del equipo, distinto del maestro del alumno, debe haber observado el desempe\u00f1o acad\u00e9mico del ni\u00f1o en un aula de educaci\u00f3n general, salvo que el ni\u00f1o est\u00e9 en edad preescolar.\u00a0 En tal caso, el miembro del equipo debe observar al ni\u00f1o en un entorno apropiado para su edad. [Cal. Ed. Code Sec. 56341(c)].<\/p>\n\n\n\n<ol class=\"wp-block-list\"><li>Uno o ambos padres del ni\u00f1o, un representante elegido por los padres, o ambos;<\/li><li>Al menos un maestro de educaci\u00f3n general si el ni\u00f1o asiste, o puede asistir, a un entorno de educaci\u00f3n general. En caso de que el ni\u00f1o tenga m\u00e1s de un maestro de educaci\u00f3n general, la escuela puede seleccionar cu\u00e1l de ellos asistir\u00e1;<\/li><li>Al menos un maestro de educaci\u00f3n especial o proveedor de servicios;<\/li><li>Un representante del distrito escolar que est\u00e9 calificado para brindar o supervisar la administraci\u00f3n de instrucci\u00f3n especializada; est\u00e9 informado acerca del plan de estudios general y conozca cu\u00e1les son los recursos del distrito; Cualquier otro miembro del distrito que ya forme parte del equipo del IEP puede desempe\u00f1ar esta funci\u00f3n;<\/li><li>La persona que realice las evaluaciones al alumno, o quien tenga conocimiento sobre los procedimientos empleados y los resultados, y que est\u00e9 calificado para interpretar las implicancias de las instrucciones en relaci\u00f3n con los resultados. Otro miembro del equipo del IEP puede desempe\u00f1ar esta funci\u00f3n;\u00a0 <\/li><li>Otras personas con experiencia o conocimientos espec\u00edficos acerca del alumno, previa solicitud del distrito o de los padres. La parte que haya invitado a dicha persona a la reuni\u00f3n decide si la persona adicional que fuera invitada tiene suficientes conocimientos o experiencia;<\/li><li>El alumno, cuando fuera conveniente. [Cal. Ed. Code Secs. 56341(b) &amp; (e)].<\/li><\/ol>\n\n\n\n<p>Si el alumno se encuentra en una edad de transici\u00f3n\n(es decir, al inicio de sus 16 a\u00f1os o antes, si fuera conveniente), la escuela\ndebe invitarlo a asistir a la reuni\u00f3n de transici\u00f3n del IEP. Si el alumno no\nasiste, el distrito debe tomar las medidas necesarias para garantizar que se\nobtenga informaci\u00f3n del alumno en los relativo a sus preferencias e intereses.\nLa escuela tambi\u00e9n debe invitar a un representante de la agencia probablemente\nest\u00e9 proporcionando o pagando por un servicio de transici\u00f3n. [Cal. Ed. Code\nSec. 56341(d)].<\/p>\n\n\n\n<p>Un alumno que ya fue ubicado por el distrito en una\nescuela privada (laica) (NPS), puede tener reuniones del IEP s\u00f3lo con el\npersonal presente de la NPS, si el distrito escolar elige no enviar a nadie a\nla reuni\u00f3n y delega el an\u00e1lisis y la revisi\u00f3n del IEP al personal de la escuela\nprivada. Sin embargo, incluso si la NPS revisa, reconsidera e implementa el\nIEP, el distrito sigue siendo responsable por el cumplimiento de las leyes de\neducaci\u00f3n especial en lo referente al programa del alumno. [34 C.F.R. Sec.\n300.325; Cal. Ed. Code Sec. 56383].<\/p>\n","protected":false},"excerpt":{"rendered":"<p>El equipo debe estar conformado por las siguientes personas: Cuando se trata de alumnos con discapacidades de aprendizaje, al menos un miembro del equipo debe&hellip;<\/p>\n","protected":false},"author":1,"featured_media":0,"parent":332,"menu_order":9,"comment_status":"closed","ping_status":"closed","template":"","meta":{"footnotes":""},"class_list":["post-985","page","type-page","status-publish","hentry"],"_links":{"self":[{"href":"https:\/\/serr.disabilityrightsca.org\/sp\/wp-json\/wp\/v2\/pages\/985","targetHints":{"allow":["GET"]}}],"collection":[{"href":"https:\/\/serr.disabilityrightsca.org\/sp\/wp-json\/wp\/v2\/pages"}],"about":[{"href":"https:\/\/serr.disabilityrightsca.org\/sp\/wp-json\/wp\/v2\/types\/page"}],"author":[{"embeddable":true,"href":"https:\/\/serr.disabilityrightsca.org\/sp\/wp-json\/wp\/v2\/users\/1"}],"replies":[{"embeddable":true,"href":"https:\/\/serr.disabilityrightsca.org\/sp\/wp-json\/wp\/v2\/comments?post=985"}],"version-history":[{"count":3,"href":"https:\/\/serr.disabilityrightsca.org\/sp\/wp-json\/wp\/v2\/pages\/985\/revisions"}],"predecessor-version":[{"id":3443,"href":"https:\/\/serr.disabilityrightsca.org\/sp\/wp-json\/wp\/v2\/pages\/985\/revisions\/3443"}],"up":[{"embeddable":true,"href":"https:\/\/serr.disabilityrightsca.org\/sp\/wp-json\/wp\/v2\/pages\/332"}],"wp:attachment":[{"href":"https:\/\/serr.disabilityrightsca.org\/sp\/wp-json\/wp\/v2\/media?parent=985"}],"curies":[{"name":"wp","href":"https:\/\/api.w.org\/{rel}","templated":true}]}}