{"id":991,"date":"2019-07-18T12:12:51","date_gmt":"2019-07-18T19:12:51","guid":{"rendered":"http:\/\/www.rula.disabilityrightsca.org\/serr\/sp\/?page_id=991"},"modified":"2020-02-20T15:03:48","modified_gmt":"2020-02-20T23:03:48","slug":"4-12-puedo-llevar-un-defensor-o-abogado-a-una-reunion-del-iep","status":"publish","type":"page","link":"https:\/\/serr.disabilityrightsca.org\/sp\/serr-manual\/capitulo-4-informacion-sobre-el-proceso-del-iep\/4-12-puedo-llevar-un-defensor-o-abogado-a-una-reunion-del-iep\/","title":{"rendered":"(4.12) \u00bfPuedo llevar un defensor o abogado a una reuni\u00f3n del IEP?"},"content":{"rendered":"\n<p>S\u00ed. Seg\u00fan su criterio, puede llevar a la reuni\u00f3n a\naquellas personas que tienen conocimiento o experiencia especial relacionada\ncon su hijo, incluido un defensor, amigo, administrador de casos del centro\nregional (coordinador de servicio) o abogado Los padres o el distrito escolar\nque invitaron a dicha persona a la reuni\u00f3n determinan si tiene conocimientos o\nexperiencia especial. [34 C.F.R. Secs.\n300.321(a)(6) &amp; (c); Cal. Ed. Code. Secs. 56341(b)(6) &amp; 56341.1(f)].<\/p>\n\n\n\n<p>Cualquier decisi\u00f3n que se tome con relaci\u00f3n al IEP se\ndebe hacer con el consentimiento informado de los padres. Un defensor o\nadministrador de casos puede asistir en este proceso y explicarle con\ndetenimiento las acciones o consecuencias que se analizan o consideran. <\/p>\n","protected":false},"excerpt":{"rendered":"<p>S\u00ed. Seg\u00fan su criterio, puede llevar a la reuni\u00f3n a aquellas personas que tienen conocimiento o experiencia especial relacionada con su hijo, incluido un defensor,&hellip;<\/p>\n","protected":false},"author":1,"featured_media":0,"parent":332,"menu_order":12,"comment_status":"closed","ping_status":"closed","template":"","meta":{"footnotes":""},"class_list":["post-991","page","type-page","status-publish","hentry"],"_links":{"self":[{"href":"https:\/\/serr.disabilityrightsca.org\/sp\/wp-json\/wp\/v2\/pages\/991","targetHints":{"allow":["GET"]}}],"collection":[{"href":"https:\/\/serr.disabilityrightsca.org\/sp\/wp-json\/wp\/v2\/pages"}],"about":[{"href":"https:\/\/serr.disabilityrightsca.org\/sp\/wp-json\/wp\/v2\/types\/page"}],"author":[{"embeddable":true,"href":"https:\/\/serr.disabilityrightsca.org\/sp\/wp-json\/wp\/v2\/users\/1"}],"replies":[{"embeddable":true,"href":"https:\/\/serr.disabilityrightsca.org\/sp\/wp-json\/wp\/v2\/comments?post=991"}],"version-history":[{"count":3,"href":"https:\/\/serr.disabilityrightsca.org\/sp\/wp-json\/wp\/v2\/pages\/991\/revisions"}],"predecessor-version":[{"id":3446,"href":"https:\/\/serr.disabilityrightsca.org\/sp\/wp-json\/wp\/v2\/pages\/991\/revisions\/3446"}],"up":[{"embeddable":true,"href":"https:\/\/serr.disabilityrightsca.org\/sp\/wp-json\/wp\/v2\/pages\/332"}],"wp:attachment":[{"href":"https:\/\/serr.disabilityrightsca.org\/sp\/wp-json\/wp\/v2\/media?parent=991"}],"curies":[{"name":"wp","href":"https:\/\/api.w.org\/{rel}","templated":true}]}}