{"id":1003,"date":"2019-07-18T12:33:03","date_gmt":"2019-07-18T19:33:03","guid":{"rendered":"http:\/\/www.rula.disabilityrightsca.org\/serr\/vi\/?page_id=1003"},"modified":"2021-02-02T12:41:40","modified_gmt":"2021-02-02T20:41:40","slug":"4-18-thong-tin-nao-can-xem-xet-o-iep-danh-cho-hoc-sinh-bi-diec-hoac-kho-nghe","status":"publish","type":"page","link":"https:\/\/serr.disabilityrightsca.org\/vi\/serr-manual\/chuong-4-thong-tin-ve-quy-trinh-iep\/4-18-thong-tin-nao-can-xem-xet-o-iep-danh-cho-hoc-sinh-bi-diec-hoac-kho-nghe\/","title":{"rendered":"(4.18) Th\u00f4ng tin n\u00e0o c\u1ea7n xem x\u00e9t \u1edf IEP d\u00e0nh cho h\u1ecdc sinh b\u1ecb \u0111i\u1ebfc ho\u1eb7c kh\u00f3 nghe?"},"content":{"rendered":"\n<p>C\u00e1c quy \u0111\u1ecbnh c\u1ee7a li\u00ean bang y\u00eau c\u1ea7u nh\u00f3m IEP ph\u1ea3i xem x\u00e9t c\u00e1c y\u1ebfu t\u1ed1 \u0111\u1eb7c bi\u1ec7t khi ph\u00e1t tri\u1ec3n IEP cho h\u1ecdc sinh. M\u1ed9t trong nh\u1eefng y\u1ebfu t\u1ed1 \u0111\u00f3 l\u00e0 nhu c\u1ea7u giao ti\u1ebfp c\u1ee7a h\u1ecdc sinh. \u0110\u1ed1i v\u1edbi m\u1ed9t h\u1ecdc sinh b\u1ecb \u0111i\u1ebfc ho\u1eb7c kh\u00f3 nghe, nh\u00f3m IEP ph\u1ea3i xem x\u00e9t nhu c\u1ea7u giao ti\u1ebfp v\u00e0 ng\u00f4n ng\u1eef c\u1ee7a h\u1ecdc sinh; c\u01a1 h\u1ed9i giao ti\u1ebfp tr\u1ef1c ti\u1ebfp v\u1edbi b\u1ea1n b\u00e8 v\u00e0 nh\u00e2n vi\u00ean chuy\u00ean tr\u00e1ch trong ph\u01b0\u01a1ng th\u1ee9c giao ti\u1ebfp v\u00e0 ng\u00f4n ng\u1eef c\u1ee7a h\u1ecdc sinh; tr\u00ecnh \u0111\u1ed9 h\u1ecdc thu\u1eadt; v\u00e0 \u0111\u1ea7y \u0111\u1ee7 c\u00e1c nhu c\u1ea7u, bao g\u1ed3m c\u00e1c c\u01a1 h\u1ed9i v\u1ec1 h\u01b0\u1edbng d\u1eabn tr\u1ef1c ti\u1ebfp trong ph\u01b0\u01a1ng th\u1ee9c giao ti\u1ebfp v\u00e0 ng\u00f4n ng\u1eef c\u1ee7a h\u1ecdc sinh. [34 C.F. R. Sec. 300.324(a)(2)(iv); Cal. Ed. Code Sec. 56345(d).]<\/p>\n\n\n\n<p>Ngo\u00e0i ra, \u0111\u1ec3 x\u00e1c \u0111\u1ecbnh \u0111\u00e2u l\u00e0 ph\u01b0\u01a1ng ph\u00e1p gi\u00e1o d\u1ee5c ph\u00f9 h\u1ee3p trong m\u00f4i tr\u01b0\u1eddng \u00edt h\u1ea1n ch\u1ebf nh\u1ea5t \u0111\u1ed1i v\u1edbi h\u1ecdc sinh \u0111i\u1ebfc kho\u1eb7c kh\u00f3 nghe, lu\u1eadt ti\u1ec3u bang y\u00eau c\u1ea7u nh\u00f3m IEP ph\u1ea3i th\u1ea3o lu\u1eadn c\u1ee5 th\u1ec3 v\u1ec1 nhu c\u1ea7u giao ti\u1ebfp c\u1ee7a h\u1ecdc sinh, bao g\u1ed3m:<\/p>\n\n\n\n<p>(1)&nbsp; Ph\u01b0\u01a1ng th\u1ee9c ng\u00f4n ng\u1eef ch\u00ednh c\u1ee7a h\u1ecdc sinh (v\u00ed d\u1ee5: ng\u00f4n ng\u1eef n\u00f3i, ng\u00f4n ng\u1eef k\u00fd hi\u1ec7u ho\u1eb7c c\u1ea3 hai);<\/p>\n\n\n\n<p>(2)&nbsp; T\u00ecnh tr\u1ea1ng s\u1eb5n c\u00f3 c\u1ee7a b\u1ea1n b\u00e8 c\u00f9ng ng\u00f4n ng\u1eef c\u00f3 th\u1ec3 \u0111\u1ea1t \u0111\u01b0\u1ee3c b\u1eb1ng c\u00e1ch h\u1ee3p nh\u1ea5t c\u00e1c d\u1ecbch v\u1ee5 th\u00e0nh m\u1ed9t ch\u01b0\u01a1ng tr\u00ecnh to\u00e0n khu v\u1ef1c;<\/p>\n\n\n\n<p>(3)&nbsp; Ti\u1ebfp c\u1eadn ng\u00f4n ng\u1eef li\u00ean t\u1ee5c v\u1edbi gi\u00e1o vi\u00ean v\u00e0 chuy\u00ean gia th\u00e0nh th\u1ea1o trong ph\u01b0\u01a1ng th\u1ee9c ng\u00f4n ng\u1eef c\u1ee7a h\u1ecdc sinh; v\u00e0<\/p>\n\n\n\n<p>(4)&nbsp; C\u00e1c d\u1ecbch v\u1ee5 c\u1ea7n thi\u1ebft \u0111\u1ec3 \u0111\u1ea3m b\u1ea3o h\u01b0\u1edbng d\u1eabn h\u1ecdc thu\u1eadt v\u00e0 ho\u1ea1t \u0111\u1ed9ng ngo\u1ea1i kh\u00f3a c\u00f3 th\u1ec3 ti\u1ebfp c\u1eadn t\u1eeb c\u1ed9ng \u0111\u1ed3ng. [Cal. Ed. Code Sec. 56345(d).]<\/p>\n\n\n\n<p>H\u1ecdc khu c\u0169ng ch\u1ecbu tr\u00e1ch nhi\u1ec7m \u0111\u1ea3m b\u1ea3o r\u1eb1ng m\u00e1y tr\u1ee3 th\u00ednh m\u00e0 h\u1ecdc sinh \u0111eo \u1edf tr\u01b0\u1eddng v\u00e0 c\u00e1c thi\u1ebft b\u1ecb y t\u1ebf \u0111\u01b0\u1ee3c c\u1ea5y gh\u00e9p (c\u1ea5y \u1ed1c tai \u0111i\u1ec7n t\u1eed) ho\u1ea1t \u0111\u1ed9ng \u201c\u0111\u00fang c\u00e1ch.\u201d Tuy nhi\u00ean, h\u1ecdc khu kh\u00f4ng ch\u1ecbu tr\u00e1ch nhi\u1ec7m b\u1ea3o tr\u00ec sau ph\u1eabu thu\u1eadt, l\u1eadp tr\u00ecnh ho\u1eb7c thay th\u1ebf c\u00e1c thi\u1ebft b\u1ecb n\u00e0y (ho\u1eb7c m\u1ed9t b\u1ed9 ph\u1eadn b\u00ean ngo\u00e0i thi\u1ebft b\u1ecb). [34 C.F.R. Sec. 300.113; Cal. Ed. Code Secs. 56345(d)(5)-(7).]<\/p>\n","protected":false},"excerpt":{"rendered":"<p>C\u00e1c quy \u0111\u1ecbnh c\u1ee7a li\u00ean bang y\u00eau c\u1ea7u nh\u00f3m IEP ph\u1ea3i xem x\u00e9t c\u00e1c y\u1ebfu t\u1ed1 \u0111\u1eb7c bi\u1ec7t khi ph\u00e1t tri\u1ec3n IEP cho h\u1ecdc sinh.&hellip;<\/p>\n","protected":false},"author":1,"featured_media":0,"parent":332,"menu_order":18,"comment_status":"closed","ping_status":"closed","template":"","meta":{"footnotes":""},"class_list":["post-1003","page","type-page","status-publish","hentry"],"_links":{"self":[{"href":"https:\/\/serr.disabilityrightsca.org\/vi\/wp-json\/wp\/v2\/pages\/1003","targetHints":{"allow":["GET"]}}],"collection":[{"href":"https:\/\/serr.disabilityrightsca.org\/vi\/wp-json\/wp\/v2\/pages"}],"about":[{"href":"https:\/\/serr.disabilityrightsca.org\/vi\/wp-json\/wp\/v2\/types\/page"}],"author":[{"embeddable":true,"href":"https:\/\/serr.disabilityrightsca.org\/vi\/wp-json\/wp\/v2\/users\/1"}],"replies":[{"embeddable":true,"href":"https:\/\/serr.disabilityrightsca.org\/vi\/wp-json\/wp\/v2\/comments?post=1003"}],"version-history":[{"count":3,"href":"https:\/\/serr.disabilityrightsca.org\/vi\/wp-json\/wp\/v2\/pages\/1003\/revisions"}],"predecessor-version":[{"id":3834,"href":"https:\/\/serr.disabilityrightsca.org\/vi\/wp-json\/wp\/v2\/pages\/1003\/revisions\/3834"}],"up":[{"embeddable":true,"href":"https:\/\/serr.disabilityrightsca.org\/vi\/wp-json\/wp\/v2\/pages\/332"}],"wp:attachment":[{"href":"https:\/\/serr.disabilityrightsca.org\/vi\/wp-json\/wp\/v2\/media?parent=1003"}],"curies":[{"name":"wp","href":"https:\/\/api.w.org\/{rel}","templated":true}]}}