{"id":1008,"date":"2019-07-18T12:41:00","date_gmt":"2019-07-18T19:41:00","guid":{"rendered":"http:\/\/www.rula.disabilityrightsca.org\/serr\/vi\/?page_id=1008"},"modified":"2021-02-02T12:44:42","modified_gmt":"2021-02-02T20:44:42","slug":"4-20-co-dich-vu-hay-yeu-to-dac-biet-nao-khac-phai-duoc-xem-xet-va-dua-vao-iep-neu-phu-hop-voi-hoc-sinh-khong","status":"publish","type":"page","link":"https:\/\/serr.disabilityrightsca.org\/vi\/serr-manual\/chuong-4-thong-tin-ve-quy-trinh-iep\/4-20-co-dich-vu-hay-yeu-to-dac-biet-nao-khac-phai-duoc-xem-xet-va-dua-vao-iep-neu-phu-hop-voi-hoc-sinh-khong\/","title":{"rendered":"(4.20) C\u00f3 d\u1ecbch v\u1ee5 hay y\u1ebfu t\u1ed1 \u0111\u1eb7c bi\u1ec7t n\u00e0o kh\u00e1c ph\u1ea3i \u0111\u01b0\u1ee3c xem x\u00e9t v\u00e0 \u0111\u01b0a v\u00e0o IEP n\u1ebfu ph\u00f9 h\u1ee3p v\u1edbi h\u1ecdc sinh kh\u00f4ng?"},"content":{"rendered":"\n<p>C\u00f3. Nh\u00f3m IEP ph\u1ea3i xem x\u00e9t, khi ph\u00f9 h\u1ee3p:<\/p>\n\n\n\n<p>(1)&nbsp; C\u00e1c chi\u1ebfn l\u01b0\u1ee3c, bao g\u1ed3m c\u00e1c can thi\u1ec7p h\u00e0nh vi t\u00edch c\u1ef1c v\u00e0 s\u1ef1 h\u1ed7 tr\u1ee3 \u0111\u1ec3 x\u1eed l\u00fd h\u00e0nh vi c\u1ee7a h\u1ecdc sinh m\u00e0 c\u00f3 h\u00e0nh vi c\u1ea3n tr\u1edf vi\u1ec7c h\u1ecdc c\u1ee7a ch\u00ednh h\u1ecdc sinh \u0111\u00f3 ho\u1eb7c c\u1ee7a ng\u01b0\u1eddi kh\u00e1c;<\/p>\n\n\n\n<p>(2)&nbsp; H\u01b0\u1edbng d\u1eabn b\u1eb1ng ch\u1eef n\u1ed5i Braille v\u00e0 s\u1eed d\u1ee5ng ch\u1eef n\u1ed5i Braille \u0111\u1ed1i v\u1edbi h\u1ecdc sinh b\u1ecb m\u00f9 ho\u1eb7c khi\u1ebfm th\u1ecb, tr\u1eeb khi nh\u00f3m IEP x\u00e1c \u0111\u1ecbnh, sau khi \u0111\u00e1nh gi\u00e1 k\u1ef9 n\u0103ng \u0111\u1ecdc vi\u1ebft, nhu c\u1ea7u c\u1ee7a h\u1ecdc sinh v\u00e0 ph\u01b0\u01a1ng ti\u1ec7n \u0111\u1ecdc vi\u1ebft ph\u00f9 h\u1ee3p, r\u1eb1ng \u0111i\u1ec1u n\u00e0y kh\u00f4ng ph\u00f9 h\u1ee3p;<\/p>\n\n\n\n<p>(3)&nbsp; Nhu c\u1ea7u giao ti\u1ebfp, v\u00e0 \u0111\u1ed1i v\u1edbi m\u1ed9t h\u1ecdc sinh b\u1ecb \u0111i\u1ebfc ho\u1eb7c kh\u00f3 nghe, h\u00e3y xem x\u00e9t nhu c\u1ea7u giao ti\u1ebfp v\u00e0 ng\u00f4n ng\u1eef c\u1ee7a h\u1ecdc sinh, c\u01a1 h\u1ed9i giao ti\u1ebfp tr\u1ef1c ti\u1ebfp v\u1edbi b\u1ea1n b\u00e8 v\u00e0 nh\u00e2n vi\u00ean chuy\u00ean tr\u00e1ch trong ph\u01b0\u01a1ng th\u1ee9c giao ti\u1ebfp v\u00e0 ng\u00f4n ng\u1eef c\u1ee7a h\u1ecdc sinh; tr\u00ecnh \u0111\u1ed9 h\u1ecdc thu\u1eadt; v\u00e0 \u0111\u1ea7y \u0111\u1ee7 c\u00e1c nhu c\u1ea7u, bao g\u1ed3m c\u00e1c c\u01a1 h\u1ed9i h\u01b0\u1edbng d\u1eabn tr\u1ef1c ti\u1ebfp trong ph\u01b0\u01a1ng th\u1ee9c giao ti\u1ebfp v\u00e0 ng\u00f4n ng\u1eef c\u1ee7a h\u1ecdc sinh;<\/p>\n\n\n\n<p>(4)&nbsp; H\u1ecdc sinh c\u00f3 c\u1ea7n c\u00e1c thi\u1ebft b\u1ecb v\u00e0 d\u1ecbch v\u1ee5 c\u00f4ng ngh\u1ec7 h\u1ed7 tr\u1ee3 hay kh\u00f4ng;<\/p>\n\n\n\n<p>(5)&nbsp; C\u00e1c ph\u01b0\u01a1ng ti\u1ec7n v\u00e0 ph\u01b0\u01a1ng th\u1ee9c thay th\u1ebf c\u1ea7n thi\u1ebft cho h\u1ecdc sinh l\u1edbp 7-12 \u0111\u1ec3 ho\u00e0n th\u00e0nh kh\u00f3a h\u1ecdc c\u1ee7a h\u1ecdc khu v\u00e0 \u0111\u00e1p \u1ee9ng c\u00e1c ti\u00eau chu\u1ea9n th\u00e0nh th\u1ea1o \u0111\u1ec3 t\u1ed1t nghi\u1ec7p;<\/p>\n\n\n\n<p>(6)&nbsp; M\u1ee5c \u0111\u00edch, m\u1ee5c ti\u00eau, ch\u01b0\u01a1ng tr\u00ecnh v\u00e0 d\u1ecbch v\u1ee5 ph\u00f9 h\u1ee3p v\u1ec1 m\u1eb7t ng\u00f4n ng\u1eef, \u0111\u1ed1i v\u1edbi h\u1ecdc sinh c\u00f3 ng\u00f4n ng\u1eef m\u1eb9 \u0111\u1ebb kh\u00f4ng ph\u1ea3i l\u00e0 ti\u1ebfng Anh (ho\u1eb7c ng\u01b0\u1eddi h\u1ecdc ti\u1ebfng Anh);<\/p>\n\n\n\n<p>(7)&nbsp; C\u00e1c d\u1ecbch v\u1ee5, t\u00e0i li\u1ec7u v\u00e0 thi\u1ebft b\u1ecb chuy\u00ean d\u1ee5ng d\u00e0nh cho h\u1ecdc sinh khuy\u1ebft t\u1eadt t\u1ef7 l\u1ec7 m\u1eafc th\u1ea5p. [20 U.S.C. Sec. 1414(d)(3)(B), 34 C.F.R. Secs. 300.320 &amp; 300.324, Cal. Ed. Code Secs. 56341.1, 56345 &amp; 56345.1.]<\/p>\n","protected":false},"excerpt":{"rendered":"<p>C\u00f3. Nh\u00f3m IEP ph\u1ea3i xem x\u00e9t, khi ph\u00f9 h\u1ee3p: (1)&nbsp; C\u00e1c chi\u1ebfn l\u01b0\u1ee3c, bao g\u1ed3m c\u00e1c can thi\u1ec7p h\u00e0nh vi t\u00edch c\u1ef1c v\u00e0 s\u1ef1 h\u1ed7&hellip;<\/p>\n","protected":false},"author":1,"featured_media":0,"parent":332,"menu_order":20,"comment_status":"closed","ping_status":"closed","template":"","meta":{"footnotes":""},"class_list":["post-1008","page","type-page","status-publish","hentry"],"_links":{"self":[{"href":"https:\/\/serr.disabilityrightsca.org\/vi\/wp-json\/wp\/v2\/pages\/1008","targetHints":{"allow":["GET"]}}],"collection":[{"href":"https:\/\/serr.disabilityrightsca.org\/vi\/wp-json\/wp\/v2\/pages"}],"about":[{"href":"https:\/\/serr.disabilityrightsca.org\/vi\/wp-json\/wp\/v2\/types\/page"}],"author":[{"embeddable":true,"href":"https:\/\/serr.disabilityrightsca.org\/vi\/wp-json\/wp\/v2\/users\/1"}],"replies":[{"embeddable":true,"href":"https:\/\/serr.disabilityrightsca.org\/vi\/wp-json\/wp\/v2\/comments?post=1008"}],"version-history":[{"count":3,"href":"https:\/\/serr.disabilityrightsca.org\/vi\/wp-json\/wp\/v2\/pages\/1008\/revisions"}],"predecessor-version":[{"id":3837,"href":"https:\/\/serr.disabilityrightsca.org\/vi\/wp-json\/wp\/v2\/pages\/1008\/revisions\/3837"}],"up":[{"embeddable":true,"href":"https:\/\/serr.disabilityrightsca.org\/vi\/wp-json\/wp\/v2\/pages\/332"}],"wp:attachment":[{"href":"https:\/\/serr.disabilityrightsca.org\/vi\/wp-json\/wp\/v2\/media?parent=1008"}],"curies":[{"name":"wp","href":"https:\/\/api.w.org\/{rel}","templated":true}]}}