{"id":1018,"date":"2019-07-18T12:57:17","date_gmt":"2019-07-18T19:57:17","guid":{"rendered":"http:\/\/www.rula.disabilityrightsca.org\/serr\/vi\/?page_id=1018"},"modified":"2021-02-02T13:00:33","modified_gmt":"2021-02-02T21:00:33","slug":"4-25-iep-phai-giai-quyet-viec-con-toi-co-the-tham-gia-chuong-trinh-giang-day-chung-bat-ke-tinh-chat-va-muc-do-nghiem-trong-cua-tinh-trang-khuyet-tat-cua-con-va-moi-truong-ma-con-duoc-giao-duc-phai-k","status":"publish","type":"page","link":"https:\/\/serr.disabilityrightsca.org\/vi\/serr-manual\/chuong-4-thong-tin-ve-quy-trinh-iep\/4-25-iep-phai-giai-quyet-viec-con-toi-co-the-tham-gia-chuong-trinh-giang-day-chung-bat-ke-tinh-chat-va-muc-do-nghiem-trong-cua-tinh-trang-khuyet-tat-cua-con-va-moi-truong-ma-con-duoc-giao-duc-phai-k\/","title":{"rendered":"(4.25) IEP ph\u1ea3i gi\u1ea3i quy\u1ebft vi\u1ec7c con t\u00f4i c\u00f3 th\u1ec3 tham gia ch\u01b0\u01a1ng tr\u00ecnh gi\u1ea3ng d\u1ea1y chung b\u1ea5t k\u1ec3 t\u00ednh ch\u1ea5t v\u00e0 m\u1ee9c \u0111\u1ed9 nghi\u00eam tr\u1ecdng c\u1ee7a t\u00ecnh tr\u1ea1ng khuy\u1ebft t\u1eadt c\u1ee7a con v\u00e0 m\u00f4i tr\u01b0\u1eddng m\u00e0 con \u0111\u01b0\u1ee3c gi\u00e1o d\u1ee5c ph\u1ea3i kh\u00f4ng?"},"content":{"rendered":"\n<p>C\u00f3. Ngay c\u1ea3 nh\u1eefng h\u1ecdc sinh khuy\u1ebft t\u1eadt \u201cnghi\u00eam tr\u1ecdng\u201d v\u00e0 nh\u1eefng tr\u1ebb \u1edf c\u00e1c v\u1ecb tr\u00ed h\u1ea1n ch\u1ebf h\u01a1n c\u0169ng \u0111\u1ec1u ph\u1ea3i c\u00f3 IEP gi\u1ea3i quy\u1ebft c\u00e1ch tr\u1ebb s\u1ebd tham gia v\u00e0 ti\u1ebfn b\u1ed9 trong ch\u01b0\u01a1ng tr\u00ecnh gi\u1ea3ng d\u1ea1y ph\u1ed5 th\u00f4ng. Do \u0111\u00f3, IEP kh\u00f4ng n\u00ean gi\u1edbi h\u1ea1n \u1edf c\u00e1c k\u1ef9 n\u0103ng s\u1ed1ng v\u00e0 c\u00e1c ho\u1ea1t \u0111\u1ed9ng t\u1ef1 tr\u1ee3 gi\u00fap m\u00e0 c\u00f2n ph\u1ea3i bao g\u1ed3m c\u00e1c m\u1ee5c ti\u00eau cho ph\u00e9p m\u1ecdi h\u1ecdc sinh \u0111\u01b0\u1ee3c ti\u1ebfp c\u1eadn v\u00e0 ti\u1ebfn b\u1ed9 trong ch\u01b0\u01a1ng tr\u00ecnh gi\u1ea3ng d\u1ea1y chung. [34 C.F.R. Sec. 300,320(a)(4).]<\/p>\n","protected":false},"excerpt":{"rendered":"<p>C\u00f3. Ngay c\u1ea3 nh\u1eefng h\u1ecdc sinh khuy\u1ebft t\u1eadt \u201cnghi\u00eam tr\u1ecdng\u201d v\u00e0 nh\u1eefng tr\u1ebb \u1edf c\u00e1c v\u1ecb tr\u00ed h\u1ea1n ch\u1ebf h\u01a1n c\u0169ng \u0111\u1ec1u ph\u1ea3i c\u00f3 IEP&hellip;<\/p>\n","protected":false},"author":1,"featured_media":0,"parent":332,"menu_order":25,"comment_status":"closed","ping_status":"closed","template":"","meta":{"footnotes":""},"class_list":["post-1018","page","type-page","status-publish","hentry"],"_links":{"self":[{"href":"https:\/\/serr.disabilityrightsca.org\/vi\/wp-json\/wp\/v2\/pages\/1018","targetHints":{"allow":["GET"]}}],"collection":[{"href":"https:\/\/serr.disabilityrightsca.org\/vi\/wp-json\/wp\/v2\/pages"}],"about":[{"href":"https:\/\/serr.disabilityrightsca.org\/vi\/wp-json\/wp\/v2\/types\/page"}],"author":[{"embeddable":true,"href":"https:\/\/serr.disabilityrightsca.org\/vi\/wp-json\/wp\/v2\/users\/1"}],"replies":[{"embeddable":true,"href":"https:\/\/serr.disabilityrightsca.org\/vi\/wp-json\/wp\/v2\/comments?post=1018"}],"version-history":[{"count":3,"href":"https:\/\/serr.disabilityrightsca.org\/vi\/wp-json\/wp\/v2\/pages\/1018\/revisions"}],"predecessor-version":[{"id":3843,"href":"https:\/\/serr.disabilityrightsca.org\/vi\/wp-json\/wp\/v2\/pages\/1018\/revisions\/3843"}],"up":[{"embeddable":true,"href":"https:\/\/serr.disabilityrightsca.org\/vi\/wp-json\/wp\/v2\/pages\/332"}],"wp:attachment":[{"href":"https:\/\/serr.disabilityrightsca.org\/vi\/wp-json\/wp\/v2\/media?parent=1018"}],"curies":[{"name":"wp","href":"https:\/\/api.w.org\/{rel}","templated":true}]}}