{"id":1020,"date":"2019-07-18T12:58:16","date_gmt":"2019-07-18T19:58:16","guid":{"rendered":"http:\/\/www.rula.disabilityrightsca.org\/serr\/vi\/?page_id=1020"},"modified":"2021-02-02T13:01:21","modified_gmt":"2021-02-02T21:01:21","slug":"4-26-iep-danh-cho-hoc-sinh-khuyet-tat-phai-bao-gom-cac-muc-tieu-hang-nam-giai-quyet-tat-ca-cac-linh-vuc-cua-chuong-trinh-giang-day-chung-phai-khong","status":"publish","type":"page","link":"https:\/\/serr.disabilityrightsca.org\/vi\/serr-manual\/chuong-4-thong-tin-ve-quy-trinh-iep\/4-26-iep-danh-cho-hoc-sinh-khuyet-tat-phai-bao-gom-cac-muc-tieu-hang-nam-giai-quyet-tat-ca-cac-linh-vuc-cua-chuong-trinh-giang-day-chung-phai-khong\/","title":{"rendered":"(4.26) IEP d\u00e0nh cho h\u1ecdc sinh khuy\u1ebft t\u1eadt ph\u1ea3i bao g\u1ed3m c\u00e1c m\u1ee5c ti\u00eau h\u00e0ng n\u0103m gi\u1ea3i quy\u1ebft t\u1ea5t c\u1ea3 c\u00e1c l\u0129nh v\u1ef1c c\u1ee7a ch\u01b0\u01a1ng tr\u00ecnh gi\u1ea3ng d\u1ea1y chung ph\u1ea3i kh\u00f4ng?"},"content":{"rendered":"\n<p>Kh\u00f4ng. IEP ch\u1ec9 c\u1ea7n gi\u1ea3i quy\u1ebft c\u00e1c l\u0129nh v\u1ef1c trong ch\u01b0\u01a1ng tr\u00ecnh gi\u1ea3ng d\u1ea1y chung ch\u1ecbu \u1ea3nh h\u01b0\u1edfng b\u1edfi t\u00ecnh tr\u1ea1ng khuy\u1ebft t\u1eadt c\u1ee7a h\u1ecdc sinh. N\u1ebfu khuy\u1ebft t\u1eadt c\u1ee7a con qu\u00fd v\u1ecb \u1ea3nh h\u01b0\u1edfng \u0111\u1ebfn kh\u1ea3 n\u0103ng \u0111\u1ecdc v\u00e0 vi\u1ebft nh\u01b0ng kh\u00f4ng \u1ea3nh h\u01b0\u1edfng \u0111\u1ebfn k\u1ef9 n\u0103ng l\u00e0m to\u00e1n, th\u00ec kh\u00f4ng y\u00eau c\u1ea7u c\u00f3 m\u1ee5c ti\u00eau v\u1ec1 m\u00f4n to\u00e1n chung trong ch\u01b0\u01a1ng tr\u00ecnh gi\u00e1o d\u1ee5c chung. Khi\u1ebfm khuy\u1ebft ch\u1ee9c n\u0103ng \u1ea3nh h\u01b0\u1edfng \u0111\u1ebfn t\u1ea5t c\u1ea3 ho\u1eb7c ph\u1ea7n l\u1edbn ch\u01b0\u01a1ng tr\u00ecnh gi\u1ea3ng d\u1ea1y chung c\u0169ng c\u00f3 th\u1ec3 \u0111\u01b0\u1ee3c gi\u1ea3i quy\u1ebft b\u1eb1ng c\u00e1ch cung c\u1ea5p c\u00e1c \u0111i\u1ec1u ch\u1ec9nh ho\u1eb7c s\u1eeda \u0111\u1ed5i ph\u00f9 h\u1ee3p cho h\u1ecdc sinh trong l\u1edbp h\u1ecdc gi\u00e1o d\u1ee5c ph\u1ed5 th\u00f4ng. V\u00ed d\u1ee5: m\u1ed9t h\u1ecdc sinh hay m\u1ea5t t\u1eadp trung c\u00f3 th\u1ec3 \u0111\u01b0\u1ee3c x\u1ebfp ng\u1ed3i \u1edf h\u00e0ng gh\u1ebf \u0111\u1ea7u trong l\u1edbp h\u1ecdc, ho\u1eb7c m\u1ed9t h\u1ecdc sinh g\u1eb7p kh\u00f3 kh\u0103n v\u1ec1 x\u1eed l\u00fd \u00e2m thanh c\u00f3 th\u1ec3 \u0111\u01b0\u1ee3c cung c\u1ea5p m\u00e1y ghi ch\u00fa cho h\u1ecdc sinh. Xem Ch\u01b0\u01a1ng 7, <em>Th\u00f4ng Tin v\u1ec1 M\u00f4i Tr\u01b0\u1eddng \u00cdt H\u1ea1n Ch\u1ebf Nh\u1ea5t<\/em>.<\/p>\n","protected":false},"excerpt":{"rendered":"<p>Kh\u00f4ng. IEP ch\u1ec9 c\u1ea7n gi\u1ea3i quy\u1ebft c\u00e1c l\u0129nh v\u1ef1c trong ch\u01b0\u01a1ng tr\u00ecnh gi\u1ea3ng d\u1ea1y chung ch\u1ecbu \u1ea3nh h\u01b0\u1edfng b\u1edfi t\u00ecnh tr\u1ea1ng khuy\u1ebft t\u1eadt c\u1ee7a h\u1ecdc&hellip;<\/p>\n","protected":false},"author":1,"featured_media":0,"parent":332,"menu_order":26,"comment_status":"closed","ping_status":"closed","template":"","meta":{"footnotes":""},"class_list":["post-1020","page","type-page","status-publish","hentry"],"_links":{"self":[{"href":"https:\/\/serr.disabilityrightsca.org\/vi\/wp-json\/wp\/v2\/pages\/1020","targetHints":{"allow":["GET"]}}],"collection":[{"href":"https:\/\/serr.disabilityrightsca.org\/vi\/wp-json\/wp\/v2\/pages"}],"about":[{"href":"https:\/\/serr.disabilityrightsca.org\/vi\/wp-json\/wp\/v2\/types\/page"}],"author":[{"embeddable":true,"href":"https:\/\/serr.disabilityrightsca.org\/vi\/wp-json\/wp\/v2\/users\/1"}],"replies":[{"embeddable":true,"href":"https:\/\/serr.disabilityrightsca.org\/vi\/wp-json\/wp\/v2\/comments?post=1020"}],"version-history":[{"count":5,"href":"https:\/\/serr.disabilityrightsca.org\/vi\/wp-json\/wp\/v2\/pages\/1020\/revisions"}],"predecessor-version":[{"id":3844,"href":"https:\/\/serr.disabilityrightsca.org\/vi\/wp-json\/wp\/v2\/pages\/1020\/revisions\/3844"}],"up":[{"embeddable":true,"href":"https:\/\/serr.disabilityrightsca.org\/vi\/wp-json\/wp\/v2\/pages\/332"}],"wp:attachment":[{"href":"https:\/\/serr.disabilityrightsca.org\/vi\/wp-json\/wp\/v2\/media?parent=1020"}],"curies":[{"name":"wp","href":"https:\/\/api.w.org\/{rel}","templated":true}]}}